{"id":3086,"date":"2021-10-21T12:58:59","date_gmt":"2021-10-21T10:58:59","guid":{"rendered":"https:\/\/antcube.shop\/produkt\/korkgranulat-fein-20g\/"},"modified":"2026-04-04T12:46:26","modified_gmt":"2026-04-04T10:46:26","slug":"korkgranulat-fein-20g","status":"publish","type":"product","link":"https:\/\/antcube.shop\/ro\/produs\/korkgranulat-fein-20g\/","title":{"rendered":"Plut\u0103 granule fine 20g"},"content":{"rendered":"<p><strong>Con\u021binut\/volum:<\/strong> 20g \/ ~200ml<\/p>\n<p><strong>Dimensiunea granulelor:<\/strong> 0,5 - 1 mm<\/p>\n<p><strong>Descriere:<\/strong> Granulatul de plut\u0103 se ob\u021bine din scoar\u021ba inferioar\u0103 a stejarului de plut\u0103. Este un substrat excelent \u0219i natural pentru multe specii de furnici care tr\u0103iesc \u00een p\u0103duri \u0219i savane. Poate fi folosit foarte bine ca material de umplutur\u0103 pentru cuiburile de plut\u0103.<\/p>","protected":false},"excerpt":{"rendered":"<p><span style=\"color: #000000;\">Granula\u021bie: 0,5 - 1 mm<\/span><\/p>","protected":false},"featured_media":2995,"comment_status":"open","ping_status":"closed","template":"","meta":{"_acf_changed":false,"content-type":"","_monsterinsights_skip_tracking":false,"_monsterinsights_sitenote_active":false,"_monsterinsights_sitenote_note":"","_monsterinsights_sitenote_category":0},"product_brand":[],"product_cat":[240],"product_tag":[],"class_list":{"0":"post-3086","1":"product","2":"type-product","3":"status-publish","4":"has-post-thumbnail","6":"product_cat-cork-nest-filling","8":"first","9":"instock","10":"taxable","11":"shipping-taxable","12":"purchasable","13":"product-type-simple"},"acf":[],"aioseo_notices":[],"jetpack_sharing_enabled":true,"_links":{"self":[{"href":"https:\/\/antcube.shop\/ro\/wp-json\/wp\/v2\/product\/3086","targetHints":{"allow":["GET"]}}],"collection":[{"href":"https:\/\/antcube.shop\/ro\/wp-json\/wp\/v2\/product"}],"about":[{"href":"https:\/\/antcube.shop\/ro\/wp-json\/wp\/v2\/types\/product"}],"replies":[{"embeddable":true,"href":"https:\/\/antcube.shop\/ro\/wp-json\/wp\/v2\/comments?post=3086"}],"wp:featuredmedia":[{"embeddable":true,"href":"https:\/\/antcube.shop\/ro\/wp-json\/wp\/v2\/media\/2995"}],"wp:attachment":[{"href":"https:\/\/antcube.shop\/ro\/wp-json\/wp\/v2\/media?parent=3086"}],"wp:term":[{"taxonomy":"product_brand","embeddable":true,"href":"https:\/\/antcube.shop\/ro\/wp-json\/wp\/v2\/product_brand?post=3086"},{"taxonomy":"product_cat","embeddable":true,"href":"https:\/\/antcube.shop\/ro\/wp-json\/wp\/v2\/product_cat?post=3086"},{"taxonomy":"product_tag","embeddable":true,"href":"https:\/\/antcube.shop\/ro\/wp-json\/wp\/v2\/product_tag?post=3086"}],"curies":[{"name":"wp","href":"https:\/\/api.w.org\/{rel}","templated":true}]}}