{"id":2871,"date":"2021-10-13T18:46:51","date_gmt":"2021-10-13T16:46:51","guid":{"rendered":"https:\/\/antcube.shop\/produkt\/beckenverbinder-b-27-und-s-10-16-mm-m25-set\/"},"modified":"2026-04-04T20:31:08","modified_gmt":"2026-04-04T18:31:08","slug":"beckenverbinder-b-27-und-s-10-16-mm-m25-set","status":"publish","type":"product","link":"https:\/\/antcube.shop\/ro\/produs\/beckenverbinder-b-27-und-s-10-16-mm-m25-set\/","title":{"rendered":"Conector pentru bazin B-27 \u0219i S-10-16 mm M25 - set"},"content":{"rendered":"<p><strong>Dimensiuni:<\/strong> pentru alezaj 27 \u0219i furtun 10-16 mm<\/p>\n<p><strong>Cuprins:<\/strong><br \/>\n1x adaptor cu \u0219urub<br \/>\n1x piuli\u021b\u0103 de blocare<\/p>\n<p><strong>Descriere:<\/strong> Acest conector de bazin se introduce prin gaur\u0103 \u0219i se \u00een\u0219urubeaz\u0103 cu ajutorul piuli\u021bei de blocare inclus\u0103. Acest lucru asigur\u0103 c\u0103 conexiunea este rezistent\u0103 la rupere \u0219i, de asemenea, se men\u021bine \u00een siguran\u021b\u0103 la mutarea bazinelor. La cel\u0103lalt cap\u0103t se introduce un furtun adecvat.<\/p>","protected":false},"excerpt":{"rendered":"<p>Dimensiuni: pentru alezaj 27 \u0219i furtun 10-16 mm Con\u021bine: 1x adaptor cu \u0219urub 1x piuli\u021b\u0103 de blocare Descriere: 1 x adaptor cu \u0219urub 1x piuli\u021b\u0103 de blocare: Acest conector de bazin, se introduce prin orificiu \u0219i se \u00een\u0219urubeaz\u0103 cu piuli\u021ba de blocare inclus\u0103. Acest lucru asigur\u0103 c\u0103 conexiunea este rezistent\u0103 la rupere \u0219i, de asemenea, se men\u021bine \u00een siguran\u021b\u0103 atunci c\u00e2nd se mut\u0103 bazinele. La cel\u0103lalt cap\u0103t se introduce un furtun adecvat.<\/p>","protected":false},"featured_media":2991,"comment_status":"open","ping_status":"closed","template":"","meta":{"_acf_changed":false,"content-type":"","_monsterinsights_skip_tracking":false,"_monsterinsights_sitenote_active":false,"_monsterinsights_sitenote_note":"","_monsterinsights_sitenote_category":0},"product_brand":[],"product_cat":[121],"product_tag":[],"class_list":{"0":"post-2871","1":"product","2":"type-product","3":"status-publish","4":"has-post-thumbnail","6":"product_cat-connectors","8":"first","9":"instock","10":"taxable","11":"shipping-taxable","12":"purchasable","13":"product-type-simple"},"acf":[],"aioseo_notices":[],"jetpack_sharing_enabled":true,"_links":{"self":[{"href":"https:\/\/antcube.shop\/ro\/wp-json\/wp\/v2\/product\/2871","targetHints":{"allow":["GET"]}}],"collection":[{"href":"https:\/\/antcube.shop\/ro\/wp-json\/wp\/v2\/product"}],"about":[{"href":"https:\/\/antcube.shop\/ro\/wp-json\/wp\/v2\/types\/product"}],"replies":[{"embeddable":true,"href":"https:\/\/antcube.shop\/ro\/wp-json\/wp\/v2\/comments?post=2871"}],"wp:featuredmedia":[{"embeddable":true,"href":"https:\/\/antcube.shop\/ro\/wp-json\/wp\/v2\/media\/2991"}],"wp:attachment":[{"href":"https:\/\/antcube.shop\/ro\/wp-json\/wp\/v2\/media?parent=2871"}],"wp:term":[{"taxonomy":"product_brand","embeddable":true,"href":"https:\/\/antcube.shop\/ro\/wp-json\/wp\/v2\/product_brand?post=2871"},{"taxonomy":"product_cat","embeddable":true,"href":"https:\/\/antcube.shop\/ro\/wp-json\/wp\/v2\/product_cat?post=2871"},{"taxonomy":"product_tag","embeddable":true,"href":"https:\/\/antcube.shop\/ro\/wp-json\/wp\/v2\/product_tag?post=2871"}],"curies":[{"name":"wp","href":"https:\/\/api.w.org\/{rel}","templated":true}]}}