{"id":2870,"date":"2021-10-13T18:46:41","date_gmt":"2021-10-13T16:46:41","guid":{"rendered":"https:\/\/antcube.shop\/produkt\/formicarienunterlage-20x20cm\/"},"modified":"2026-04-10T18:11:20","modified_gmt":"2026-04-10T16:11:20","slug":"formicarienunterlage-20x20cm","status":"publish","type":"product","link":"https:\/\/antcube.shop\/ro\/produs\/formicarienunterlage-20x20cm\/","title":{"rendered":"Formicarium pad - 20x20cm"},"content":{"rendered":"<p><strong>Dimensiuni:<\/strong> 200 x 200 x 4mm<\/p>\n<p><strong>Material:<\/strong> spum\u0103 PE<\/p>\n<p><strong>Culoare:<\/strong> gri<\/p>\n<p><strong>Con\u021binut:<\/strong> 1 buc.<\/p>\n<p><strong>Descriere:<\/strong><br \/>\nPernu\u021ba pentru formicarium este confec\u021bionat\u0103 dintr-un material de spum\u0103 moale.<br \/>\nAcesta protejeaz\u0103 formicarul, precum \u0219i piesa de mobilier pe care se afl\u0103 formicarul, de zg\u00e2rieturi.<br \/>\n\u00cen plus, pl\u0103cu\u021ba serve\u0219te ca izola\u021bie termic\u0103 pentru a compensa cele mai mici denivel\u0103ri \u0219i, de asemenea, protejeaz\u0103 \u00eempotriva vibra\u021biilor.<\/p>","protected":false},"excerpt":{"rendered":"<p>Dimensiuni: 400 x 200 x 4mm Material: Spum\u0103 PE Culoare: gri Con\u021binut: gri: 1 buc. Descriere: Tamponul pentru formicarium este fabricat dintr-un material de spum\u0103 moale. Acesta protejeaz\u0103 formicariul, precum \u0219i piesa de mobilier pe care se afl\u0103 formicariul, de zg\u00e2rieturi. \u00cen plus, pernu\u021ba serve\u0219te ca izola\u021bie termic\u0103 pentru a compensa","protected":false},"featured_media":313,"comment_status":"open","ping_status":"closed","template":"","meta":{"_acf_changed":false,"content-type":"","_monsterinsights_skip_tracking":false,"_monsterinsights_sitenote_active":false,"_monsterinsights_sitenote_note":"","_monsterinsights_sitenote_category":0},"product_brand":[],"product_cat":[119,239],"product_tag":[],"class_list":{"0":"post-2870","1":"product","2":"type-product","3":"status-publish","4":"has-post-thumbnail","6":"product_cat-formicarium-components","7":"product_cat-useful-additions","9":"first","10":"instock","11":"taxable","12":"shipping-taxable","13":"purchasable","14":"product-type-simple"},"acf":[],"aioseo_notices":[],"jetpack_sharing_enabled":true,"_links":{"self":[{"href":"https:\/\/antcube.shop\/ro\/wp-json\/wp\/v2\/product\/2870","targetHints":{"allow":["GET"]}}],"collection":[{"href":"https:\/\/antcube.shop\/ro\/wp-json\/wp\/v2\/product"}],"about":[{"href":"https:\/\/antcube.shop\/ro\/wp-json\/wp\/v2\/types\/product"}],"replies":[{"embeddable":true,"href":"https:\/\/antcube.shop\/ro\/wp-json\/wp\/v2\/comments?post=2870"}],"wp:featuredmedia":[{"embeddable":true,"href":"https:\/\/antcube.shop\/ro\/wp-json\/wp\/v2\/media\/313"}],"wp:attachment":[{"href":"https:\/\/antcube.shop\/ro\/wp-json\/wp\/v2\/media?parent=2870"}],"wp:term":[{"taxonomy":"product_brand","embeddable":true,"href":"https:\/\/antcube.shop\/ro\/wp-json\/wp\/v2\/product_brand?post=2870"},{"taxonomy":"product_cat","embeddable":true,"href":"https:\/\/antcube.shop\/ro\/wp-json\/wp\/v2\/product_cat?post=2870"},{"taxonomy":"product_tag","embeddable":true,"href":"https:\/\/antcube.shop\/ro\/wp-json\/wp\/v2\/product_tag?post=2870"}],"curies":[{"name":"wp","href":"https:\/\/api.w.org\/{rel}","templated":true}]}}