{"id":2869,"date":"2021-10-13T18:46:31","date_gmt":"2021-10-13T16:46:31","guid":{"rendered":"https:\/\/antcube.shop\/produkt\/antcube-gipsnest-20x20-liegend\/"},"modified":"2026-03-30T20:07:30","modified_gmt":"2026-03-30T18:07:30","slug":"antcube-gipsnest-20x20-liegend","status":"publish","type":"product","link":"https:\/\/antcube.shop\/ro\/produs\/antcube-gipsnest-20x20-liegend\/","title":{"rendered":"ANTCUBE - cuib din ghips 20\u00d720 - culcat"},"content":{"rendered":"<p><strong>Dimensiuni:<\/strong><br \/>\n<strong>Cuib de ipsos: <\/strong>190 x 190 x 20mm<br \/>\n<strong>Capac de sticl\u0103:<\/strong> 179 x 179 x 4mm<\/p>\n<p><strong>Material:<\/strong> Tencuial\u0103<\/p>\n<p><strong>Cuprins:<\/strong><br \/>\n1x cuib de tencuial\u0103 20\u00d720 cu dou\u0103 prize de conectare M 10\/08<br \/>\n1x capac de sticl\u0103 cu gaur\u0103 de 50 mm<br \/>\n1x acrilic - inel 50mm pentru gaur\u0103 de 27mm<br \/>\n1x Formicarium baz\u0103 20\u00d720<br \/>\n2x capac de gril\u0103 - 10mm - o\u021bel inoxidabil<br \/>\n1x inser\u021bie de gril\u0103 - 27mm - o\u021bel inoxidabil<\/p>\n<p><strong>Descriere:<\/strong> Cuibul nostru de ipsos cu pasaje \u0219i camere prefabricate este potrivit pentru multe specii de furnici, \u00een special pentru speciile care \u00ee\u0219i construiesc cuiburile \u00een soluri foarte nisipoase sau pietruite. Are dou\u0103 prize de conectare ca acces la cuib. Tencuiala are proprietatea de a absorbi apa, astfel \u00eenc\u00e2t se stocheaz\u0103 o anumit\u0103 cantitate de umiditate. Cu toate acestea, cuibul de ipsos nu trebuie folosit \u00een permanen\u021b\u0103 umed, pentru c\u0103 altfel poate duce la apari\u021bia mucegaiului (prin resturile alimentare sau excrementele furnicilor). Prin urmare, dac\u0103 este posibil, ar trebui p\u0103strate aici specii din regiuni mai degrab\u0103 uscate. Acestea ar fi, de exemplu, specii din regiunile mediteraneene sau de\u0219ertice.<\/p>\n<p><strong>Not\u0103:<\/strong> Din cauza construc\u021biei, nu sunt potrivite pentru speciile foarte mici (de exemplu: specii Pheidole, specii Temnothorax), pot ap\u0103rea goluri de 0,3 - 0,5 mm.<\/p>\n<p>Not\u0103 privind prizele de conectare<br \/>\nAtunci c\u00e2nd ata\u0219a\u021bi sau deta\u0219a\u021bi furtunurile, v\u0103 rug\u0103m s\u0103 re\u021bine\u021bi urm\u0103toarele:<br \/>\n\u00cen cazul \u00een care tubulatura se potrive\u0219te foarte greu pe buc\u0219a conectorului, buc\u0219a trebuie s\u0103 fie frecat\u0103 u\u0219or cu o pic\u0103tur\u0103 din uleiul sau pulberea noastr\u0103 de protec\u021bie \u00eempotriva spargerii. Furtunul trebuie apoi \u00eempins pe buc\u0219\u0103 prin mi\u0219c\u0103ri de r\u0103sucire sau \u00een\u0219urubare, f\u0103r\u0103 a solicita buc\u0219a cu mi\u0219c\u0103ri de sus \u00een jos. Acela\u0219i lucru este valabil \u0219i pentru \u00eendep\u0103rtarea furtunurilor de pe buc\u0219a de conectare. V\u0103 rug\u0103m s\u0103 nu trage\u021bi pur \u0219i simplu!<\/p>\n<p>&nbsp;<\/p>\n<p>&nbsp;<\/p>","protected":false},"excerpt":{"rendered":"<p>Dimensiuni: Cuib de ipsos: 190 x 190 x 20mm Capac de sticl\u0103: 179 x 179 x 4mm Material: Tencuial\u0103 Con\u021binut: 1x cuib de ipsos 1x cuib de ipsos 20\u00d720 cu dou\u0103 prize de conectare M 10\/08 1x capac de sticl\u0103 cu gaur\u0103 de 50mm 1x acrilic - inel 50mm pentru gaur\u0103 de 27mm 1x baz\u0103 Formicarium 20\u00d720 2x capac gril\u0103 - 10mm - o\u021bel inoxidabil 1x [...]","protected":false},"featured_media":3194,"comment_status":"open","ping_status":"closed","template":"","meta":{"_acf_changed":false,"content-type":"","_monsterinsights_skip_tracking":false,"_monsterinsights_sitenote_active":false,"_monsterinsights_sitenote_note":"","_monsterinsights_sitenote_category":0},"product_brand":[],"product_cat":[80,86],"product_tag":[],"class_list":{"0":"post-2869","1":"product","2":"type-product","3":"status-publish","4":"has-post-thumbnail","6":"product_cat-antfarms","7":"product_cat-formicariums","9":"first","10":"instock","11":"taxable","12":"shipping-taxable","13":"purchasable","14":"product-type-simple"},"acf":[],"aioseo_notices":[],"jetpack_sharing_enabled":true,"_links":{"self":[{"href":"https:\/\/antcube.shop\/ro\/wp-json\/wp\/v2\/product\/2869","targetHints":{"allow":["GET"]}}],"collection":[{"href":"https:\/\/antcube.shop\/ro\/wp-json\/wp\/v2\/product"}],"about":[{"href":"https:\/\/antcube.shop\/ro\/wp-json\/wp\/v2\/types\/product"}],"replies":[{"embeddable":true,"href":"https:\/\/antcube.shop\/ro\/wp-json\/wp\/v2\/comments?post=2869"}],"wp:featuredmedia":[{"embeddable":true,"href":"https:\/\/antcube.shop\/ro\/wp-json\/wp\/v2\/media\/3194"}],"wp:attachment":[{"href":"https:\/\/antcube.shop\/ro\/wp-json\/wp\/v2\/media?parent=2869"}],"wp:term":[{"taxonomy":"product_brand","embeddable":true,"href":"https:\/\/antcube.shop\/ro\/wp-json\/wp\/v2\/product_brand?post=2869"},{"taxonomy":"product_cat","embeddable":true,"href":"https:\/\/antcube.shop\/ro\/wp-json\/wp\/v2\/product_cat?post=2869"},{"taxonomy":"product_tag","embeddable":true,"href":"https:\/\/antcube.shop\/ro\/wp-json\/wp\/v2\/product_tag?post=2869"}],"curies":[{"name":"wp","href":"https:\/\/api.w.org\/{rel}","templated":true}]}}