{"id":2868,"date":"2021-10-13T18:43:30","date_gmt":"2021-10-13T16:43:30","guid":{"rendered":"https:\/\/antcube.shop\/produkt\/antcube-gipsnest-20x20-stehend\/"},"modified":"2026-04-05T22:20:14","modified_gmt":"2026-04-05T20:20:14","slug":"antcube-gipsnest-20x20-stehend","status":"publish","type":"product","link":"https:\/\/antcube.shop\/ro\/produs\/antcube-gipsnest-20x20-stehend\/","title":{"rendered":"ANTCUBE - Cuib de gips 20\u00d720 - \u00een picioare"},"content":{"rendered":"<p><strong>Dimensiuni:<\/strong> 182 x 159 x 19,5 mm<\/p>\n<p><strong>Material:<\/strong> Gips\/ tencuial\u0103<\/p>\n<p>Se potrive\u0219te numai \u00een dimensiunea noastr\u0103 de furnici <strong>L<\/strong><\/p>\n<p><strong>Descriere:<\/strong> Cuibul nostru de ipsos cu pasaje \u0219i camere prefabricate este potrivit pentru multe specii de furnici, \u00een special pentru speciile care \u00ee\u0219i construiesc cuiburile \u00een soluri foarte nisipoase sau pietruite. Acesta are o gaur\u0103 pentru accesul la cuib. Tencuiala are proprietatea de a absorbi apa, astfel \u00eenc\u00e2t se stocheaz\u0103 o anumit\u0103 cantitate de umiditate. Cu toate acestea, cuibul de ipsos nu trebuie folosit \u00een permanen\u021b\u0103 umed, pentru c\u0103 altfel poate duce la apari\u021bia mucegaiului (prin resturile alimentare sau excrementele furnicilor). Prin urmare, dac\u0103 este posibil, ar trebui p\u0103strate aici specii din regiuni mai degrab\u0103 uscate. Acestea ar fi, de exemplu, speciile din regiunile mediteraneene sau de\u0219ertice.<\/p>\n<p>&nbsp;<\/p>","protected":false},"excerpt":{"rendered":"<p>Se potrive\u0219te numai \u00een dimensiunea noastr\u0103 de furnici <strong>L<\/strong><\/p>","protected":false},"featured_media":351,"comment_status":"open","ping_status":"closed","template":"","meta":{"_acf_changed":false,"content-type":"","_monsterinsights_skip_tracking":false,"_monsterinsights_sitenote_active":false,"_monsterinsights_sitenote_note":"","_monsterinsights_sitenote_category":0},"product_brand":[],"product_cat":[87,90],"product_tag":[],"class_list":{"0":"post-2868","1":"product","2":"type-product","3":"status-publish","4":"has-post-thumbnail","6":"product_cat-nest-insets","7":"product_cat-gypsum","9":"first","10":"instock","11":"taxable","12":"shipping-taxable","13":"purchasable","14":"product-type-simple"},"acf":[],"aioseo_notices":[],"jetpack_sharing_enabled":true,"_links":{"self":[{"href":"https:\/\/antcube.shop\/ro\/wp-json\/wp\/v2\/product\/2868","targetHints":{"allow":["GET"]}}],"collection":[{"href":"https:\/\/antcube.shop\/ro\/wp-json\/wp\/v2\/product"}],"about":[{"href":"https:\/\/antcube.shop\/ro\/wp-json\/wp\/v2\/types\/product"}],"replies":[{"embeddable":true,"href":"https:\/\/antcube.shop\/ro\/wp-json\/wp\/v2\/comments?post=2868"}],"wp:featuredmedia":[{"embeddable":true,"href":"https:\/\/antcube.shop\/ro\/wp-json\/wp\/v2\/media\/351"}],"wp:attachment":[{"href":"https:\/\/antcube.shop\/ro\/wp-json\/wp\/v2\/media?parent=2868"}],"wp:term":[{"taxonomy":"product_brand","embeddable":true,"href":"https:\/\/antcube.shop\/ro\/wp-json\/wp\/v2\/product_brand?post=2868"},{"taxonomy":"product_cat","embeddable":true,"href":"https:\/\/antcube.shop\/ro\/wp-json\/wp\/v2\/product_cat?post=2868"},{"taxonomy":"product_tag","embeddable":true,"href":"https:\/\/antcube.shop\/ro\/wp-json\/wp\/v2\/product_tag?post=2868"}],"curies":[{"name":"wp","href":"https:\/\/api.w.org\/{rel}","templated":true}]}}