{"id":2867,"date":"2021-10-13T18:43:10","date_gmt":"2021-10-13T16:43:10","guid":{"rendered":"https:\/\/antcube.shop\/produkt\/antcube-rote-folie-20x20-filter\/"},"modified":"2026-04-03T01:07:09","modified_gmt":"2026-04-02T23:07:09","slug":"antcube-rote-folie-20x20-filter","status":"publish","type":"product","link":"https:\/\/antcube.shop\/ro\/produs\/antcube-rote-folie-20x20-filter\/","title":{"rendered":"ANTCUBE - Film ro\u0219u 20\u00d720 - Filtru"},"content":{"rendered":"<p><strong>Dimensiuni:<\/strong> 19x16cm<\/p>\n<p><strong>Material:<\/strong> PVC<\/p>\n<p><strong>Descriere:<\/strong> Pelicula ro\u0219ie transparent\u0103 este folosit\u0103 pentru a da furnicilor senza\u021bia de subteran. Prin urmare, recomand\u0103m utilizarea acestui produs cel pu\u021bin par\u021bial \u00een zona cuibului. Cu toate acestea, pute\u021bi observa bine furnicile \u00een cuib. T\u0103iat cu precizie pentru ANTCUBE \"Furnicarul 20x20cm S\/M\/L - \u00een picioare\".<\/p>\n<p>Aceast\u0103 folie de filtru are un efect de filtrare a luminii mai bun dec\u00e2t folia de acoperire normal\u0103. Rezistent\u0103 la temperaturi de p\u00e2n\u0103 la 180\u00b0C<\/p>\n<p>Folia de filtru rezist\u0103 la o ap\u0103sare u\u0219oar\u0103 chiar \u0219i singur\u0103 la ferm\u0103 sau \u00een zona cuibului. Alternativ, pentru fixare este potrivit\u0103 banda adeziv\u0103 transparent\u0103. Pur \u0219i simplu se fixeaz\u0103 cu dou\u0103 benzi mici la col\u021burile superioare, astfel \u00eenc\u00e2t folia s\u0103 poat\u0103 fi ridicat\u0103 ulterior pentru o mai bun\u0103 vizibilitate \u00een zona cuibului.<\/p>","protected":false},"excerpt":{"rendered":"<p>Dimensiuni: 39x19cm Material: PVC Descriere: Folia transparent\u0103 ro\u0219ie este folosit\u0103 pentru a da furnicilor senza\u021bia de subteran. Prin urmare, recomand\u0103m utilizarea acestui produs cel pu\u021bin par\u021bial \u00een zona cuibului. Cu toate acestea, pute\u021bi observa bine furnicile \u00een cuib. T\u0103iat cu precizie pentru ANTCUBE \"Ferma de furnici 40x20cm S\/M\/L - \u00een picioare\". Aceast\u0103 folie de filtrare","protected":false},"featured_media":5105,"comment_status":"open","ping_status":"closed","template":"","meta":{"_acf_changed":false,"content-type":"","_monsterinsights_skip_tracking":false,"_monsterinsights_sitenote_active":false,"_monsterinsights_sitenote_note":"","_monsterinsights_sitenote_category":0},"product_brand":[],"product_cat":[119,239],"product_tag":[],"class_list":{"0":"post-2867","1":"product","2":"type-product","3":"status-publish","4":"has-post-thumbnail","6":"product_cat-formicarium-components","7":"product_cat-useful-additions","9":"first","10":"instock","11":"taxable","12":"shipping-taxable","13":"purchasable","14":"product-type-simple"},"acf":[],"aioseo_notices":[],"jetpack_sharing_enabled":true,"_links":{"self":[{"href":"https:\/\/antcube.shop\/ro\/wp-json\/wp\/v2\/product\/2867","targetHints":{"allow":["GET"]}}],"collection":[{"href":"https:\/\/antcube.shop\/ro\/wp-json\/wp\/v2\/product"}],"about":[{"href":"https:\/\/antcube.shop\/ro\/wp-json\/wp\/v2\/types\/product"}],"replies":[{"embeddable":true,"href":"https:\/\/antcube.shop\/ro\/wp-json\/wp\/v2\/comments?post=2867"}],"wp:featuredmedia":[{"embeddable":true,"href":"https:\/\/antcube.shop\/ro\/wp-json\/wp\/v2\/media\/5105"}],"wp:attachment":[{"href":"https:\/\/antcube.shop\/ro\/wp-json\/wp\/v2\/media?parent=2867"}],"wp:term":[{"taxonomy":"product_brand","embeddable":true,"href":"https:\/\/antcube.shop\/ro\/wp-json\/wp\/v2\/product_brand?post=2867"},{"taxonomy":"product_cat","embeddable":true,"href":"https:\/\/antcube.shop\/ro\/wp-json\/wp\/v2\/product_cat?post=2867"},{"taxonomy":"product_tag","embeddable":true,"href":"https:\/\/antcube.shop\/ro\/wp-json\/wp\/v2\/product_tag?post=2867"}],"curies":[{"name":"wp","href":"https:\/\/api.w.org\/{rel}","templated":true}]}}