{"id":2865,"date":"2021-10-13T18:42:51","date_gmt":"2021-10-13T16:42:51","guid":{"rendered":"https:\/\/antcube.shop\/produkt\/futterspender-2ml-dosierbar\/"},"modified":"2026-04-12T19:16:10","modified_gmt":"2026-04-12T17:16:10","slug":"futterspender-2ml-dosierbar-2","status":"publish","type":"product","link":"https:\/\/antcube.shop\/ro\/produs\/futterspender-2ml-dosierbar-2\/","title":{"rendered":"Distribuitor de hran\u0103 2ml - dozabil"},"content":{"rendered":"<p><strong>Dimensiuni:<\/strong> 30x40x50 mm, 2 ml<\/p>\n<p><strong>Cuprins:<\/strong><br \/>\n1x picior cu 1x deschidere de 2,5 mm (1-2 mm pot fi dozate).<br \/>\n1x tub de hran\u0103 pentru furnici<\/p>\n<p><strong>Material:<\/strong> PMMA, PS<\/p>\n<p><strong>Descriere:<\/strong> Cu ajutorul acestui distribuitor, furnicile din interiorul unui formicar se pot hr\u0103ni singure cu hrana oferit\u0103. Ideal \u0219i pentru sezonul de vacan\u021b\u0103. Tuburile de 2 ml de hran\u0103 pentru furnici pot fi introduse \u00een baz\u0103. Datorit\u0103 ad\u00e2ncimii de introducere, se poate doza cantitatea de hran\u0103 disponibil\u0103. Dozatorul cu gura de ie\u0219ire de 2,5 mm l\u0103\u021bime este potrivit pentru toate alimentele noastre sub form\u0103 de pulbere, precum \u0219i pentru amestecurile de cereale minore \u0219i medii.<\/p>\n<p><strong>Culori:<\/strong> transparent<\/p>","protected":false},"excerpt":{"rendered":"<p>Dimensiuni: 30x40x50 mm, 2 ml<\/p>","protected":false},"featured_media":306,"comment_status":"open","ping_status":"closed","template":"","meta":{"_acf_changed":false,"content-type":"","_monsterinsights_skip_tracking":false,"_monsterinsights_sitenote_active":false,"_monsterinsights_sitenote_note":"","_monsterinsights_sitenote_category":0},"product_brand":[],"product_cat":[115,118],"product_tag":[],"class_list":{"0":"post-2865","1":"product","2":"type-product","3":"status-publish","4":"has-post-thumbnail","6":"product_cat-food-and-feeding","7":"product_cat-feeding-bowls","9":"first","10":"instock","11":"taxable","12":"shipping-taxable","13":"purchasable","14":"product-type-simple"},"acf":[],"aioseo_notices":[],"jetpack_sharing_enabled":true,"_links":{"self":[{"href":"https:\/\/antcube.shop\/ro\/wp-json\/wp\/v2\/product\/2865","targetHints":{"allow":["GET"]}}],"collection":[{"href":"https:\/\/antcube.shop\/ro\/wp-json\/wp\/v2\/product"}],"about":[{"href":"https:\/\/antcube.shop\/ro\/wp-json\/wp\/v2\/types\/product"}],"replies":[{"embeddable":true,"href":"https:\/\/antcube.shop\/ro\/wp-json\/wp\/v2\/comments?post=2865"}],"wp:featuredmedia":[{"embeddable":true,"href":"https:\/\/antcube.shop\/ro\/wp-json\/wp\/v2\/media\/306"}],"wp:attachment":[{"href":"https:\/\/antcube.shop\/ro\/wp-json\/wp\/v2\/media?parent=2865"}],"wp:term":[{"taxonomy":"product_brand","embeddable":true,"href":"https:\/\/antcube.shop\/ro\/wp-json\/wp\/v2\/product_brand?post=2865"},{"taxonomy":"product_cat","embeddable":true,"href":"https:\/\/antcube.shop\/ro\/wp-json\/wp\/v2\/product_cat?post=2865"},{"taxonomy":"product_tag","embeddable":true,"href":"https:\/\/antcube.shop\/ro\/wp-json\/wp\/v2\/product_tag?post=2865"}],"curies":[{"name":"wp","href":"https:\/\/api.w.org\/{rel}","templated":true}]}}