{"id":2859,"date":"2021-10-13T18:41:44","date_gmt":"2021-10-13T16:41:44","guid":{"rendered":"https:\/\/antcube.shop\/produkt\/tranke-klar-20ml-schwamm\/"},"modified":"2026-04-05T21:18:16","modified_gmt":"2026-04-05T19:18:16","slug":"tranke-klar-20ml-schwamm","status":"publish","type":"product","link":"https:\/\/antcube.shop\/ro\/produs\/tranke-klar-20ml-schwamm\/","title":{"rendered":"Ad\u0103post de b\u0103ut transparent 20ml - burete"},"content":{"rendered":"<p><strong>Dimensiuni:<\/strong> 40x50x68 mm, 20 ml<\/p>\n<p><strong>Cuprins:<\/strong><br \/>\n1x baz\u0103 cu 4 orificii de 3 mm \u0219i burete integrat.<br \/>\n1x rezervor de ap\u0103 62x22mm (20ml)<br \/>\n1x burete 30mm<\/p>\n<p><strong>Material:<\/strong> PS, PMMA, spum\u0103 (cu pori extrem de fini \u0219i absorbant\u0103)<\/p>\n<p><strong>Descriere:<\/strong> Acest lucru le permite furnicilor s\u0103 se aprovizioneze cu suficient\u0103 umiditate \u00een formicariu. Ideal, de asemenea, pentru sezonul de vacan\u021b\u0103. Rezervorul de ap\u0103 de 20 ml poate fi introdus \u00een picior (Aten\u021bie: Nu introduce\u021bi rezervorul p\u00e2n\u0103 la cap\u0103t, ci doar p\u00e2n\u0103 la nivelul buretelui, pentru a nu \u00eentrerupe alimentarea cu ap\u0103). Buretele cu un diametru mai mare dec\u00e2t rezervorul ata\u0219at permite umezelii s\u0103 se infiltreze \u00een baz\u0103. Cele 4 deschideri fine de 18 mm din baz\u0103, plasate \u00een toate cele patru direc\u021bii cardinale, permit alimentarea coloniilor cu un num\u0103r mare de animale. Prin \u00eendep\u0103rtarea spumei, animalele \u00ee\u0219i asigur\u0103 un aport suficient de lichid.<\/p>\n<p><strong>Culori:<\/strong> cristalin, gri<\/p>\n<p>&nbsp;<\/p>","protected":false},"excerpt":{"rendered":"<p><strong>Dimensiuni:<\/strong> 40x50x68 mm, 20 ml<\/p>","protected":false},"featured_media":3004,"comment_status":"open","ping_status":"closed","template":"","meta":{"_acf_changed":false,"content-type":"","_monsterinsights_skip_tracking":false,"_monsterinsights_sitenote_active":false,"_monsterinsights_sitenote_note":"","_monsterinsights_sitenote_category":0},"product_brand":[],"product_cat":[115,117],"product_tag":[],"class_list":{"0":"post-2859","1":"product","2":"type-product","3":"status-publish","4":"has-post-thumbnail","6":"product_cat-food-and-feeding","7":"product_cat-drinkers-for-ants","9":"first","10":"instock","11":"taxable","12":"shipping-taxable","13":"purchasable","14":"product-type-simple"},"acf":[],"aioseo_notices":[],"jetpack_sharing_enabled":true,"_links":{"self":[{"href":"https:\/\/antcube.shop\/ro\/wp-json\/wp\/v2\/product\/2859","targetHints":{"allow":["GET"]}}],"collection":[{"href":"https:\/\/antcube.shop\/ro\/wp-json\/wp\/v2\/product"}],"about":[{"href":"https:\/\/antcube.shop\/ro\/wp-json\/wp\/v2\/types\/product"}],"replies":[{"embeddable":true,"href":"https:\/\/antcube.shop\/ro\/wp-json\/wp\/v2\/comments?post=2859"}],"wp:featuredmedia":[{"embeddable":true,"href":"https:\/\/antcube.shop\/ro\/wp-json\/wp\/v2\/media\/3004"}],"wp:attachment":[{"href":"https:\/\/antcube.shop\/ro\/wp-json\/wp\/v2\/media?parent=2859"}],"wp:term":[{"taxonomy":"product_brand","embeddable":true,"href":"https:\/\/antcube.shop\/ro\/wp-json\/wp\/v2\/product_brand?post=2859"},{"taxonomy":"product_cat","embeddable":true,"href":"https:\/\/antcube.shop\/ro\/wp-json\/wp\/v2\/product_cat?post=2859"},{"taxonomy":"product_tag","embeddable":true,"href":"https:\/\/antcube.shop\/ro\/wp-json\/wp\/v2\/product_tag?post=2859"}],"curies":[{"name":"wp","href":"https:\/\/api.w.org\/{rel}","templated":true}]}}