{"id":2858,"date":"2021-10-13T18:41:35","date_gmt":"2021-10-13T16:41:35","guid":{"rendered":"https:\/\/antcube.shop\/produkt\/napf-klar-1x20-schwamm\/"},"modified":"2026-04-08T08:48:12","modified_gmt":"2026-04-08T06:48:12","slug":"napf-klar-1x20-schwamm","status":"publish","type":"product","link":"https:\/\/antcube.shop\/ro\/produs\/napf-klar-1x20-schwamm\/","title":{"rendered":"Bol transparent 1\u00d720 - burete"},"content":{"rendered":"<p><strong>Dimensiuni:<\/strong> 30 x 40 x 7 mm<\/p>\n<p><strong>Material:<\/strong> PMMA, spum\u0103 (cu pori extrem de fini \u0219i absorbant\u0103).<\/p>\n<p><strong>Descriere:<\/strong> Cuv\u0103 p\u0103trat\u0103 cu un jgheab de hr\u0103nire, inclusiv buretele potrivit (cu diametrul de 20 mm fiecare) pentru hran\u0103.<\/p>","protected":false},"excerpt":{"rendered":"<p><strong>Dimensiuni:<\/strong> 30 x 40 mm, material: sticl\u0103 acrilic\u0103, spum\u0103 (cu pori extrem de fini \u0219i absorbant\u0103)<\/p>","protected":false},"featured_media":304,"comment_status":"open","ping_status":"closed","template":"","meta":{"_acf_changed":false,"content-type":"","_monsterinsights_skip_tracking":false,"_monsterinsights_sitenote_active":false,"_monsterinsights_sitenote_note":"","_monsterinsights_sitenote_category":0},"product_brand":[],"product_cat":[115,118],"product_tag":[],"class_list":{"0":"post-2858","1":"product","2":"type-product","3":"status-publish","4":"has-post-thumbnail","6":"product_cat-food-and-feeding","7":"product_cat-feeding-bowls","9":"first","10":"instock","11":"taxable","12":"shipping-taxable","13":"purchasable","14":"product-type-simple"},"acf":[],"aioseo_notices":[],"jetpack_sharing_enabled":true,"_links":{"self":[{"href":"https:\/\/antcube.shop\/ro\/wp-json\/wp\/v2\/product\/2858","targetHints":{"allow":["GET"]}}],"collection":[{"href":"https:\/\/antcube.shop\/ro\/wp-json\/wp\/v2\/product"}],"about":[{"href":"https:\/\/antcube.shop\/ro\/wp-json\/wp\/v2\/types\/product"}],"replies":[{"embeddable":true,"href":"https:\/\/antcube.shop\/ro\/wp-json\/wp\/v2\/comments?post=2858"}],"wp:featuredmedia":[{"embeddable":true,"href":"https:\/\/antcube.shop\/ro\/wp-json\/wp\/v2\/media\/304"}],"wp:attachment":[{"href":"https:\/\/antcube.shop\/ro\/wp-json\/wp\/v2\/media?parent=2858"}],"wp:term":[{"taxonomy":"product_brand","embeddable":true,"href":"https:\/\/antcube.shop\/ro\/wp-json\/wp\/v2\/product_brand?post=2858"},{"taxonomy":"product_cat","embeddable":true,"href":"https:\/\/antcube.shop\/ro\/wp-json\/wp\/v2\/product_cat?post=2858"},{"taxonomy":"product_tag","embeddable":true,"href":"https:\/\/antcube.shop\/ro\/wp-json\/wp\/v2\/product_tag?post=2858"}],"curies":[{"name":"wp","href":"https:\/\/api.w.org\/{rel}","templated":true}]}}