{"id":2857,"date":"2021-10-13T18:41:25","date_gmt":"2021-10-13T16:41:25","guid":{"rendered":"https:\/\/antcube.shop\/produkt\/antcube-ameisenfarm-l-20x20-stehend\/"},"modified":"2026-04-03T13:00:15","modified_gmt":"2026-04-03T11:00:15","slug":"antcube-ameisenfarm-l-20x20-stehend","status":"publish","type":"product","link":"https:\/\/antcube.shop\/ro\/produs\/antcube-ameisenfarm-l-20x20-stehend\/","title":{"rendered":"ANTCUBE - Furnicarul - L - 20\u00d720 - \u00een picioare"},"content":{"rendered":"<p><strong>Dimensiuni (LxLxA):\u00a0<\/strong><br \/>\nexterior: 234x58x199 mm<br \/>\ninterior: 184x20x190 mm<\/p>\n<p><strong>Material:<\/strong><br \/>\nSticl\u0103 flotant\u0103, plastic<\/p>\n<p><strong>Culoare:<\/strong><br \/>\nfoarte clar<\/p>\n<p><strong>Con\u021binut:<\/strong><br \/>\n1x ANTCUBE furnicar de furnici - distan\u021ba dintre pl\u0103ci de 20 mm.<br \/>\n1x capac pentru furnici L 20\u00d73<br \/>\n2x fi\u0219\u0103 4mm<\/p>\n<p><strong>conexiune:<\/strong><br \/>\n2 x 14\/16\/18\/20 x 20mm soclu<br \/>\n2x g\u0103uri de 4 mm cu dopuri de 4 mm<\/p>\n<p>Furtunul de 14\/10 se introduce \u00een mufa de 14 mm cu o fixare str\u00e2ns\u0103.<br \/>\nTubul 20\/16 este fixat pe prima treapt\u0103 de 16 mm<br \/>\nTubulatura de 22\/18 este bine fixat\u0103 pe cea de-a doua treapt\u0103 de 20 mm.<br \/>\nfurtunul 24\/20 este montat f\u0103r\u0103 str\u00e2ngere pe a doua treapt\u0103 de 20 mm<\/p>\n<p><strong>Descriere:<\/strong><br \/>\nAceast\u0103 ferm\u0103 de furnici complet transparent\u0103 este potrivit\u0103 pentru speciile de furnici de m\u0103rimea L.<\/p>\n<p><strong>Note privind produc\u021bia<\/strong><br \/>\nSticla este t\u0103iat\u0103 \u00een conformitate cu DIN 1249 cu o toleran\u021b\u0103 de +\/- 1 mm. Pentru speciile de furnici extrem de mici este esen\u021bial\u0103 o protec\u021bie suplimentar\u0103 \u00eempotriva spargerii.<\/p>\n<p><strong>Not\u0103 privind ferma<\/strong><br \/>\nC\u00e2nd ata\u0219a\u021bi sau scoate\u021bi furtunurile, v\u0103 rug\u0103m s\u0103 \u021bine\u021bi cont de urm\u0103toarele:<br \/>\n\u00cen cazul \u00een care tubulatura se potrive\u0219te foarte greu pe buc\u0219a conectorului, aceasta trebuie frecat\u0103 u\u0219or cu o pic\u0103tur\u0103 din uleiul sau pulberea noastr\u0103 de protec\u021bie \u00eempotriva spargerii. Furtunul trebuie apoi \u00eempins pe buc\u0219\u0103 prin mi\u0219c\u0103ri de r\u0103sucire sau \u00een\u0219urubare, f\u0103r\u0103 a solicita buc\u0219a cu mi\u0219c\u0103ri de sus \u00een jos. Acela\u0219i lucru este valabil \u0219i atunci c\u00e2nd scoate\u021bi furtunurile din buc\u0219a de conectare a fermei. V\u0103 rug\u0103m s\u0103 nu trage\u021bi pur \u0219i simplu!<\/p>\n<p>&nbsp;<\/p>","protected":false},"excerpt":{"rendered":"<p>Conexiune: Soclu 2x 14\/16\/18\/20 mm + capac<\/p>\n<p>Distan\u021ba dintre pl\u0103ci: Interior 20 mm \/ Exterior 28 mm<br \/>\nDimensiune: <strong><span style=\"color: #0000ff;\">L<\/span><\/strong><\/p>","protected":false},"featured_media":347,"comment_status":"open","ping_status":"closed","template":"","meta":{"_acf_changed":false,"content-type":"","_monsterinsights_skip_tracking":false,"_monsterinsights_sitenote_active":false,"_monsterinsights_sitenote_note":"","_monsterinsights_sitenote_category":0},"product_brand":[],"product_cat":[80,83],"product_tag":[],"class_list":{"0":"post-2857","1":"product","2":"type-product","3":"status-publish","4":"has-post-thumbnail","6":"product_cat-antfarms","7":"product_cat-antfarms-l","9":"first","10":"instock","11":"taxable","12":"shipping-taxable","13":"purchasable","14":"product-type-simple"},"acf":[],"aioseo_notices":[],"jetpack_sharing_enabled":true,"_links":{"self":[{"href":"https:\/\/antcube.shop\/ro\/wp-json\/wp\/v2\/product\/2857","targetHints":{"allow":["GET"]}}],"collection":[{"href":"https:\/\/antcube.shop\/ro\/wp-json\/wp\/v2\/product"}],"about":[{"href":"https:\/\/antcube.shop\/ro\/wp-json\/wp\/v2\/types\/product"}],"replies":[{"embeddable":true,"href":"https:\/\/antcube.shop\/ro\/wp-json\/wp\/v2\/comments?post=2857"}],"wp:featuredmedia":[{"embeddable":true,"href":"https:\/\/antcube.shop\/ro\/wp-json\/wp\/v2\/media\/347"}],"wp:attachment":[{"href":"https:\/\/antcube.shop\/ro\/wp-json\/wp\/v2\/media?parent=2857"}],"wp:term":[{"taxonomy":"product_brand","embeddable":true,"href":"https:\/\/antcube.shop\/ro\/wp-json\/wp\/v2\/product_brand?post=2857"},{"taxonomy":"product_cat","embeddable":true,"href":"https:\/\/antcube.shop\/ro\/wp-json\/wp\/v2\/product_cat?post=2857"},{"taxonomy":"product_tag","embeddable":true,"href":"https:\/\/antcube.shop\/ro\/wp-json\/wp\/v2\/product_tag?post=2857"}],"curies":[{"name":"wp","href":"https:\/\/api.w.org\/{rel}","templated":true}]}}