{"id":2854,"date":"2021-10-13T18:40:55","date_gmt":"2021-10-13T16:40:55","guid":{"rendered":"https:\/\/antcube.shop\/produkt\/mini-thermo-hygrometer-analog-display-hangend\/"},"modified":"2026-04-03T01:07:09","modified_gmt":"2026-04-02T23:07:09","slug":"mini-thermo-higrometru-analogic-cu-afisaj-hangend","status":"publish","type":"product","link":"https:\/\/antcube.shop\/ro\/produs\/mini-thermo-higrometru-analogic-cu-afisaj-hangend\/","title":{"rendered":"Mini termo higrometru analogic - afi\u0219aj - ag\u0103\u021bat"},"content":{"rendered":"<p><strong>Dimensiuni:<\/strong> 75mm x 45mm, 20mm ad\u00e2ncime<\/p>\n<p><strong>Material:<\/strong> metal \/ acrilic<\/p>\n<p><strong>Culoare:<\/strong> metal, argintiu \/ transparent<\/p>\n<p><strong>Con\u021binut:<\/strong> 1x mini termometru analogic metalic - 25mm, 1x mini higrometru analogic metalic - 25mm, 1x suport din sticl\u0103 acrilic\u0103 cu decupaje pentru instrumentele de m\u0103sur\u0103 - 75x45mm, 1x baz\u0103 din sticl\u0103 acrilic\u0103 - 75x20mm, 2x tampoane adezive transparente - 30x20mm<\/p>\n<p><strong>Descriere:<\/strong><br \/>\nSetul este format din termometru analogic \u0219i higrometru din metal (25 mm), care sunt inserate \u00eentr-o plac\u0103 de sticl\u0103 acrilic\u0103 (75x45 mm). Afi\u0219ajul este ata\u0219at cu ajutorul a dou\u0103 pl\u0103cu\u021be adezive transparente, care pot fi folosite pentru a fixa baza (75x20mm) deasupra capului la capace sau rame.<\/p>\n<p><strong>Sfat:<\/strong><br \/>\nInstrumentele de m\u0103sur\u0103 de pe partea din spate trebuie s\u0103 r\u0103m\u00e2n\u0103 libere, altfel pot ap\u0103rea erori de m\u0103surare.<\/p>\n<p><strong>Precizie:<\/strong> +\/- 2\u00b0C , +\/- 4\u00b0F<br \/>\n<strong>Precizie:<\/strong> +\/- 5%<\/p>","protected":false},"excerpt":{"rendered":"<p>Set de termometru \u0219i higrometru din metal (25mm) inserat \u00een plac\u0103 de sticl\u0103 acrilic\u0103 (75x45mm)<\/p>","protected":false},"featured_media":311,"comment_status":"open","ping_status":"closed","template":"","meta":{"_acf_changed":false,"content-type":"","_monsterinsights_skip_tracking":false,"_monsterinsights_sitenote_active":false,"_monsterinsights_sitenote_note":"","_monsterinsights_sitenote_category":0},"product_brand":[],"product_cat":[119,239],"product_tag":[],"class_list":{"0":"post-2854","1":"product","2":"type-product","3":"status-publish","4":"has-post-thumbnail","6":"product_cat-formicarium-components","7":"product_cat-useful-additions","9":"first","10":"instock","11":"taxable","12":"shipping-taxable","13":"purchasable","14":"product-type-simple"},"acf":[],"aioseo_notices":[],"jetpack_sharing_enabled":true,"_links":{"self":[{"href":"https:\/\/antcube.shop\/ro\/wp-json\/wp\/v2\/product\/2854","targetHints":{"allow":["GET"]}}],"collection":[{"href":"https:\/\/antcube.shop\/ro\/wp-json\/wp\/v2\/product"}],"about":[{"href":"https:\/\/antcube.shop\/ro\/wp-json\/wp\/v2\/types\/product"}],"replies":[{"embeddable":true,"href":"https:\/\/antcube.shop\/ro\/wp-json\/wp\/v2\/comments?post=2854"}],"wp:featuredmedia":[{"embeddable":true,"href":"https:\/\/antcube.shop\/ro\/wp-json\/wp\/v2\/media\/311"}],"wp:attachment":[{"href":"https:\/\/antcube.shop\/ro\/wp-json\/wp\/v2\/media?parent=2854"}],"wp:term":[{"taxonomy":"product_brand","embeddable":true,"href":"https:\/\/antcube.shop\/ro\/wp-json\/wp\/v2\/product_brand?post=2854"},{"taxonomy":"product_cat","embeddable":true,"href":"https:\/\/antcube.shop\/ro\/wp-json\/wp\/v2\/product_cat?post=2854"},{"taxonomy":"product_tag","embeddable":true,"href":"https:\/\/antcube.shop\/ro\/wp-json\/wp\/v2\/product_tag?post=2854"}],"curies":[{"name":"wp","href":"https:\/\/api.w.org\/{rel}","templated":true}]}}