{"id":2853,"date":"2021-10-13T18:40:45","date_gmt":"2021-10-13T16:40:45","guid":{"rendered":"https:\/\/antcube.shop\/produkt\/gittereinsatz-50mm-edelstahl\/"},"modified":"2026-04-12T18:45:16","modified_gmt":"2026-04-12T16:45:16","slug":"gittereinsatz-50mm-edelstahl","status":"publish","type":"product","link":"https:\/\/antcube.shop\/ro\/produs\/gittereinsatz-50mm-edelstahl\/","title":{"rendered":"Inser\u021bie de gril\u0103 - 50 mm - o\u021bel inoxidabil"},"content":{"rendered":"<p><strong>Cantitate:<\/strong> 1 bucat\u0103<\/p>\n<p><strong>Dimensiuni:<\/strong> 50 mm (diametru interior), 56\u00d74 mm (dimensiuni exterioare)<\/p>\n<p><strong>Culoare:<\/strong> transparent<\/p>\n<p><strong>Material:<\/strong> o\u021bel inoxidabil, sticl\u0103 acrilic\u0103<\/p>\n<p><strong>Descriere:<\/strong><br \/>\nAceast\u0103 inser\u021bie de gril\u0103 cu gril\u0103 foarte fin\u0103 din o\u021bel inoxidabil (0,2 mm) poate fi introdus\u0103 \u00een g\u0103urile de 50 mm \u0219i asigur\u0103 o bun\u0103 ventila\u021bie a formicariului f\u0103r\u0103 ca furnicile s\u0103 poat\u0103 evada.<br \/>\n\u00cen cazul unei fix\u0103ri laterale, recomand\u0103m o fixare suplimentar\u0103 cu adezivi disponibili \u00een comer\u021b pentru a evita c\u0103derea din cauza unor eventuale \u0219ocuri.<\/p>\n<p><strong>Not\u0103:<\/strong> De asemenea, este potrivit \u0219i pentru speciile cu mu\u0219c\u0103turi foarte puternice, cum ar fi furnicile t\u0103ietoare de frunze!<\/p>\n<p>&nbsp;<\/p>","protected":false},"excerpt":{"rendered":"<p>Cantitate: 1 bucat\u0103 Dimensiuni: 50 mm (diametru interior), 56x4 mm (dimensiuni exterioare) Culoare: transparent\u0103 Material: o\u021bel inoxidabil, sticl\u0103 acrilic\u0103 Descriere: Aceast\u0103 inser\u021bie de gril\u0103 cu gril\u0103 foarte fin\u0103 din o\u021bel inoxidabil (0,2 mm) poate fi introdus\u0103 \u00een g\u0103urile de 50 mm \u0219i asigur\u0103 o bun\u0103 ventila\u021bie a formicariului, f\u0103r\u0103 ca furnicile s\u0103 poat\u0103 evada. \u00cen cazul fix\u0103rii laterale, ne","protected":false},"featured_media":338,"comment_status":"open","ping_status":"closed","template":"","meta":{"_acf_changed":false,"content-type":"","_monsterinsights_skip_tracking":false,"_monsterinsights_sitenote_active":false,"_monsterinsights_sitenote_note":"","_monsterinsights_sitenote_category":0},"product_brand":[],"product_cat":[238],"product_tag":[],"class_list":{"0":"post-2853","1":"product","2":"type-product","3":"status-publish","4":"has-post-thumbnail","6":"product_cat-grid-caps-plugs-and-inserts","8":"first","9":"outofstock","10":"taxable","11":"shipping-taxable","12":"purchasable","13":"product-type-simple"},"acf":[],"aioseo_notices":[],"jetpack_sharing_enabled":true,"_links":{"self":[{"href":"https:\/\/antcube.shop\/ro\/wp-json\/wp\/v2\/product\/2853","targetHints":{"allow":["GET"]}}],"collection":[{"href":"https:\/\/antcube.shop\/ro\/wp-json\/wp\/v2\/product"}],"about":[{"href":"https:\/\/antcube.shop\/ro\/wp-json\/wp\/v2\/types\/product"}],"replies":[{"embeddable":true,"href":"https:\/\/antcube.shop\/ro\/wp-json\/wp\/v2\/comments?post=2853"}],"wp:featuredmedia":[{"embeddable":true,"href":"https:\/\/antcube.shop\/ro\/wp-json\/wp\/v2\/media\/338"}],"wp:attachment":[{"href":"https:\/\/antcube.shop\/ro\/wp-json\/wp\/v2\/media?parent=2853"}],"wp:term":[{"taxonomy":"product_brand","embeddable":true,"href":"https:\/\/antcube.shop\/ro\/wp-json\/wp\/v2\/product_brand?post=2853"},{"taxonomy":"product_cat","embeddable":true,"href":"https:\/\/antcube.shop\/ro\/wp-json\/wp\/v2\/product_cat?post=2853"},{"taxonomy":"product_tag","embeddable":true,"href":"https:\/\/antcube.shop\/ro\/wp-json\/wp\/v2\/product_tag?post=2853"}],"curies":[{"name":"wp","href":"https:\/\/api.w.org\/{rel}","templated":true}]}}