{"id":2851,"date":"2021-10-13T18:40:25","date_gmt":"2021-10-13T16:40:25","guid":{"rendered":"https:\/\/antcube.shop\/produkt\/gitterkappe-10mm-edelstahl\/"},"modified":"2026-04-02T22:01:19","modified_gmt":"2026-04-02T20:01:19","slug":"gitterkappe-10mm-edelstahl","status":"publish","type":"product","link":"https:\/\/antcube.shop\/ro\/produs\/gitterkappe-10mm-edelstahl\/","title":{"rendered":"Capac de gril\u0103 - 10mm - O\u021bel inoxidabil"},"content":{"rendered":"<p><strong>Cantitate:<\/strong> 1 bucat\u0103<\/p>\n<p><strong>Dimensiuni:<\/strong> 10 mm (diametru interior), 14\u00d74 mm (dimensiuni exterioare)<\/p>\n<p><strong>Culoare:<\/strong> transparent<\/p>\n<p><strong>Material:<\/strong> o\u021bel inoxidabil, acrilic<\/p>\n<p><strong>Descriere:<\/strong><br \/>\nAcest capac cu gril\u0103 cu gril\u0103 foarte fin\u0103 din o\u021bel inoxidabil (0,2 mm) poate fi montat pe o priz\u0103, un tub sau un cap\u0103t de furtun \u0219i asigur\u0103 o bun\u0103 ventila\u021bie a formicarului f\u0103r\u0103 ca furnicile s\u0103 poat\u0103 evada. At\u00e2t grila din o\u021bel inoxidabil, c\u00e2t \u0219i rama din sticl\u0103 acrilic\u0103 sunt transparente.<\/p>\n<p><strong>Not\u0103:<\/strong> De asemenea, este potrivit \u0219i pentru speciile cu mu\u0219c\u0103turi foarte puternice, cum ar fi furnicile t\u0103ietoare de frunze!<\/p>\n<p>&nbsp;<\/p>","protected":false},"excerpt":{"rendered":"<p>Cantitate: 1 bucat\u0103 Dimensiuni: 16 mm (diametru interior), 20\u00d74 mm (dimensiuni exterioare) Culoare: transparent\u0103 Material: o\u021bel inoxidabil, acrilic Descriere: O\u021bel inoxidabil, acrilic: Acest capac cu gril\u0103 cu gril\u0103 foarte fin\u0103 din o\u021bel inoxidabil (0,2 mm) poate fi pus pe o priz\u0103, pe un tub sau pe cap\u0103tul unui furtun \u0219i asigur\u0103 o bun\u0103 ventila\u021bie a formicariului, f\u0103r\u0103 ca furnicile s\u0103 poat\u0103 evada. At\u00e2t partea [...]","protected":false},"featured_media":335,"comment_status":"open","ping_status":"closed","template":"","meta":{"_acf_changed":false,"content-type":"","_monsterinsights_skip_tracking":false,"_monsterinsights_sitenote_active":false,"_monsterinsights_sitenote_note":"","_monsterinsights_sitenote_category":0},"product_brand":[],"product_cat":[238],"product_tag":[],"class_list":{"0":"post-2851","1":"product","2":"type-product","3":"status-publish","4":"has-post-thumbnail","6":"product_cat-grid-caps-plugs-and-inserts","8":"first","9":"instock","10":"taxable","11":"shipping-taxable","12":"purchasable","13":"product-type-simple"},"acf":[],"aioseo_notices":[],"jetpack_sharing_enabled":true,"_links":{"self":[{"href":"https:\/\/antcube.shop\/ro\/wp-json\/wp\/v2\/product\/2851","targetHints":{"allow":["GET"]}}],"collection":[{"href":"https:\/\/antcube.shop\/ro\/wp-json\/wp\/v2\/product"}],"about":[{"href":"https:\/\/antcube.shop\/ro\/wp-json\/wp\/v2\/types\/product"}],"replies":[{"embeddable":true,"href":"https:\/\/antcube.shop\/ro\/wp-json\/wp\/v2\/comments?post=2851"}],"wp:featuredmedia":[{"embeddable":true,"href":"https:\/\/antcube.shop\/ro\/wp-json\/wp\/v2\/media\/335"}],"wp:attachment":[{"href":"https:\/\/antcube.shop\/ro\/wp-json\/wp\/v2\/media?parent=2851"}],"wp:term":[{"taxonomy":"product_brand","embeddable":true,"href":"https:\/\/antcube.shop\/ro\/wp-json\/wp\/v2\/product_brand?post=2851"},{"taxonomy":"product_cat","embeddable":true,"href":"https:\/\/antcube.shop\/ro\/wp-json\/wp\/v2\/product_cat?post=2851"},{"taxonomy":"product_tag","embeddable":true,"href":"https:\/\/antcube.shop\/ro\/wp-json\/wp\/v2\/product_tag?post=2851"}],"curies":[{"name":"wp","href":"https:\/\/api.w.org\/{rel}","templated":true}]}}