{"id":2848,"date":"2021-10-13T18:39:56","date_gmt":"2021-10-13T16:39:56","guid":{"rendered":"https:\/\/antcube.shop\/produkt\/tranke-2ml-360-grad\/"},"modified":"2026-04-11T09:10:16","modified_gmt":"2026-04-11T07:10:16","slug":"tranke-2ml-360-grad","status":"publish","type":"product","link":"https:\/\/antcube.shop\/ro\/produs\/tranke-2ml-360-grad\/","title":{"rendered":"Jgheab de b\u0103ut 2ml - 360 de grade"},"content":{"rendered":"<p><strong>Dimensiuni:<\/strong> 30x40x52 mm, 2 ml<\/p>\n<p><strong>Cuprins:<\/strong><br \/>\n1x picior cu 24x deschideri de 0,5 mm<br \/>\n1x tub de hran\u0103 pentru furnici<\/p>\n<p><strong>Material:<\/strong> PLA, PS, PMMA<\/p>\n<p><strong>Descriere:<\/strong> Acest lucru permite furnicilor s\u0103 \u00ee\u0219i asigure suficient\u0103 umiditate \u00een interiorul unui formicar. Ideal \u0219i pentru sezonul de vacan\u021b\u0103. Tuburile de hran\u0103 pentru furnici de 2 ml pot fi introduse acum \u00een picior. Datorit\u0103 celor 24 de deschideri fine de 0,5 mm plasate la 360\u00b0, pot fi alimentate colonii cu specii foarte multe \u0219i foarte mici.<\/p>\n<p><strong>Culoare:<\/strong> transparent<\/p>\n<p>&nbsp;<\/p>","protected":false},"excerpt":{"rendered":"<p>Dimensiuni: 30x40x52 mm, 2 ml<\/p>","protected":false},"featured_media":305,"comment_status":"open","ping_status":"closed","template":"","meta":{"_acf_changed":false,"content-type":"","_monsterinsights_skip_tracking":false,"_monsterinsights_sitenote_active":false,"_monsterinsights_sitenote_note":"","_monsterinsights_sitenote_category":0},"product_brand":[],"product_cat":[115,117],"product_tag":[],"class_list":{"0":"post-2848","1":"product","2":"type-product","3":"status-publish","4":"has-post-thumbnail","6":"product_cat-food-and-feeding","7":"product_cat-drinkers-for-ants","9":"first","10":"instock","11":"taxable","12":"shipping-taxable","13":"purchasable","14":"product-type-simple"},"acf":[],"aioseo_notices":[],"jetpack_sharing_enabled":true,"_links":{"self":[{"href":"https:\/\/antcube.shop\/ro\/wp-json\/wp\/v2\/product\/2848","targetHints":{"allow":["GET"]}}],"collection":[{"href":"https:\/\/antcube.shop\/ro\/wp-json\/wp\/v2\/product"}],"about":[{"href":"https:\/\/antcube.shop\/ro\/wp-json\/wp\/v2\/types\/product"}],"replies":[{"embeddable":true,"href":"https:\/\/antcube.shop\/ro\/wp-json\/wp\/v2\/comments?post=2848"}],"wp:featuredmedia":[{"embeddable":true,"href":"https:\/\/antcube.shop\/ro\/wp-json\/wp\/v2\/media\/305"}],"wp:attachment":[{"href":"https:\/\/antcube.shop\/ro\/wp-json\/wp\/v2\/media?parent=2848"}],"wp:term":[{"taxonomy":"product_brand","embeddable":true,"href":"https:\/\/antcube.shop\/ro\/wp-json\/wp\/v2\/product_brand?post=2848"},{"taxonomy":"product_cat","embeddable":true,"href":"https:\/\/antcube.shop\/ro\/wp-json\/wp\/v2\/product_cat?post=2848"},{"taxonomy":"product_tag","embeddable":true,"href":"https:\/\/antcube.shop\/ro\/wp-json\/wp\/v2\/product_tag?post=2848"}],"curies":[{"name":"wp","href":"https:\/\/api.w.org\/{rel}","templated":true}]}}