{"id":2846,"date":"2021-10-13T18:38:18","date_gmt":"2021-10-13T16:38:18","guid":{"rendered":"https:\/\/antcube.shop\/produkt\/formicariengranulat-200ml-rot\/"},"modified":"2026-04-02T09:54:37","modified_gmt":"2026-04-02T07:54:37","slug":"formicariengranulat-200ml-rot","status":"publish","type":"product","link":"https:\/\/antcube.shop\/ro\/produs\/formicariengranulat-200ml-rot\/","title":{"rendered":"Formicarium granule 200ml - ro\u0219u"},"content":{"rendered":"<p><strong>Con\u021binut:<\/strong> 200ml (echivalentul a ~80g)<\/p>\n<p><strong>Dimensiunea granulelor:<\/strong> 1 - 6 mm<\/p>\n<p><strong>Culoare:<\/strong> ro\u0219u<\/p>\n<p><strong>Material de baz\u0103:<\/strong> amestec special de argile de \u00eenalt\u0103 calitate<\/p>\n<p><strong>Descriere:<\/strong> Materialul re\u021bine umezeala \u0219i asigur\u0103 o bun\u0103 aerisire a solului \u00een formicarium, protej\u00e2nd \u00eempotriva \u00eenec\u0103rii \u0219i putrefac\u021biei. Stratul de granule ar trebui s\u0103 fie folosit la aproximativ 1-2 cm ca cel mai de jos strat de sol dintr-o ferm\u0103.<\/p>\n<p><strong>Propriet\u0103\u021bi:<\/strong><br \/>\n- anorganic, produs mineral<br \/>\n- neutru din punct de vedere biologic \u0219i chimic<br \/>\n- stabil din punct de vedere structural<br \/>\n- stocheaz\u0103 umezeala<\/p>\n<p>&nbsp;<\/p>","protected":false},"excerpt":{"rendered":"<p>Pentru substrat de nisip ro\u0219u\/argil\u0103<\/p>","protected":false},"featured_media":385,"comment_status":"open","ping_status":"closed","template":"","meta":{"_acf_changed":false,"content-type":"","_monsterinsights_skip_tracking":false,"_monsterinsights_sitenote_active":false,"_monsterinsights_sitenote_note":"","_monsterinsights_sitenote_category":0},"product_brand":[],"product_cat":[241],"product_tag":[],"class_list":{"0":"post-2846","1":"product","2":"type-product","3":"status-publish","4":"has-post-thumbnail","6":"product_cat-granules","8":"first","9":"instock","10":"taxable","11":"shipping-taxable","12":"purchasable","13":"product-type-simple"},"acf":[],"aioseo_notices":[],"jetpack_sharing_enabled":true,"_links":{"self":[{"href":"https:\/\/antcube.shop\/ro\/wp-json\/wp\/v2\/product\/2846","targetHints":{"allow":["GET"]}}],"collection":[{"href":"https:\/\/antcube.shop\/ro\/wp-json\/wp\/v2\/product"}],"about":[{"href":"https:\/\/antcube.shop\/ro\/wp-json\/wp\/v2\/types\/product"}],"replies":[{"embeddable":true,"href":"https:\/\/antcube.shop\/ro\/wp-json\/wp\/v2\/comments?post=2846"}],"wp:featuredmedia":[{"embeddable":true,"href":"https:\/\/antcube.shop\/ro\/wp-json\/wp\/v2\/media\/385"}],"wp:attachment":[{"href":"https:\/\/antcube.shop\/ro\/wp-json\/wp\/v2\/media?parent=2846"}],"wp:term":[{"taxonomy":"product_brand","embeddable":true,"href":"https:\/\/antcube.shop\/ro\/wp-json\/wp\/v2\/product_brand?post=2846"},{"taxonomy":"product_cat","embeddable":true,"href":"https:\/\/antcube.shop\/ro\/wp-json\/wp\/v2\/product_cat?post=2846"},{"taxonomy":"product_tag","embeddable":true,"href":"https:\/\/antcube.shop\/ro\/wp-json\/wp\/v2\/product_tag?post=2846"}],"curies":[{"name":"wp","href":"https:\/\/api.w.org\/{rel}","templated":true}]}}