{"id":2841,"date":"2021-10-13T18:37:30","date_gmt":"2021-10-13T16:37:30","guid":{"rendered":"https:\/\/antcube.shop\/produkt\/food-mix-set-standard\/"},"modified":"2026-04-23T20:24:32","modified_gmt":"2026-04-23T18:24:32","slug":"food-mix-set-standard","status":"publish","type":"product","link":"https:\/\/antcube.shop\/ro\/produs\/food-mix-set-standard\/","title":{"rendered":"Set de amestecuri alimentare - Standard"},"content":{"rendered":"<p><strong>Con\u021binut:<\/strong> 2ml per tub de alimentare<br \/>\n2x alimente proteice (PP)<br \/>\n2x hran\u0103 proteic\u0103 Insecte FD (PI)<br \/>\n2x alimente cu carbohidra\u021bi (K)<br \/>\n2x alimente din fructe (F)<br \/>\n2x solu\u021bie de zah\u0103r \u0219i miere (ZH)<br \/>\n1x burete<\/p>\n<p><span data-text-color=\"alert\"><strong>Aten\u021bie:<\/strong> <\/span>V\u0103 rug\u0103m s\u0103 amesteca\u021bi pulberea cu o pic\u0103tur\u0103 de ap\u0103, deoarece nu este acceptat\u0103 de animale atunci c\u00e2nd este uscat\u0103!<\/p>\n<p><strong>Descriere:<\/strong><br \/>\nAcesta este un set de amestec de hran\u0103 pentru diferite specii de furnici care se hr\u0103nesc cu carbohidra\u021bi \u0219i proteine. Con\u021bine tot ce au nevoie furnicile pentru o diet\u0103 echilibrat\u0103. Deoarece ra\u021biile individuale de hran\u0103 sunt umplute \u00een tuburi separate, acestea sunt u\u0219or de dozat. Se recomand\u0103 umezirea minim\u0103 a hranei cu proteine, carbohidra\u021bi \u0219i fructe cu pu\u021bin\u0103 ap\u0103. Acest lucru va \u00eempiedica, de asemenea, ca pulberea s\u0103 se scurg\u0103 atunci c\u00e2nd este utilizat\u0103 \u00een formicul \"central\" din gaur\u0103.<\/p>\n<p><strong>Utilizare\/aplica\u021bie:<\/strong><br \/>\nHran\u0103 proteic\u0103 = pentru speciile de furnici insectivore (Eulipotyphla).<br \/>\nEste un furaj suplimentar (furaj mixt)<br \/>\nTrebuie amestecat cu o pic\u0103tur\u0103 de ap\u0103 \u0219i apoi poate fi p\u0103strat doar 1 zi c\u00e2nd este umed. Cur\u0103\u021ba\u021bi bine bolul\/tubul de hr\u0103nire \u00eenainte de a-l refolosi.<br \/>\nUn ambalaj deschis trebuie utilizat bine \u00eenchis (dac\u0103 este p\u0103strat la loc uscat) p\u00e2n\u0103 la data indicat\u0103 (data limit\u0103 de consum).<\/p>\n<p>Hran\u0103 proteic\u0103 FD = pentru specii de furnici insectivore (Eulipotyphla)<br \/>\nEste un furaj suplimentar (furaj compus).<br \/>\nTrebuie amestecat cu o pic\u0103tur\u0103 de ap\u0103 \u0219i apoi poate fi p\u0103strat doar 1 zi c\u00e2nd este umed. Cur\u0103\u021ba\u021bi bine bolul\/tubul de hr\u0103nire \u00eenainte de a-l refolosi.<br \/>\nUn ambalaj deschis trebuie utilizat bine \u00eenchis (dac\u0103 este p\u0103strat la loc uscat) p\u00e2n\u0103 la data indicat\u0103 (data limit\u0103 de consum).<\/p>\n<p>Hran\u0103 cu carbohidra\u021bi = pentru speciile de furnici consumatoare de zah\u0103r\/miere<br \/>\nEste un furaj suplimentar (furaj compus)<br \/>\nPoate fi amestecat cu o pic\u0103tur\u0103 de ap\u0103 \u0219i are un termen de valabilitate de 3 zile c\u00e2nd este umed. Cur\u0103\u021ba\u021bi temeinic bolul\/tubul de hr\u0103nire \u00eenainte de reutilizare.<br \/>\nUn ambalaj deschis trebuie utilizat bine \u00eenchis (dac\u0103 este p\u0103strat la loc uscat) p\u00e2n\u0103 la data indicat\u0103 (data limit\u0103 de consum).<\/p>\n<p>Hran\u0103 din fructe = pentru speciile de furnici consumatoare de fructe (frugivore)<br \/>\nEste un furaj suplimentar (furaj unic)<br \/>\nPoate fi amestecat cu o pic\u0103tur\u0103 de ap\u0103 \u0219i are un termen de valabilitate de 3 zile atunci c\u00e2nd este umed. Cur\u0103\u021ba\u021bi temeinic bolul\/tubul de hr\u0103nire \u00eenainte de a-l reutiliza.<br \/>\nUn ambalaj deschis trebuie utilizat bine \u00eenchis (dac\u0103 este p\u0103strat la loc uscat) p\u00e2n\u0103 la data indicat\u0103 (data limit\u0103 de consum).<\/p>\n<p>Solu\u021bie de zah\u0103r \u0219i miere = pentru speciile de furnici consumatoare de zah\u0103r\/miere.<br \/>\nEste un furaj suplimentar (furaj compus)<br \/>\nAcesta poate fi oferit animalelor \u00een starea \u00een care a fost livrat. Deoarece umiditatea reduce concentra\u021bia de zah\u0103r \u0219i \u00eencepe un proces de fermentare, hrana trebuie \u00eenlocuit\u0103 la fiecare 3 zile. Cur\u0103\u021ba\u021bi temeinic bolul\/tubul de hr\u0103nire \u00eenainte de reutilizare.<br \/>\nUn ambalaj deschis trebuie folosit bine \u00eenchis p\u00e2n\u0103 la data indicat\u0103 (data limit\u0103 de consum).<\/p>\n<p><strong>Aviz:<\/strong><br \/>\nInforma\u021bii privind modul de utilizare a tuburilor de hr\u0103nire pot fi g\u0103site aici: Link<br \/>\nHran\u0103 complet\u0103 pentru furnici insectivore.<br \/>\nV\u0103 rug\u0103m s\u0103 consulta\u021bi prospectul pentru compozi\u021bie, ingrediente analitice, data limit\u0103 de consum \u0219i num\u0103rul de lot.<\/p>\n<p>Linia telefonic\u0103 pentru informa\u021bii +49 30 439703870<\/p>\n<p>Autoritatea veterinar\u0103 \u0219i de supraveghere alimentar\u0103 responsabil\u0103:<br \/>\nCabinet veterinar Steglitz<br \/>\nK\u00f6nigin-Luise-Str. 92<br \/>\n14195 Berlin<\/p>","protected":false},"excerpt":{"rendered":"<p>Hran\u0103 complet\u0103<\/p>","protected":false},"featured_media":309,"comment_status":"open","ping_status":"closed","template":"","meta":{"_acf_changed":false,"content-type":"","_monsterinsights_skip_tracking":false,"_monsterinsights_sitenote_active":false,"_monsterinsights_sitenote_note":"","_monsterinsights_sitenote_category":0},"product_brand":[],"product_cat":[115,116],"product_tag":[],"class_list":{"0":"post-2841","1":"product","2":"type-product","3":"status-publish","4":"has-post-thumbnail","6":"product_cat-food-and-feeding","7":"product_cat-food","9":"first","10":"instock","11":"taxable","12":"shipping-taxable","13":"purchasable","14":"product-type-simple"},"acf":[],"aioseo_notices":[],"jetpack_sharing_enabled":true,"_links":{"self":[{"href":"https:\/\/antcube.shop\/ro\/wp-json\/wp\/v2\/product\/2841","targetHints":{"allow":["GET"]}}],"collection":[{"href":"https:\/\/antcube.shop\/ro\/wp-json\/wp\/v2\/product"}],"about":[{"href":"https:\/\/antcube.shop\/ro\/wp-json\/wp\/v2\/types\/product"}],"replies":[{"embeddable":true,"href":"https:\/\/antcube.shop\/ro\/wp-json\/wp\/v2\/comments?post=2841"}],"wp:featuredmedia":[{"embeddable":true,"href":"https:\/\/antcube.shop\/ro\/wp-json\/wp\/v2\/media\/309"}],"wp:attachment":[{"href":"https:\/\/antcube.shop\/ro\/wp-json\/wp\/v2\/media?parent=2841"}],"wp:term":[{"taxonomy":"product_brand","embeddable":true,"href":"https:\/\/antcube.shop\/ro\/wp-json\/wp\/v2\/product_brand?post=2841"},{"taxonomy":"product_cat","embeddable":true,"href":"https:\/\/antcube.shop\/ro\/wp-json\/wp\/v2\/product_cat?post=2841"},{"taxonomy":"product_tag","embeddable":true,"href":"https:\/\/antcube.shop\/ro\/wp-json\/wp\/v2\/product_tag?post=2841"}],"curies":[{"name":"wp","href":"https:\/\/api.w.org\/{rel}","templated":true}]}}