{"id":2840,"date":"2021-10-13T18:37:21","date_gmt":"2021-10-13T16:37:21","guid":{"rendered":"https:\/\/antcube.shop\/produkt\/bodengrund-wuste-1-kg\/"},"modified":"2026-04-17T18:45:00","modified_gmt":"2026-04-17T16:45:00","slug":"bodengrund-wuste-1-kg","status":"publish","type":"product","link":"https:\/\/antcube.shop\/ro\/produs\/bodengrund-wuste-1-kg\/","title":{"rendered":"Substrat - desert - 1 Kg"},"content":{"rendered":"<p><strong>Con\u021binut:<\/strong> 1 Kg<\/p>\n<p><strong>Material:<\/strong> nisip, pietre, argil\u0103<\/p>\n<p><strong>Culoare:<\/strong> bej<\/p>\n<p><strong>Descriere:<\/strong> Acest sol de\u0219ertic este format \u00een principal din nisip, argil\u0103 \u0219i c\u00e2teva pietre.<br \/>\nEste un sol natural pentru toate speciile de furnici care tr\u0103iesc \u00een regiunile de\u0219ertice sau mediteraneene.<\/p>\n<p><strong>Cerere:<\/strong> solul \u00eengropabil poate fi folosit pentru cuib \u0219i zona de arena!<\/p>\n<p><strong>Not\u0103:<\/strong> \u00eentruc\u00e2t acesta este un produs pur natural, pot exista mici diferen\u021be de culoare \u0219i structur\u0103 pe care nu le putem influen\u021ba.<\/p>\n<p><strong>Important:<\/strong> V\u0103 rug\u0103m s\u0103 umezi\u021bi substratul \u00eenainte de utilizare, astfel \u00eenc\u00e2t amestecul s\u0103 se combine \u0219i s\u0103 se fixeze bine \u00een furnicar. \u00cen plus, un substrat prea uscat \u0219i pr\u0103fuit poate provoca blocarea tractului respirator al furnicilor \u0219i, \u00een cel mai r\u0103u caz, sufocarea animalelor.<\/p>","protected":false},"excerpt":{"rendered":"<p>Solul\/substratul habitatului natural special<\/p>","protected":false},"featured_media":5509,"comment_status":"open","ping_status":"closed","template":"","meta":{"_acf_changed":false,"content-type":"","_monsterinsights_skip_tracking":false,"_monsterinsights_sitenote_active":false,"_monsterinsights_sitenote_note":"","_monsterinsights_sitenote_category":0},"product_brand":[],"product_cat":[96],"product_tag":[],"class_list":{"0":"post-2840","1":"product","2":"type-product","3":"status-publish","4":"has-post-thumbnail","6":"product_cat-soil","8":"first","9":"instock","10":"taxable","11":"shipping-taxable","12":"purchasable","13":"product-type-simple"},"acf":[],"aioseo_notices":[],"jetpack_sharing_enabled":true,"_links":{"self":[{"href":"https:\/\/antcube.shop\/ro\/wp-json\/wp\/v2\/product\/2840","targetHints":{"allow":["GET"]}}],"collection":[{"href":"https:\/\/antcube.shop\/ro\/wp-json\/wp\/v2\/product"}],"about":[{"href":"https:\/\/antcube.shop\/ro\/wp-json\/wp\/v2\/types\/product"}],"replies":[{"embeddable":true,"href":"https:\/\/antcube.shop\/ro\/wp-json\/wp\/v2\/comments?post=2840"}],"wp:featuredmedia":[{"embeddable":true,"href":"https:\/\/antcube.shop\/ro\/wp-json\/wp\/v2\/media\/5509"}],"wp:attachment":[{"href":"https:\/\/antcube.shop\/ro\/wp-json\/wp\/v2\/media?parent=2840"}],"wp:term":[{"taxonomy":"product_brand","embeddable":true,"href":"https:\/\/antcube.shop\/ro\/wp-json\/wp\/v2\/product_brand?post=2840"},{"taxonomy":"product_cat","embeddable":true,"href":"https:\/\/antcube.shop\/ro\/wp-json\/wp\/v2\/product_cat?post=2840"},{"taxonomy":"product_tag","embeddable":true,"href":"https:\/\/antcube.shop\/ro\/wp-json\/wp\/v2\/product_tag?post=2840"}],"curies":[{"name":"wp","href":"https:\/\/api.w.org\/{rel}","templated":true}]}}