{"id":2839,"date":"2021-10-13T18:37:12","date_gmt":"2021-10-13T16:37:12","guid":{"rendered":"https:\/\/antcube.shop\/produkt\/bodengrund-regenwald-1-kg\/"},"modified":"2026-04-17T21:44:09","modified_gmt":"2026-04-17T19:44:09","slug":"bodengrund-regenwald-1-kg","status":"publish","type":"product","link":"https:\/\/antcube.shop\/ro\/produs\/bodengrund-regenwald-1-kg\/","title":{"rendered":"Substrat - Rainforest - 1 Kg"},"content":{"rendered":"<p><strong>Con\u021binut:<\/strong> 1 Kg<\/p>\n<p><strong>Material:<\/strong> nisip, turb\u0103, humus, argil\u0103<\/p>\n<p><strong>Culoare:<\/strong> maro, bej<\/p>\n<p><strong>Descriere:<\/strong> Acest sol natural din p\u0103durea tropical\u0103 este format dintr-un amestec de nisip, turb\u0103, humus \u0219i argil\u0103.<br \/>\nAcesta are un con\u021binut de argil\u0103 pu\u021bin mai mic dec\u00e2t solul normal din p\u0103durile tropicale, dar acest lucru \u00eel face mai u\u0219or de s\u0103pat pentru furnici \u0219i este mult mai bine acceptat de c\u0103tre furnici. Este potrivit pentru toate speciile de furnici care tr\u0103iesc \u00een solul p\u0103durilor tropicale sau, \u00een general, \u00een habitatele tropicale umede.<\/p>\n<p><strong>Cerere:<\/strong> Solul de s\u0103p\u0103tur\u0103 poate fi folosit pentru cuib \u0219i zona arenei!<\/p>\n<p><strong>Not\u0103:<\/strong> deoarece acesta este un produs natural pur, pot exista mici diferen\u021be de culoare \u0219i structur\u0103 pe care nu le putem influen\u021ba.<\/p>\n<p><strong>Important:<\/strong> V\u0103 rug\u0103m s\u0103 umezi\u021bi substratul \u00eenainte de utilizare, astfel \u00eenc\u00e2t amestecul s\u0103 se combine \u0219i s\u0103 se fixeze bine \u00een furnicar. \u00cen plus, un substrat prea uscat \u0219i pr\u0103fuit poate provoca blocarea tractului respirator al furnicilor \u0219i, \u00een cel mai r\u0103u caz, sufocarea animalelor.<\/p>","protected":false},"excerpt":{"rendered":"<p>Solul\/substratul habitatului natural special<\/p>","protected":false},"featured_media":5501,"comment_status":"open","ping_status":"closed","template":"","meta":{"_acf_changed":false,"content-type":"","_monsterinsights_skip_tracking":false,"_monsterinsights_sitenote_active":false,"_monsterinsights_sitenote_note":"","_monsterinsights_sitenote_category":0},"product_brand":[],"product_cat":[96],"product_tag":[],"class_list":{"0":"post-2839","1":"product","2":"type-product","3":"status-publish","4":"has-post-thumbnail","6":"product_cat-soil","8":"first","9":"instock","10":"taxable","11":"shipping-taxable","12":"purchasable","13":"product-type-simple"},"acf":[],"aioseo_notices":[],"jetpack_sharing_enabled":true,"_links":{"self":[{"href":"https:\/\/antcube.shop\/ro\/wp-json\/wp\/v2\/product\/2839","targetHints":{"allow":["GET"]}}],"collection":[{"href":"https:\/\/antcube.shop\/ro\/wp-json\/wp\/v2\/product"}],"about":[{"href":"https:\/\/antcube.shop\/ro\/wp-json\/wp\/v2\/types\/product"}],"replies":[{"embeddable":true,"href":"https:\/\/antcube.shop\/ro\/wp-json\/wp\/v2\/comments?post=2839"}],"wp:featuredmedia":[{"embeddable":true,"href":"https:\/\/antcube.shop\/ro\/wp-json\/wp\/v2\/media\/5501"}],"wp:attachment":[{"href":"https:\/\/antcube.shop\/ro\/wp-json\/wp\/v2\/media?parent=2839"}],"wp:term":[{"taxonomy":"product_brand","embeddable":true,"href":"https:\/\/antcube.shop\/ro\/wp-json\/wp\/v2\/product_brand?post=2839"},{"taxonomy":"product_cat","embeddable":true,"href":"https:\/\/antcube.shop\/ro\/wp-json\/wp\/v2\/product_cat?post=2839"},{"taxonomy":"product_tag","embeddable":true,"href":"https:\/\/antcube.shop\/ro\/wp-json\/wp\/v2\/product_tag?post=2839"}],"curies":[{"name":"wp","href":"https:\/\/api.w.org\/{rel}","templated":true}]}}