{"id":2830,"date":"2021-10-13T18:35:46","date_gmt":"2021-10-13T16:35:46","guid":{"rendered":"https:\/\/antcube.shop\/produkt\/formicarienkappe-fur-6mm-buchse\/"},"modified":"2026-03-23T17:44:52","modified_gmt":"2026-03-23T16:44:52","slug":"formicarienkappe-fur-6mm-buchse","status":"publish","type":"product","link":"https:\/\/antcube.shop\/ro\/produs\/formicarienkappe-fur-6mm-buchse\/","title":{"rendered":"Capac de formicarium pentru soclu de 6 mm"},"content":{"rendered":"<p><strong>Cantitate:<\/strong> 1 bucat\u0103<\/p>\n<p><strong>Dimensiuni:<\/strong> 7,5 x 12mm<\/p>\n<p><strong>Material:<\/strong> plastic PE<\/p>\n<p><strong>Culoare:<\/strong> transparent, l\u0103ptos<\/p>\n<p><strong>Descriere:<\/strong> Pentru \u00eenchiderea prizelor de 6 mm, de exemplu, prizele de conectare ale furnicilor noastre S Antfarms.<\/p>","protected":false},"excerpt":{"rendered":"<p>Cantitate: 1 bucat\u0103 Dimensiuni: 7,5 x 12mm Material: 7,5 x 12mm: Plastic PE Culoare: transparent, l\u0103ptos Descriere:: Pentru \u00eenchiderea prizelor de 6 mm, de exemplu prizele de conectare ale furnicilor noastre S Antfarms.<\/p>","protected":false},"featured_media":339,"comment_status":"open","ping_status":"closed","template":"","meta":{"_acf_changed":false,"content-type":"","_monsterinsights_skip_tracking":false,"_monsterinsights_sitenote_active":false,"_monsterinsights_sitenote_note":"","_monsterinsights_sitenote_category":0},"product_brand":[],"product_cat":[238],"product_tag":[],"class_list":{"0":"post-2830","1":"product","2":"type-product","3":"status-publish","4":"has-post-thumbnail","6":"product_cat-grid-caps-plugs-and-inserts","8":"first","9":"instock","10":"taxable","11":"shipping-taxable","12":"purchasable","13":"product-type-simple"},"acf":[],"aioseo_notices":[],"jetpack_sharing_enabled":true,"_links":{"self":[{"href":"https:\/\/antcube.shop\/ro\/wp-json\/wp\/v2\/product\/2830","targetHints":{"allow":["GET"]}}],"collection":[{"href":"https:\/\/antcube.shop\/ro\/wp-json\/wp\/v2\/product"}],"about":[{"href":"https:\/\/antcube.shop\/ro\/wp-json\/wp\/v2\/types\/product"}],"replies":[{"embeddable":true,"href":"https:\/\/antcube.shop\/ro\/wp-json\/wp\/v2\/comments?post=2830"}],"wp:featuredmedia":[{"embeddable":true,"href":"https:\/\/antcube.shop\/ro\/wp-json\/wp\/v2\/media\/339"}],"wp:attachment":[{"href":"https:\/\/antcube.shop\/ro\/wp-json\/wp\/v2\/media?parent=2830"}],"wp:term":[{"taxonomy":"product_brand","embeddable":true,"href":"https:\/\/antcube.shop\/ro\/wp-json\/wp\/v2\/product_brand?post=2830"},{"taxonomy":"product_cat","embeddable":true,"href":"https:\/\/antcube.shop\/ro\/wp-json\/wp\/v2\/product_cat?post=2830"},{"taxonomy":"product_tag","embeddable":true,"href":"https:\/\/antcube.shop\/ro\/wp-json\/wp\/v2\/product_tag?post=2830"}],"curies":[{"name":"wp","href":"https:\/\/api.w.org\/{rel}","templated":true}]}}