{"id":2829,"date":"2021-10-13T18:35:37","date_gmt":"2021-10-13T16:35:37","guid":{"rendered":"https:\/\/antcube.shop\/produkt\/formicarienstopfen-fur-50mm-bohrung\/"},"modified":"2026-04-14T19:51:10","modified_gmt":"2026-04-14T17:51:10","slug":"formicarienstopfen-fur-50mm-bohrung","status":"publish","type":"product","link":"https:\/\/antcube.shop\/ro\/produs\/formicarienstopfen-fur-50mm-bohrung\/","title":{"rendered":"Dop de formicarium pentru gaura de 50 mm"},"content":{"rendered":"<p><strong>Cantitate:<\/strong> 1 bucat\u0103<\/p>\n<p><strong>Dimensiuni:<\/strong> 59 x 10mm<\/p>\n<p><strong>Material:<\/strong> plastic PE<\/p>\n<p><strong>Culoare:<\/strong> transparent, l\u0103ptos<\/p>\n<p><strong>Descriere:<\/strong> Pentru \u00eenchiderea deschiderilor rotunde din formicariile cu diametrul de 50 mm.<\/p>\n<p><strong>Op\u021bional cu gaur\u0103:<\/strong><br \/>\n- Orificiul de 20 mm se potrive\u0219te pentru conectorii de tuburi de rezervor de 27 mm - 14, 16, 20 mm - transparent.<br \/>\n- Gaura de 27 mm se potrive\u0219te pentru fitinguri de 3\/4 inch \u0219i M25<\/p>","protected":false},"excerpt":{"rendered":"<p>Cantitate: 1 buc: 1 bucat\u0103 Dimensiuni: 59 x 10mm Material: PE Material plastic PE Culoare: transparent, l\u0103ptos Descriere: Pentru \u00eenchiderea deschiderilor rotunde \u00een formicariile cu diametrul de 50mm. Op\u021bional cu orificiu: - Orificiu de 20mm se potrive\u0219te pentru conectori pentru tuburi de rezervor de 27mm - 14, 16, 20mm - transparent. - Orificiu de 27mm se potrive\u0219te pentru racorduri de 3\/4 inch \u0219i M25<\/p>","protected":false},"featured_media":343,"comment_status":"open","ping_status":"closed","template":"","meta":{"_acf_changed":false,"content-type":"","_monsterinsights_skip_tracking":false,"_monsterinsights_sitenote_active":false,"_monsterinsights_sitenote_note":"","_monsterinsights_sitenote_category":0},"product_brand":[],"product_cat":[238],"product_tag":[],"class_list":{"0":"post-2829","1":"product","2":"type-product","3":"status-publish","4":"has-post-thumbnail","6":"product_cat-grid-caps-plugs-and-inserts","8":"first","9":"instock","10":"taxable","11":"shipping-taxable","12":"purchasable","13":"product-type-simple"},"acf":[],"aioseo_notices":[],"jetpack_sharing_enabled":true,"_links":{"self":[{"href":"https:\/\/antcube.shop\/ro\/wp-json\/wp\/v2\/product\/2829","targetHints":{"allow":["GET"]}}],"collection":[{"href":"https:\/\/antcube.shop\/ro\/wp-json\/wp\/v2\/product"}],"about":[{"href":"https:\/\/antcube.shop\/ro\/wp-json\/wp\/v2\/types\/product"}],"replies":[{"embeddable":true,"href":"https:\/\/antcube.shop\/ro\/wp-json\/wp\/v2\/comments?post=2829"}],"wp:featuredmedia":[{"embeddable":true,"href":"https:\/\/antcube.shop\/ro\/wp-json\/wp\/v2\/media\/343"}],"wp:attachment":[{"href":"https:\/\/antcube.shop\/ro\/wp-json\/wp\/v2\/media?parent=2829"}],"wp:term":[{"taxonomy":"product_brand","embeddable":true,"href":"https:\/\/antcube.shop\/ro\/wp-json\/wp\/v2\/product_brand?post=2829"},{"taxonomy":"product_cat","embeddable":true,"href":"https:\/\/antcube.shop\/ro\/wp-json\/wp\/v2\/product_cat?post=2829"},{"taxonomy":"product_tag","embeddable":true,"href":"https:\/\/antcube.shop\/ro\/wp-json\/wp\/v2\/product_tag?post=2829"}],"curies":[{"name":"wp","href":"https:\/\/api.w.org\/{rel}","templated":true}]}}