{"id":2828,"date":"2021-10-13T18:35:27","date_gmt":"2021-10-13T16:35:27","guid":{"rendered":"https:\/\/antcube.shop\/produkt\/formicarienstopfen-fur-27mm-bohrung\/"},"modified":"2026-04-14T12:07:23","modified_gmt":"2026-04-14T10:07:23","slug":"formicarienstopfen-fur-27mm-bohrung","status":"publish","type":"product","link":"https:\/\/antcube.shop\/ro\/produs\/formicarienstopfen-fur-27mm-bohrung\/","title":{"rendered":"Dop de formicarium pentru gaur\u0103 de 27 mm"},"content":{"rendered":"<p><strong>Cantitate:<\/strong> 1 bucat\u0103<\/p>\n<p><strong>Dimensiuni:<\/strong> 31 x 10mm<\/p>\n<p><strong>Material:<\/strong> plastic PE<\/p>\n<p><strong>Culoare:<\/strong> transparent, l\u0103ptos<\/p>\n<p><strong>Descriere:<\/strong> Pentru \u00eenchiderea deschiderilor rotunde din formicariile cu diametrul de 27 mm.<br \/>\nPentru o tax\u0103 suplimentar\u0103, oferim, de asemenea, la cerere, s\u0103 t\u0103iem g\u0103uri \u00een fi\u0219\u0103.<\/p>","protected":false},"excerpt":{"rendered":"<p>Cantitate: 1 bucat\u0103 Dimensiuni: 31 x 10mm Material: Plastic PE Culoare: transparent, l\u0103ptos Descriere:: Pentru \u00eenchiderea deschiderilor rotunde din formicariile cu diametrul de 27mm. La cerere, pentru un cost suplimentar, oferim \u0219i t\u0103ierea unor g\u0103uri \u00een dop, la cerere.<\/p>","protected":false},"featured_media":342,"comment_status":"open","ping_status":"closed","template":"","meta":{"_acf_changed":false,"content-type":"","_monsterinsights_skip_tracking":false,"_monsterinsights_sitenote_active":false,"_monsterinsights_sitenote_note":"","_monsterinsights_sitenote_category":0},"product_brand":[],"product_cat":[238],"product_tag":[],"class_list":{"0":"post-2828","1":"product","2":"type-product","3":"status-publish","4":"has-post-thumbnail","6":"product_cat-grid-caps-plugs-and-inserts","8":"first","9":"instock","10":"taxable","11":"shipping-taxable","12":"purchasable","13":"product-type-simple"},"acf":[],"aioseo_notices":[],"jetpack_sharing_enabled":true,"_links":{"self":[{"href":"https:\/\/antcube.shop\/ro\/wp-json\/wp\/v2\/product\/2828","targetHints":{"allow":["GET"]}}],"collection":[{"href":"https:\/\/antcube.shop\/ro\/wp-json\/wp\/v2\/product"}],"about":[{"href":"https:\/\/antcube.shop\/ro\/wp-json\/wp\/v2\/types\/product"}],"replies":[{"embeddable":true,"href":"https:\/\/antcube.shop\/ro\/wp-json\/wp\/v2\/comments?post=2828"}],"wp:featuredmedia":[{"embeddable":true,"href":"https:\/\/antcube.shop\/ro\/wp-json\/wp\/v2\/media\/342"}],"wp:attachment":[{"href":"https:\/\/antcube.shop\/ro\/wp-json\/wp\/v2\/media?parent=2828"}],"wp:term":[{"taxonomy":"product_brand","embeddable":true,"href":"https:\/\/antcube.shop\/ro\/wp-json\/wp\/v2\/product_brand?post=2828"},{"taxonomy":"product_cat","embeddable":true,"href":"https:\/\/antcube.shop\/ro\/wp-json\/wp\/v2\/product_cat?post=2828"},{"taxonomy":"product_tag","embeddable":true,"href":"https:\/\/antcube.shop\/ro\/wp-json\/wp\/v2\/product_tag?post=2828"}],"curies":[{"name":"wp","href":"https:\/\/api.w.org\/{rel}","templated":true}]}}