{"id":2826,"date":"2021-10-13T18:34:38","date_gmt":"2021-10-13T16:34:38","guid":{"rendered":"https:\/\/antcube.shop\/produkt\/schaumstoffwischer-150x18x25mm-5er-pack\/"},"modified":"2026-04-15T13:38:06","modified_gmt":"2026-04-15T11:38:06","slug":"schaumstoffwischer-150x18x25mm-5er-pack","status":"publish","type":"product","link":"https:\/\/antcube.shop\/ro\/produs\/schaumstoffwischer-150x18x25mm-5er-pack\/","title":{"rendered":"\u0218terg\u0103tor de spum\u0103 150x18x2,5mm - pachet de 5"},"content":{"rendered":"<p><strong>Dimensiuni:<\/strong> 150mm lungime, cap de spum\u0103 40x40x20mm.<\/p>\n<p><strong>Cantitate:<\/strong> 5 buc.<\/p>\n<p><strong>Material:<\/strong> spum\u0103, PS<\/p>\n<p><strong>Descriere:<\/strong><br \/>\n\u0218terg\u0103tor de spum\u0103 cu cap p\u0103trat pentru diverse aplica\u021bii.<br \/>\nExemple:<br \/>\n1.) pentru a cur\u0103\u021ba ferestrele.<\/p>\n<p>2.) Ca burete de miere<\/p>\n<p>3.) Ca ad\u0103p\u0103tor, deoarece aspir\u0103 apa.<\/p>\n<p>4.) pentru a aplica uleiul de protec\u021bie \u00eempotriva spargerii<\/p>\n<p>&nbsp;<\/p>","protected":false},"excerpt":{"rendered":"<p>Dimensiuni: 150mm lungime, cap de spum\u0103 40x40x20mm. Cantitate: 5 buc\u0103\u021bi. Material: spum\u0103, PS Descriere: \u0218terg\u0103tor din spum\u0103 cu cap p\u0103trat pentru diverse aplica\u021bii. Exemple: 1.) pentru cur\u0103\u021barea ferestrelor. 2.) Ca burete de miere 3.) Ca un jgheab de b\u0103ut, deoarece aspir\u0103 apa 4.) pentru a aplica uleiul de protec\u021bie \u00eempotriva spargerii. &nbsp;<\/p>","protected":false},"featured_media":307,"comment_status":"open","ping_status":"closed","template":"","meta":{"_acf_changed":false,"content-type":"","_monsterinsights_skip_tracking":false,"_monsterinsights_sitenote_active":false,"_monsterinsights_sitenote_note":"","_monsterinsights_sitenote_category":0},"product_brand":[],"product_cat":[237],"product_tag":[],"class_list":{"0":"post-2826","1":"product","2":"type-product","3":"status-publish","4":"has-post-thumbnail","6":"product_cat-tools","8":"first","9":"instock","10":"taxable","11":"shipping-taxable","12":"purchasable","13":"product-type-simple"},"acf":[],"aioseo_notices":[],"jetpack_sharing_enabled":true,"_links":{"self":[{"href":"https:\/\/antcube.shop\/ro\/wp-json\/wp\/v2\/product\/2826","targetHints":{"allow":["GET"]}}],"collection":[{"href":"https:\/\/antcube.shop\/ro\/wp-json\/wp\/v2\/product"}],"about":[{"href":"https:\/\/antcube.shop\/ro\/wp-json\/wp\/v2\/types\/product"}],"replies":[{"embeddable":true,"href":"https:\/\/antcube.shop\/ro\/wp-json\/wp\/v2\/comments?post=2826"}],"wp:featuredmedia":[{"embeddable":true,"href":"https:\/\/antcube.shop\/ro\/wp-json\/wp\/v2\/media\/307"}],"wp:attachment":[{"href":"https:\/\/antcube.shop\/ro\/wp-json\/wp\/v2\/media?parent=2826"}],"wp:term":[{"taxonomy":"product_brand","embeddable":true,"href":"https:\/\/antcube.shop\/ro\/wp-json\/wp\/v2\/product_brand?post=2826"},{"taxonomy":"product_cat","embeddable":true,"href":"https:\/\/antcube.shop\/ro\/wp-json\/wp\/v2\/product_cat?post=2826"},{"taxonomy":"product_tag","embeddable":true,"href":"https:\/\/antcube.shop\/ro\/wp-json\/wp\/v2\/product_tag?post=2826"}],"curies":[{"name":"wp","href":"https:\/\/api.w.org\/{rel}","templated":true}]}}