{"id":2825,"date":"2021-10-13T18:33:32","date_gmt":"2021-10-13T16:33:32","guid":{"rendered":"https:\/\/antcube.shop\/produkt\/ytongnest-20x20\/"},"modified":"2026-04-14T11:48:54","modified_gmt":"2026-04-14T09:48:54","slug":"ytongnest-20x20","status":"publish","type":"product","link":"https:\/\/antcube.shop\/ro\/produs\/ytongnest-20x20\/","title":{"rendered":"Ytongnest - 20\u00d720"},"content":{"rendered":"<p><strong>Material:<\/strong> beton celular, sticl\u0103, plastic PMMA \u0219i PVC<\/p>\n<p><strong>Conexiune:<\/strong> 2x g\u0103uri de 14mm<\/p>\n<p><strong>Con\u021binut:<\/strong><br \/>\n1x bloc de beton celular 20x20x5 cm cu camere de 20 mm ad\u00e2ncime.<br \/>\n1x plac\u0103 de sticl\u0103 20\u00d720 cm cu o deschidere de 50 mm<br \/>\n1x inel de 50 mm cu deschidere de 27 mm<br \/>\n2x Formicarium plug 13mm<br \/>\n1x Formicarium plug 27mm<\/p>\n<p><strong>Descriere:<\/strong><br \/>\nYtong este un nume de marc\u0103, materialul \u00een sine se nume\u0219te beton celular.<br \/>\nDatorit\u0103 propriet\u0103\u021bii de re\u021binere a apei, materialul este foarte potrivit pentru p\u0103strarea furnicilor.<br \/>\nEste posibil s\u0103 se men\u021bin\u0103 \u00een ea un num\u0103r mare de specii de scorburi, at\u00e2t din habitatele uscate, c\u00e2t \u0219i din cele umede.<br \/>\n\u00cen func\u021bie de specia de furnici, se recomand\u0103 s\u0103 se acopere fundul camerelor cu substrat de sol. Unele specii se simt mai confortabil \u00een acest fel \u0219i, de exemplu, speciile de furnici Ponerinae au nevoie de sol pentru ca larvele lor s\u0103 se poat\u0103 pupa \u00een mod corespunz\u0103tor.<br \/>\nV\u0103 recomand\u0103m s\u0103 ata\u0219a\u021bi o aren\u0103 la cuib pentru a-l folosi ca un formicarium complet.<\/p>\n<p><strong>Sfat:<\/strong><br \/>\nPentru a preveni ca apa s\u0103 se scurg\u0103 din Ytong dup\u0103 ce a umezit zona cuibului \u0219i s\u0103 se adune pe suprafa\u021ba mobilierului de dedesubt, sau ca materialul aspru s\u0103 zg\u00e2rie suprafe\u021bele, v\u0103 recomand\u0103m s\u0103 comanda\u021bi una dintre c\u0103zile de sticl\u0103 potrivite pentru cuiburile noastre Ytong. Acestea sunt impermeabile \u0219i astfel protejeaz\u0103 \u00een mod eficient suprafe\u021bele dedesubt de deteriorarea provocat\u0103 de ap\u0103 \u0219i zg\u00e2rieturi.<\/p>\n<p><strong>Utilizare:<\/strong><br \/>\n<strong>Pentru speciile de furnici de m\u0103rime M - L.<\/strong><br \/>\nBetonul celular este un material foarte fragil \u0219i casant. Prin urmare, din cauza procesului de fabrica\u021bie, este imposibil s\u0103 se evite ca col\u021burile \u0219i marginile s\u0103 prezinte u\u0219oare rupturi \u0219i denivel\u0103ri.<br \/>\nDin acest motiv, cuiburile Ytong nu sunt potrivite pentru speciile de furnici foarte mici de m\u0103rimea S, deoarece aceste specii ar putea evada cu u\u0219urin\u021b\u0103 de aici.<\/p>","protected":false},"excerpt":{"rendered":"<p>Conexiune: 2x 14mm deschidere<br \/>\nDimensiune: <strong><span style=\"color: #339966;\">M<\/span><\/strong><strong> &#8211; <span style=\"color: #0000ff;\">L<\/span><\/strong><\/p>","protected":false},"featured_media":3010,"comment_status":"open","ping_status":"closed","template":"","meta":{"_acf_changed":false,"content-type":"","_monsterinsights_skip_tracking":false,"_monsterinsights_sitenote_active":false,"_monsterinsights_sitenote_note":"","_monsterinsights_sitenote_category":0},"product_brand":[],"product_cat":[80,86],"product_tag":[],"class_list":{"0":"post-2825","1":"product","2":"type-product","3":"status-publish","4":"has-post-thumbnail","6":"product_cat-antfarms","7":"product_cat-formicariums","9":"first","10":"instock","11":"taxable","12":"shipping-taxable","13":"purchasable","14":"product-type-simple"},"acf":[],"aioseo_notices":[],"jetpack_sharing_enabled":true,"_links":{"self":[{"href":"https:\/\/antcube.shop\/ro\/wp-json\/wp\/v2\/product\/2825","targetHints":{"allow":["GET"]}}],"collection":[{"href":"https:\/\/antcube.shop\/ro\/wp-json\/wp\/v2\/product"}],"about":[{"href":"https:\/\/antcube.shop\/ro\/wp-json\/wp\/v2\/types\/product"}],"replies":[{"embeddable":true,"href":"https:\/\/antcube.shop\/ro\/wp-json\/wp\/v2\/comments?post=2825"}],"wp:featuredmedia":[{"embeddable":true,"href":"https:\/\/antcube.shop\/ro\/wp-json\/wp\/v2\/media\/3010"}],"wp:attachment":[{"href":"https:\/\/antcube.shop\/ro\/wp-json\/wp\/v2\/media?parent=2825"}],"wp:term":[{"taxonomy":"product_brand","embeddable":true,"href":"https:\/\/antcube.shop\/ro\/wp-json\/wp\/v2\/product_brand?post=2825"},{"taxonomy":"product_cat","embeddable":true,"href":"https:\/\/antcube.shop\/ro\/wp-json\/wp\/v2\/product_cat?post=2825"},{"taxonomy":"product_tag","embeddable":true,"href":"https:\/\/antcube.shop\/ro\/wp-json\/wp\/v2\/product_tag?post=2825"}],"curies":[{"name":"wp","href":"https:\/\/api.w.org\/{rel}","templated":true}]}}