{"id":2824,"date":"2021-10-13T18:33:13","date_gmt":"2021-10-13T16:33:13","guid":{"rendered":"https:\/\/antcube.shop\/produkt\/food-mix-set-fur-kornersammler\/"},"modified":"2026-04-13T09:31:16","modified_gmt":"2026-04-13T07:31:16","slug":"set-de-amestecuri-pentru-alimente-fur-kornersammler-2","status":"publish","type":"product","link":"https:\/\/antcube.shop\/ro\/produs\/set-de-amestecuri-pentru-alimente-fur-kornersammler-2\/","title":{"rendered":"Set de amestecuri de hran\u0103 - pentru furnici colectoare de cereale"},"content":{"rendered":"<p><strong>Con\u021binut:<\/strong> 2ml per tub de alimentare<br \/>\n2x furaje pentru cereale Minor (Mi)<br \/>\n1x hran\u0103 pentru cereale Media (Me)<br \/>\n1x hran\u0103 pentru cereale Major (Ma)<br \/>\n1x polen de flori (B)<br \/>\n1x hran\u0103 cu carbohidra\u021bi (K)<br \/>\n2x Furaje proteice (PP)<br \/>\n1x hran\u0103 proteic\u0103 FD insecte Pi)<br \/>\n1x hran\u0103 pentru fructe (F)<\/p>\n<p><span data-text-color=\"alert\"><strong>Aten\u021bie:<\/strong> <\/span>V\u0103 rug\u0103m s\u0103 amesteca\u021bi pulberea cu o pic\u0103tur\u0103 de ap\u0103, deoarece nu este acceptat\u0103 de animale atunci c\u00e2nd este uscat\u0103!<\/p>\n<p><strong>Descriere:<\/strong> Acesta este un set de hran\u0103 pentru speciile care colecteaz\u0103 cereale, cum ar fi genul Messor, \u0219i con\u021bine proteine, carbohidra\u021bi \u0219i cereale\/semin\u021be pentru toate cutiile lucr\u0103toare. Deoarece ra\u021biile individuale de hran\u0103 se afl\u0103 \u00een tuburi separate, acestea sunt u\u0219or de dozat.<\/p>\n<p><strong>Utilizare\/aplica\u021bie:<\/strong><br \/>\nHran\u0103 proteic\u0103 = pentru speciile de furnici insectivore (Eulipotyphla).<br \/>\nEste un furaj suplimentar (furaj mixt)<br \/>\nTrebuie amestecat cu o pic\u0103tur\u0103 de ap\u0103 \u0219i apoi, \u00een stare umed\u0103, poate fi p\u0103strat doar 1 zi. Cur\u0103\u021ba\u021bi bine bolul\/tubul de hr\u0103nire \u00eenainte de a-l refolosi.<br \/>\nUn ambalaj deschis trebuie utilizat bine \u00eenchis (dac\u0103 este p\u0103strat la loc uscat) p\u00e2n\u0103 la data indicat\u0103 (data limit\u0103 de consum).<\/p>\n<p>Hran\u0103 proteic\u0103 FD = pentru specii de furnici insectivore (Eulipotyphla)<br \/>\nEste un furaj suplimentar (furaj compus).<br \/>\nTrebuie amestecat cu o pic\u0103tur\u0103 de ap\u0103 \u0219i apoi poate fi p\u0103strat doar 1 zi c\u00e2nd este umed. Cur\u0103\u021ba\u021bi bine bolul\/tubul de hr\u0103nire \u00eenainte de a-l refolosi.<br \/>\nUn ambalaj deschis trebuie utilizat bine \u00eenchis (dac\u0103 este p\u0103strat la loc uscat) p\u00e2n\u0103 la data indicat\u0103 (data limit\u0103 de consum).<\/p>\n<p>Hran\u0103 cu carbohidra\u021bi = pentru speciile de furnici consumatoare de zah\u0103r\/miere<br \/>\nEste un furaj suplimentar (furaj compus)<br \/>\nPoate fi amestecat cu o pic\u0103tur\u0103 de ap\u0103 \u0219i are un termen de valabilitate de 3 zile c\u00e2nd este umed. Cur\u0103\u021ba\u021bi temeinic bolul\/tubul de hr\u0103nire \u00eenainte de reutilizare.<br \/>\nUn ambalaj deschis trebuie utilizat bine \u00eenchis (dac\u0103 este p\u0103strat la loc uscat) p\u00e2n\u0103 la data indicat\u0103 (data limit\u0103 de consum).<\/p>\n<p>Hran\u0103 din fructe = pentru speciile de furnici consumatoare de fructe (frugivore)<br \/>\nEste un furaj suplimentar (furaj unic)<br \/>\nPoate fi amestecat cu o pic\u0103tur\u0103 de ap\u0103 \u0219i are un termen de valabilitate de 3 zile atunci c\u00e2nd este umed. Cur\u0103\u021ba\u021bi temeinic bolul\/tubul de hr\u0103nire \u00eenainte de a-l reutiliza.<br \/>\nUn ambalaj deschis trebuie utilizat bine \u00eenchis (dac\u0103 este p\u0103strat la loc uscat) p\u00e2n\u0103 la data indicat\u0103 (data limit\u0103 de consum).<\/p>\n<p>Polenul din flori = pentru speciile de furnici consumatoare de polen din flori.<br \/>\nEste un furaj suplimentar (furaj unic)<br \/>\nAcesta poate fi oferit animalelor \u00een starea \u00een care a fost livrat. Deoarece umiditatea \u00eei \u00eenmoaie consisten\u021ba, hrana trebuie \u00eenlocuit\u0103 la fiecare 5 zile. Cur\u0103\u021ba\u021bi temeinic bolul\/tubul de hr\u0103nire \u00eenainte de reutilizare.<br \/>\nUn ambalaj deschis trebuie utilizat bine \u00eenchis (dac\u0103 este p\u0103strat la loc uscat) p\u00e2n\u0103 la data indicat\u0103 (data limit\u0103 de consum).<\/p>\n<p>Hran\u0103 pentru cereale Minor<br \/>\nHran\u0103 pentru cereale Media<br \/>\nHran\u0103 din cereale Major = pentru speciile de furnici consumatoare de cereale = (granivore)<br \/>\nEste un furaj suplimentar (furaj mixt)<br \/>\nAcesta poate fi oferit animalelor \u00een starea \u00een care a fost livrat. Castronul\/tubul de hr\u0103nire trebuie s\u0103 fie plasat \u00eentr-un loc uscat. \u00cen condi\u021bii de umiditate, boabele (semin\u021bele) pot \u00eencepe s\u0103 germineze. Dac\u0103 se observ\u0103 acest lucru, hrana trebuie \u00eenlocuit\u0103.<br \/>\nUn ambalaj deschis trebuie utilizat bine \u00eenchis (dac\u0103 este p\u0103strat la loc uscat) p\u00e2n\u0103 la data indicat\u0103 (data limit\u0103 de consum).<\/p>\n<p><strong>Aviz:<\/strong><br \/>\nInforma\u021bii privind modul de utilizare a tuburilor de alimentare pot fi g\u0103site aici: Link<br \/>\nHran\u0103 complet\u0103 pentru furnici granivore.<br \/>\nV\u0103 rug\u0103m s\u0103 consulta\u021bi prospectul pentru compozi\u021bie, ingrediente analitice, data limit\u0103 de consum \u0219i num\u0103rul de lot.<\/p>\n<p>Linia telefonic\u0103 pentru informa\u021bii +49 30 439703870<\/p>\n<p>Autoritatea veterinar\u0103 \u0219i de supraveghere alimentar\u0103 responsabil\u0103:<br \/>\nCabinet veterinar Steglitz<br \/>\nK\u00f6nigin-Luise-Str. 92<br \/>\n14195 Berlin<\/p>\n<p>&nbsp;<\/p>","protected":false},"excerpt":{"rendered":"<p>Hran\u0103 complet\u0103<\/p>","protected":false},"featured_media":308,"comment_status":"open","ping_status":"closed","template":"","meta":{"_acf_changed":false,"content-type":"","_monsterinsights_skip_tracking":false,"_monsterinsights_sitenote_active":false,"_monsterinsights_sitenote_note":"","_monsterinsights_sitenote_category":0},"product_brand":[],"product_cat":[115,116],"product_tag":[],"class_list":{"0":"post-2824","1":"product","2":"type-product","3":"status-publish","4":"has-post-thumbnail","6":"product_cat-food-and-feeding","7":"product_cat-food","9":"first","10":"instock","11":"taxable","12":"shipping-taxable","13":"purchasable","14":"product-type-simple"},"acf":[],"aioseo_notices":[],"jetpack_sharing_enabled":true,"_links":{"self":[{"href":"https:\/\/antcube.shop\/ro\/wp-json\/wp\/v2\/product\/2824","targetHints":{"allow":["GET"]}}],"collection":[{"href":"https:\/\/antcube.shop\/ro\/wp-json\/wp\/v2\/product"}],"about":[{"href":"https:\/\/antcube.shop\/ro\/wp-json\/wp\/v2\/types\/product"}],"replies":[{"embeddable":true,"href":"https:\/\/antcube.shop\/ro\/wp-json\/wp\/v2\/comments?post=2824"}],"wp:featuredmedia":[{"embeddable":true,"href":"https:\/\/antcube.shop\/ro\/wp-json\/wp\/v2\/media\/308"}],"wp:attachment":[{"href":"https:\/\/antcube.shop\/ro\/wp-json\/wp\/v2\/media?parent=2824"}],"wp:term":[{"taxonomy":"product_brand","embeddable":true,"href":"https:\/\/antcube.shop\/ro\/wp-json\/wp\/v2\/product_brand?post=2824"},{"taxonomy":"product_cat","embeddable":true,"href":"https:\/\/antcube.shop\/ro\/wp-json\/wp\/v2\/product_cat?post=2824"},{"taxonomy":"product_tag","embeddable":true,"href":"https:\/\/antcube.shop\/ro\/wp-json\/wp\/v2\/product_tag?post=2824"}],"curies":[{"name":"wp","href":"https:\/\/api.w.org\/{rel}","templated":true}]}}