{"id":2823,"date":"2021-10-13T18:33:03","date_gmt":"2021-10-13T16:33:03","guid":{"rendered":"https:\/\/antcube.shop\/produkt\/becken-schlauchverbinder-27mm-14-16-20-mm-transparent\/"},"modified":"2026-04-28T01:10:28","modified_gmt":"2026-04-27T23:10:28","slug":"becken-schlauchverbinder-27mm-14-16-20-mm-transparent","status":"publish","type":"product","link":"https:\/\/antcube.shop\/ro\/produs\/becken-schlauchverbinder-27mm-14-16-20-mm-transparent\/","title":{"rendered":"Racord pentru furtun de bazin 27 mm - 14, 16, 20 mm - transparent"},"content":{"rendered":"<p><strong>Dimensiuni:\u00a0<\/strong><br \/>\nDiametrul interior = 14mm<br \/>\nDiametrul exterior = 16 mm (prima etap\u0103), 20 mm (a doua etap\u0103)<br \/>\nLungime = 36mm<\/p>\n<p><strong>Cuprins:<\/strong><br \/>\n1x conector pentru furtun de bazin<br \/>\n1x inel de prindere<\/p>\n<p><strong>Conexiune:<\/strong><br \/>\nBazin : Se potrive\u0219te \u00een g\u0103uri de 27 mm (3\/4\u2033) cu o grosime a peretelui de 4 mm!<br \/>\nFurtunuri: 14\/10-furtunul este introdus str\u00e2ns \u00een soclul de 14 mm.<br \/>\nTubulatura de 20\/16 este bine fixat\u0103 pe prima treapt\u0103 de 16 mm.<br \/>\nFurtunul de 22\/18 este fixat pe al doilea pas de 20 mm.<br \/>\nfurtunul 24\/20 este montat f\u0103r\u0103 str\u00e2ngere pe a doua treapt\u0103 de 20 mm<\/p>\n<p><strong>Descriere:<\/strong><br \/>\nAcest conector de bazin va fi conectat prin gaura de 27 mm, cu o grosime a peretelui de sticl\u0103 de 4 mm. Un inel de prindere fixeaz\u0103 conectorul pe bazinul de sticl\u0103. La cel\u0103lalt cap\u0103t al buc\u0219ei pot fi ata\u0219ate tuburi cu diametrul exterior de 14 mm sau cu diametrul interior de 16 mm sau 20 mm.<\/p>","protected":false},"excerpt":{"rendered":"<p>Dimensiuni: Diametru interior = 14mm Diametru exterior = 16mm (prima etap\u0103), 20mm (a doua etap\u0103) Lungime = 36mm Con\u021binut:: 1x conector pentru furtun de bazin 1x inel de str\u00e2ngere Conexiune: Bazin : Se potrive\u0219te \u00een g\u0103uri de 27mm (3\/4\") cu o grosime a peretelui de 4mm! Furtunuri: Furtunul de 14\/10 se introduce bine \u00een priza de 14mm Tubulatura de 20\/16 mm se monteaz\u0103 bine pe","protected":false},"featured_media":357,"comment_status":"open","ping_status":"closed","template":"","meta":{"_acf_changed":false,"content-type":"","_monsterinsights_skip_tracking":false,"_monsterinsights_sitenote_active":false,"_monsterinsights_sitenote_note":"","_monsterinsights_sitenote_category":0},"product_brand":[],"product_cat":[121],"product_tag":[],"class_list":{"0":"post-2823","1":"product","2":"type-product","3":"status-publish","4":"has-post-thumbnail","6":"product_cat-connectors","8":"first","9":"instock","10":"taxable","11":"shipping-taxable","12":"purchasable","13":"product-type-simple"},"acf":[],"aioseo_notices":[],"jetpack_sharing_enabled":true,"_links":{"self":[{"href":"https:\/\/antcube.shop\/ro\/wp-json\/wp\/v2\/product\/2823","targetHints":{"allow":["GET"]}}],"collection":[{"href":"https:\/\/antcube.shop\/ro\/wp-json\/wp\/v2\/product"}],"about":[{"href":"https:\/\/antcube.shop\/ro\/wp-json\/wp\/v2\/types\/product"}],"replies":[{"embeddable":true,"href":"https:\/\/antcube.shop\/ro\/wp-json\/wp\/v2\/comments?post=2823"}],"wp:featuredmedia":[{"embeddable":true,"href":"https:\/\/antcube.shop\/ro\/wp-json\/wp\/v2\/media\/357"}],"wp:attachment":[{"href":"https:\/\/antcube.shop\/ro\/wp-json\/wp\/v2\/media?parent=2823"}],"wp:term":[{"taxonomy":"product_brand","embeddable":true,"href":"https:\/\/antcube.shop\/ro\/wp-json\/wp\/v2\/product_brand?post=2823"},{"taxonomy":"product_cat","embeddable":true,"href":"https:\/\/antcube.shop\/ro\/wp-json\/wp\/v2\/product_cat?post=2823"},{"taxonomy":"product_tag","embeddable":true,"href":"https:\/\/antcube.shop\/ro\/wp-json\/wp\/v2\/product_tag?post=2823"}],"curies":[{"name":"wp","href":"https:\/\/api.w.org\/{rel}","templated":true}]}}