{"id":2821,"date":"2021-10-13T18:28:32","date_gmt":"2021-10-13T16:28:32","guid":{"rendered":"https:\/\/antcube.shop\/produkt\/handlupe-2fach-30mm\/"},"modified":"2026-04-15T17:09:38","modified_gmt":"2026-04-15T15:09:38","slug":"handlupe-2fach-30mm","status":"publish","type":"product","link":"https:\/\/antcube.shop\/ro\/produs\/handlupe-2fach-30mm\/","title":{"rendered":"Lupa de m\u00e2n\u0103 - 2x - 30mm"},"content":{"rendered":"<p><strong>Dimensiuni (LxLxA):<\/strong> 80x36x2 mm<\/p>\n<p><strong>Material:<\/strong> plastic<\/p>\n<p><strong>Culoare:<\/strong> transparent<\/p>\n<p><strong>Cuprins:<\/strong><br \/>\n<strong>1x<\/strong> lup\u0103 de m\u00e2n\u0103<\/p>\n<p><strong>Specifica\u021bii tehnice:<\/strong><br \/>\nM\u0103rire = 2x<\/p>\n<p><strong>Descriere \/ Aplica\u021bie:<\/strong><br \/>\nLup\u0103 de m\u00e2n\u0103 pentru verificarea furnicilor sau a insectelor care se hr\u0103nesc.<\/p>\n<p><strong>Aviz:<\/strong><br \/>\nProcesare simpl\u0103 \u0219i calitate simpl\u0103, deoarece este fabricat din plastic \u0219i este sensibil la zg\u00e2rieturi.<\/p>","protected":false},"excerpt":{"rendered":"<p>Dimensiuni (LxLxA): 80x36x2 mm Material: plastic Culoare: transparent Con\u021bine: 1x lup\u0103 de m\u00e2n\u0103 Specifica\u021bii tehnice: 1 x lup\u0103 de m\u00e2n\u0103: M\u0103rire = 2x Descriere \/ Aplica\u021bie: M\u0103rire = 2x: Lupa de m\u00e2n\u0103 pentru verificarea furnicilor sau hr\u0103nirea insectelor. Not\u0103: Nu este necesar s\u0103 se foloseasc\u0103 \u00een cazul \u00een care nu se poate folosi: Procesare simpl\u0103 \u0219i calitate simpl\u0103, deoarece este fabricat\u0103 din plastic \u0219i este sensibil\u0103 la zg\u00e2rieturi.<\/p>","protected":false},"featured_media":310,"comment_status":"open","ping_status":"closed","template":"","meta":{"_acf_changed":false,"content-type":"","_monsterinsights_skip_tracking":false,"_monsterinsights_sitenote_active":false,"_monsterinsights_sitenote_note":"","_monsterinsights_sitenote_category":0},"product_brand":[],"product_cat":[237],"product_tag":[],"class_list":{"0":"post-2821","1":"product","2":"type-product","3":"status-publish","4":"has-post-thumbnail","6":"product_cat-tools","8":"first","9":"instock","10":"taxable","11":"shipping-taxable","12":"purchasable","13":"product-type-simple"},"acf":[],"aioseo_notices":[],"jetpack_sharing_enabled":true,"_links":{"self":[{"href":"https:\/\/antcube.shop\/ro\/wp-json\/wp\/v2\/product\/2821","targetHints":{"allow":["GET"]}}],"collection":[{"href":"https:\/\/antcube.shop\/ro\/wp-json\/wp\/v2\/product"}],"about":[{"href":"https:\/\/antcube.shop\/ro\/wp-json\/wp\/v2\/types\/product"}],"replies":[{"embeddable":true,"href":"https:\/\/antcube.shop\/ro\/wp-json\/wp\/v2\/comments?post=2821"}],"wp:featuredmedia":[{"embeddable":true,"href":"https:\/\/antcube.shop\/ro\/wp-json\/wp\/v2\/media\/310"}],"wp:attachment":[{"href":"https:\/\/antcube.shop\/ro\/wp-json\/wp\/v2\/media?parent=2821"}],"wp:term":[{"taxonomy":"product_brand","embeddable":true,"href":"https:\/\/antcube.shop\/ro\/wp-json\/wp\/v2\/product_brand?post=2821"},{"taxonomy":"product_cat","embeddable":true,"href":"https:\/\/antcube.shop\/ro\/wp-json\/wp\/v2\/product_cat?post=2821"},{"taxonomy":"product_tag","embeddable":true,"href":"https:\/\/antcube.shop\/ro\/wp-json\/wp\/v2\/product_tag?post=2821"}],"curies":[{"name":"wp","href":"https:\/\/api.w.org\/{rel}","templated":true}]}}