{"id":2820,"date":"2021-10-13T18:28:23","date_gmt":"2021-10-13T16:28:23","guid":{"rendered":"https:\/\/antcube.shop\/produkt\/ameisen-ausbruchsschutz-ol-10ml\/"},"modified":"2026-04-02T17:07:23","modified_gmt":"2026-04-02T15:07:23","slug":"ameisen-ausbruchsschutz-ol-10ml","status":"publish","type":"product","link":"https:\/\/antcube.shop\/ro\/produs\/ameisen-ausbruchsschutz-ol-10ml\/","title":{"rendered":"Ulei de protec\u021bie \u00eempotriva sc\u0103p\u0103rii furnicilor 10ml"},"content":{"rendered":"<p><strong>Con\u021binut:<\/strong> 10 ml (suficient pentru aproximativ 10-15 metri de band\u0103 de 2 cm l\u0103\u021bime)<\/p>\n<p><strong>Culoare:<\/strong> transparent, incolor<\/p>\n<p><strong>Material:<\/strong> pe baz\u0103 de ulei de parafin\u0103<\/p>\n<p><strong>Avantaj:<\/strong> Poate fi aplicat pe toate suprafe\u021bele netede, cum ar fi sticla sau plasticul:<\/p>\n<p><strong>Dezavantaj:<\/strong> \u00cen cazul coloniilor mari, animalele pot \u00eempr\u0103\u0219tia uleiul pe geam, merg\u00e2nd pe suprafa\u021ba de ulei, astfel \u00eenc\u00e2t geamul trebuie cur\u0103\u021bat \u00een timp.<\/p>\n<p><strong>Cerere:<\/strong> Pelicula trebuie s\u0103 fie de aproximativ 3 ori mai lat\u0103 la marginea interioar\u0103 dec\u00e2t sunt lungi furnicile \u0219i trebuie aplicat\u0103 f\u0103r\u0103 s\u0103 curg\u0103.<\/p>\n<p><strong>Re\u00eennoire:<\/strong> 2-4 luni, \u00een func\u021bie de m\u0103rimea coloniei \u0219i de sezon.<\/p>\n<p><strong>Not\u0103:<\/strong> Animalele trebuie s\u0103 aib\u0103 doar \"picioarele\" \u00een contact cu uleiul. \u00cen cazul \u00een care se formeaz\u0103 pic\u0103turi mari, exist\u0103 riscul ca animalele s\u0103 intre cu capul \u00een pic\u0103turi \u0219i s\u0103 se sufoce cu ulei.<\/p>\n<p><a href=\"https:\/\/antcube.shop\/wp-content\/uploads\/2022\/02\/ant_escape_protection_oil_en.pdf\">Fi\u0219a de date de securitate a materialelor pentru Ant Breakout Protection Oil, (PDF 0,1 MB)<\/a><br \/>\n(Con\u021bine: Instruc\u021biuni de siguran\u021b\u0103)<\/p>\n<p>&nbsp;<\/p>","protected":false},"excerpt":{"rendered":"<p>Con\u021binut: 10 ml (suficient pentru aprox. 10-15 metri de band\u0103 de 2 cm l\u0103\u021bime) Culoare: transparent, incolor Material: pe baz\u0103 de ulei de parafin\u0103 Avantaj: Poate fi aplicat pe toate suprafe\u021bele netede, cum ar fi sticla sau plasticul: Dezavantaj: \u00cen cazul unor colonii mari, animalele pot \u00eempr\u0103\u0219tia uleiul pe geam, merg\u00e2nd pe suprafa\u021ba uns\u0103,","protected":false},"featured_media":303,"comment_status":"open","ping_status":"closed","template":"","meta":{"_acf_changed":false,"content-type":"","_monsterinsights_skip_tracking":false,"_monsterinsights_sitenote_active":false,"_monsterinsights_sitenote_note":"","_monsterinsights_sitenote_category":0},"product_brand":[],"product_cat":[237],"product_tag":[],"class_list":{"0":"post-2820","1":"product","2":"type-product","3":"status-publish","4":"has-post-thumbnail","6":"product_cat-tools","8":"first","9":"instock","10":"taxable","11":"shipping-taxable","12":"purchasable","13":"product-type-simple"},"acf":[],"aioseo_notices":[],"jetpack_sharing_enabled":true,"_links":{"self":[{"href":"https:\/\/antcube.shop\/ro\/wp-json\/wp\/v2\/product\/2820","targetHints":{"allow":["GET"]}}],"collection":[{"href":"https:\/\/antcube.shop\/ro\/wp-json\/wp\/v2\/product"}],"about":[{"href":"https:\/\/antcube.shop\/ro\/wp-json\/wp\/v2\/types\/product"}],"replies":[{"embeddable":true,"href":"https:\/\/antcube.shop\/ro\/wp-json\/wp\/v2\/comments?post=2820"}],"wp:featuredmedia":[{"embeddable":true,"href":"https:\/\/antcube.shop\/ro\/wp-json\/wp\/v2\/media\/303"}],"wp:attachment":[{"href":"https:\/\/antcube.shop\/ro\/wp-json\/wp\/v2\/media?parent=2820"}],"wp:term":[{"taxonomy":"product_brand","embeddable":true,"href":"https:\/\/antcube.shop\/ro\/wp-json\/wp\/v2\/product_brand?post=2820"},{"taxonomy":"product_cat","embeddable":true,"href":"https:\/\/antcube.shop\/ro\/wp-json\/wp\/v2\/product_cat?post=2820"},{"taxonomy":"product_tag","embeddable":true,"href":"https:\/\/antcube.shop\/ro\/wp-json\/wp\/v2\/product_tag?post=2820"}],"curies":[{"name":"wp","href":"https:\/\/api.w.org\/{rel}","templated":true}]}}