{"id":2755,"date":"2021-10-08T12:07:42","date_gmt":"2021-10-08T10:07:42","guid":{"rendered":"https:\/\/antcube.shop\/produkt\/antcube-starter-set-l-20x20-digfix\/"},"modified":"2026-03-23T15:57:03","modified_gmt":"2026-03-23T14:57:03","slug":"antcube-starter-set-l-20x20-digfix","status":"publish","type":"product","link":"https:\/\/antcube.shop\/ro\/produs\/antcube-starter-set-l-20x20-digfix\/","title":{"rendered":"ANTCUBE Starter Set L - 20\u00d720 - Digfix"},"content":{"rendered":"<p><strong>Cuprins:<\/strong><br \/>\n1x ANTCUBE - Arena 20x20x10 - plat<br \/>\n1x Cadru pentru arena de furnici 20\u00d720<br \/>\n1x capacul arenei pentru furnici 20\u00d720<br \/>\n4x puncte de fixare pentru capacul arenei<br \/>\n1x ANTCUBE - Ferm\u0103 de furnici - L - 20\u00d720 - vertical<\/p>\n<p>1x ANTCUBE - Plac\u0103 Digfix 20\u00d720 - L<br \/>\n1x furtun de 0,5 m transparent 20\/16 mm<br \/>\n1x ANTCUBE - Folie ro\u0219ie 20\u00d720 - filtru<br \/>\n1x cleme adezive - transparente 2 buc.<br \/>\n1x substrat - nisip-argila bej - 200g<\/p>\n<p>2x Grid insert acrylic &#8211; 50 mm with sealing ring<br \/>\n1x Grid insert acrylic &#8211; 27 mm with sealing ring<br \/>\n1x Capac de gril\u0103 - 16mm - o\u021bel inoxidabil<\/p>\n<p>1x conector pentru furtun rezervor 27-14,16,20 mm - transparent<br \/>\n1x Ulei de protec\u021bie \u00eempotriva evad\u0103rii furnicilor 10ml<br \/>\n1x Penset\u0103 din o\u021bel cu arc - larg\u0103 - moale<br \/>\n1x Penset\u0103 de plastic transparent<br \/>\n1x pipet\u0103 de plastic 3ml<br \/>\n1x lup\u0103 de m\u00e2n\u0103 - 2x - 30mm<br \/>\n1x \u0219terg\u0103tor de spum\u0103 150x18x2.5mm<\/p>\n<p>1x drinking clear 5ml &#8211; sponge<br \/>\n1x Feeding dish white rectangle &#8211; 3 compartments<br \/>\n1x Jgheab de b\u0103ut 2ml - 360 de grade<br \/>\n1x Foil thermometer &#8211; farm<br \/>\n1x Foil thermometer display<\/p>\n<p><strong>Descriere:<\/strong><br \/>\nThis Digfix starter set is suitable for various species of ants, especially those that nest in sand and\/or dead wood. It can be kept dry or slightly moist.<\/p>\n<p>The &#8220;ANTCUBE &#8211; Digfix plate&#8221; can be inserted into the fully transparent farm. The ants dig their tunnels and chambers into the material themselves. If required, additional modules can be connected via the 50 mm holes in the cover, e.g. the separately available foggers, fans or lights. Alternatively, suitable Formicarien plugs are included to close the openings. If desired, the formicarium can also be operated open by simply attaching the removable frame and applying the ant escape protection oil to the edge. The &#8220;Drinking trough 2ml &#8211; 360 degrees&#8221; is intended for honey\/sugar solution, the &#8220;Drinking trough clear 5ml &#8211; sponge&#8221; for water. The &#8220;Foil thermometer display&#8221; can be attached to the frame or the cover and displays the climate values.<\/p>\n<p><strong>Important:<\/strong> V\u0103 rug\u0103m s\u0103 umezi\u021bi substratul \u00eenainte de utilizare, astfel \u00eenc\u00e2t amestecul s\u0103 se lege \u0219i s\u0103 se fixeze bine \u00een furnicar. \u00cen plus, dac\u0103 substratul este prea uscat \u0219i pr\u0103fuit, c\u0103ile respiratorii ale furnicilor pot fi blocate \u0219i, \u00een cel mai r\u0103u caz, animalele se pot sufoca.<\/p>\n<p><strong>Recomandare: <\/strong>Recomand\u0103m un strat de substrat cu o \u00een\u0103l\u021bime de 2 mm, astfel \u00eenc\u00e2t animalele s\u0103 nu poat\u0103 s\u0103pa \u00een aren\u0103 \u0219i s\u0103 foloseasc\u0103 \u00een schimb ferma prev\u0103zut\u0103 \u00een acest scop. De asemenea, recomand\u0103m ca materialul de cuib\u0103rit din ferm\u0103 (nisip\/argil\u0103, Digfix etc.) s\u0103 fie u\u0219or \u00een\u021bepat \u00eentr-un singur loc, pentru a facilita s\u0103parea animalelor.<\/p>\n<p><strong>Not\u0103: <\/strong>Cuibul poate fi folosit \u00een formicarii uscate \u0219i umede. Dac\u0103 cuibul este men\u021binut permanent umed (prea umed), reziduurile de hran\u0103 pot duce la apari\u021bia mucegaiului.<\/p>\n<p><strong>Not\u0103 privind Digfix:<\/strong> Culoarea natural\u0103 poate varia \u00eentre verde\/gri-maroniu \u0219i maro-p\u0103m\u00e2ntiu. Culoarea nu are nicio influen\u021b\u0103 asupra calit\u0103\u021bii.<\/p>\n<p><strong>Note privind produc\u021bia<\/strong><br \/>\nSticla este t\u0103iat\u0103 la dimensiune \u00een conformitate cu DIN 1249 cu o toleran\u021b\u0103 de +\/- 1 mm. O protec\u021bie suplimentar\u0103 \u00eempotriva spargerii este esen\u021bial\u0103 pentru speciile de furnici extrem de mici.<\/p>\n<p><strong>Not\u0103 privind ferma<\/strong><br \/>\nC\u00e2nd ata\u0219a\u021bi sau scoate\u021bi furtunurile, v\u0103 rug\u0103m s\u0103 \u021bine\u021bi cont de urm\u0103toarele:<br \/>\n\u00cen cazul \u00een care tubulatura se potrive\u0219te foarte greu pe priza de conectare, aceasta trebuie frecat\u0103 u\u0219or cu o pic\u0103tur\u0103 din uleiul sau pulberea noastr\u0103 antiefrac\u021bie. Furtunul trebuie apoi \u00eempins pe priz\u0103 prin mi\u0219c\u0103ri de r\u0103sucire sau \u00een\u0219urubare, f\u0103r\u0103 a for\u021ba priza cu mi\u0219c\u0103ri de sus \u00een jos. Acela\u0219i lucru este valabil \u0219i atunci c\u00e2nd scoate\u021bi furtunurile din priza de conectare a fermei. V\u0103 rug\u0103m s\u0103 nu trage\u021bi pur \u0219i simplu de el!<\/p>\n<p><strong>Instruc\u021biuni:<\/strong> (Versiunea 2023, versiunea actualizat\u0103 pentru 2024 va fi disponibil\u0103 p\u00e2n\u0103 cel t\u00e2rziu \u00een 04\/2024)<\/p>\n<p>- DE <a href=\"https:\/\/www.antstore.net\/shop\/images\/info\/de\/Gebrauchsanweisung%20Starter%20Set%20Digfix.pdf\" data-cke-saved-href=\"https:\/\/www.antstore.net\/shop\/images\/info\/de\/Gebrauchsanweisung%20Starter%20Set%20Digfix.pdf\">Gebrauchsanweisung Starter Set Digfix<\/a> (PDF 3,03 MB)<\/p>\n<p>- RO <a href=\"https:\/\/www.antstore.net\/shop\/images\/info\/en\/Instructions%20for%20use%20-%20Starter%20Set%20Digfix.pdf\" data-cke-saved-href=\"https:\/\/www.antstore.net\/shop\/images\/info\/en\/Instructions%20for%20use%20-%20Starter%20Set%20Digfix.pdf\">Instruc\u021biuni de utilizare - Starter Set Digfix<\/a> (PDF 3,03 MB)<\/p>\n<p>- ES <a href=\"https:\/\/www.antstore.net\/shop\/images\/info\/es\/Manual%20de%20instrucciones%20-%20Set%20de%20inicio%20Digfix.pdf\" data-cke-saved-href=\"https:\/\/www.antstore.net\/shop\/images\/info\/es\/Manual%20de%20instrucciones%20-%20Set%20de%20inicio%20Digfix.pdf\">Manual de instruc\u021biuni - Set de pornire Digfix<\/a> (PDF 3,03 MB)<\/p>\n<p>- FR <a href=\"https:\/\/www.antstore.net\/shop\/images\/info\/fr\/Manuel%20d'instruction%20-%20Kit%20de%20d%C3%A9marrage%20Digfix.pdf\" data-cke-saved-href=\"https:\/\/www.antstore.net\/shop\/images\/info\/fr\/Manuel%20d'instruction%20-%20Kit%20de%20d%C3%A9marrage%20Digfix.pdf\">Manuel d'instruction - Kit de d\u00e9marrage Digfix<\/a> (PDF 3,03 MB)<\/p>","protected":false},"excerpt":{"rendered":"<p>The set consists of 25 parts and is suitable for various species of ants, especially those that nest in sand and\/or dead wood. It can be kept dry or slightly moist.<br \/>\nDimensiune: <strong>L<\/strong><\/p>","protected":false},"featured_media":5446,"comment_status":"open","ping_status":"closed","template":"","meta":{"_acf_changed":false,"content-type":"","_monsterinsights_skip_tracking":false,"_monsterinsights_sitenote_active":false,"_monsterinsights_sitenote_note":"","_monsterinsights_sitenote_category":0},"product_brand":[],"product_cat":[73,75],"product_tag":[],"class_list":{"0":"post-2755","1":"product","2":"type-product","3":"status-publish","4":"has-post-thumbnail","6":"product_cat-starter-sets","7":"product_cat-starter-sets-digfix","9":"first","10":"instock","11":"taxable","12":"shipping-taxable","13":"purchasable","14":"product-type-simple"},"acf":[],"aioseo_notices":[],"jetpack_sharing_enabled":true,"_links":{"self":[{"href":"https:\/\/antcube.shop\/ro\/wp-json\/wp\/v2\/product\/2755","targetHints":{"allow":["GET"]}}],"collection":[{"href":"https:\/\/antcube.shop\/ro\/wp-json\/wp\/v2\/product"}],"about":[{"href":"https:\/\/antcube.shop\/ro\/wp-json\/wp\/v2\/types\/product"}],"replies":[{"embeddable":true,"href":"https:\/\/antcube.shop\/ro\/wp-json\/wp\/v2\/comments?post=2755"}],"wp:featuredmedia":[{"embeddable":true,"href":"https:\/\/antcube.shop\/ro\/wp-json\/wp\/v2\/media\/5446"}],"wp:attachment":[{"href":"https:\/\/antcube.shop\/ro\/wp-json\/wp\/v2\/media?parent=2755"}],"wp:term":[{"taxonomy":"product_brand","embeddable":true,"href":"https:\/\/antcube.shop\/ro\/wp-json\/wp\/v2\/product_brand?post=2755"},{"taxonomy":"product_cat","embeddable":true,"href":"https:\/\/antcube.shop\/ro\/wp-json\/wp\/v2\/product_cat?post=2755"},{"taxonomy":"product_tag","embeddable":true,"href":"https:\/\/antcube.shop\/ro\/wp-json\/wp\/v2\/product_tag?post=2755"}],"curies":[{"name":"wp","href":"https:\/\/api.w.org\/{rel}","templated":true}]}}