{"id":2737,"date":"2021-10-08T12:04:45","date_gmt":"2021-10-08T10:04:45","guid":{"rendered":"https:\/\/antcube.shop\/produkt\/antcube-starter-set-fur-blattschneiderarten-gros\/"},"modified":"2026-04-01T13:28:05","modified_gmt":"2026-04-01T11:28:05","slug":"antcube-starter-set-fur-blattschneiderarten-gros","status":"publish","type":"product","link":"https:\/\/antcube.shop\/ro\/produs\/antcube-starter-set-fur-blattschneiderarten-gros\/","title":{"rendered":"ANTCUBE - Set de pornire pentru furnici t\u0103ietoare de frunze - Mare"},"content":{"rendered":"<p><span data-text-color=\"alert\"><strong>Transportul este posibil numai prin expediere pe palet\u0103.<\/strong><\/span><\/p>\n<p><strong>Include:<\/strong><\/p>\n<p>1x ANTCUBE Arena 30x30x60 cu u\u0219\u0103 glisant\u0103<br \/>\n1x cadru pentru u\u0219a glisant\u0103<br \/>\n2x ANTCUBE Arena 30x30x30cm<br \/>\n3x cadru pentru arena de furnici 30x30cm<br \/>\n3x capacul pentru arena de furnici 30x30cm<br \/>\n12x puncte de fixare pentru copertina arenei<\/p>\n<p>1x tub de furnici - cristal transparent 50mm - 1m (\u00eenjum\u0103t\u0103\u021bit)<br \/>\n1x substrat - rainforest - 1 kg<br \/>\n1x Formicarium granule 200ml - bej<br \/>\n3x Formicarium de baz\u0103 30\u00d730<\/p>\n<p>3x Formicarium plug for 50mm hole<br \/>\n8x Grid insert acrylic &#8211; 50 mm with sealing ring<br \/>\n4x conector de rezervor 1 1\/2\u2033 la 50mm - cristal clar<br \/>\n4x Formicarium nut 1 1\/2 inch - cristalin<\/p>\n<p>1x Foil thermometer Display<br \/>\n1x drinking clear 5ml &#8211; sponge<br \/>\n1x penset\u0103 din o\u021bel cu arc - larg\u0103 - moale<br \/>\n1x penseta pentru formicarium - plastic<br \/>\n1x lup\u0103 de m\u00e2n\u0103 - 2x - 30mm<br \/>\n1x ulei de protec\u021bie \u00eempotriva sc\u0103p\u0103rii furnicilor 10ml<br \/>\n1x \u0219terg\u0103tor de spum\u0103 150x18x2,5mm<br \/>\n1x Sticl\u0103 de pulverizare pulverizator 0,5 litri - duz\u0103 din alam\u0103<br \/>\n1x Petale de trandafir 100g - uscate<br \/>\n2x perete spate foto - rainforest - 30\u00d730<br \/>\n1x perete spate foto - rainforest - 30\u00d760 - mare<\/p>\n<p><strong>Descriere:<\/strong><br \/>\nThis expandable starter set for all leafcutter ant species contains, in addition to the optimally adapted formicarium, the appropriate accessories for keeping these ants. The voluminous basins allow easy handling for feeding and cleaning. The large holes (50 mm) and tubes not only make it easy to observe the ants, they also allow the animals to remove large pieces of leaf. The stainless steel mesh inserts ensure good ventilation and are robust against mechanical impact. Even large colonies of leaf-cutter ants, which are very fond of cutting, are unable to penetrate them. The sturdy screw sockets are also absolutely bite-proof.. If necessary, the humidity can be increased using the spray bottle.<\/p>\n<p><strong>Important:<\/strong> V\u0103 rug\u0103m s\u0103 umezi\u021bi substratul \u00eenainte de utilizare, astfel \u00eenc\u00e2t amestecul s\u0103 se lege \u0219i s\u0103 se fixeze bine \u00een furnicar. \u00cen plus, dac\u0103 substratul este prea uscat \u0219i pr\u0103fuit, c\u0103ile respiratorii ale furnicilor pot fi blocate \u0219i, \u00een cel mai r\u0103u caz, animalele se pot sufoca.<\/p>\n<p><strong>Note privind produc\u021bia<\/strong><br \/>\nSticla este t\u0103iat\u0103 la dimensiune \u00een conformitate cu DIN 1249 cu o toleran\u021b\u0103 de +\/- 1 mm. Protec\u021bia suplimentar\u0103 \u00eempotriva evad\u0103rii este esen\u021bial\u0103 pentru speciile de furnici extrem de mici.<\/p>\n<p><strong>Descrierea arenei u\u0219ilor glisante: <\/strong>Arena noastr\u0103 ANTCUBE 30x30x60 cu u\u0219\u0103 glisant\u0103 a fost dezvoltat\u0103 pentru a putea lucra confortabil chiar \u0219i \u00een condi\u021bii de formicarie complet\u0103. Sunt deosebit de utile ca formicarium pentru furnicile \u021bes\u0103toare (Polyrhachis \u0219i Oecophylla), deoarece acestora le place s\u0103 construiasc\u0103 \u00een sus \u0219i au nevoie de o plant\u0103 gazd\u0103. Uneori poate fi dificil s\u0103 se \u00eendep\u0103rteze de\u0219eurile de la animalele de pe fundul formicariului, de exemplu. Aceasta nu este o problem\u0103 cu acest acvariu special adaptat. U\u0219a glisant\u0103 este, de asemenea, foarte practic\u0103 pentru bazinele de hr\u0103nire a furnicilor t\u0103ietori de frunze Acromyrmex sau Atta, deoarece resturile de plante \u0219i alte de\u0219euri pot fi eliminate cu u\u0219urin\u021b\u0103. De asemenea, pute\u021bi utiliza cadrul u\u0219ii glisante (nr. articol 1005648) pentru a \u00eempiedica animalele s\u0103 scape \u00een timp ce lucra\u021bi.<\/p>","protected":false},"excerpt":{"rendered":"<p>The set consists of 47 parts and is suitable for all leaf cutter ant species.<br \/>\nDimensiune: <span style=\"color: #ed1c24;\"><strong>XL<\/strong><\/span><\/p>","protected":false},"featured_media":7665,"comment_status":"open","ping_status":"closed","template":"","meta":{"_acf_changed":false,"content-type":"","_monsterinsights_skip_tracking":false,"_monsterinsights_sitenote_active":false,"_monsterinsights_sitenote_note":"","_monsterinsights_sitenote_category":0},"product_brand":[484],"product_cat":[73,79],"product_tag":[],"class_list":{"0":"post-2737","1":"product","2":"type-product","3":"status-publish","4":"has-post-thumbnail","6":"product_brand-antcube","7":"product_cat-starter-sets","8":"product_cat-starter-sets-for-leafcutter-ants","9":"product_shipping_class-forwarding-on-pallet","11":"first","12":"instock","13":"taxable","14":"shipping-taxable","15":"purchasable","16":"product-type-simple"},"acf":[],"aioseo_notices":[],"jetpack_sharing_enabled":true,"_links":{"self":[{"href":"https:\/\/antcube.shop\/ro\/wp-json\/wp\/v2\/product\/2737","targetHints":{"allow":["GET"]}}],"collection":[{"href":"https:\/\/antcube.shop\/ro\/wp-json\/wp\/v2\/product"}],"about":[{"href":"https:\/\/antcube.shop\/ro\/wp-json\/wp\/v2\/types\/product"}],"replies":[{"embeddable":true,"href":"https:\/\/antcube.shop\/ro\/wp-json\/wp\/v2\/comments?post=2737"}],"wp:featuredmedia":[{"embeddable":true,"href":"https:\/\/antcube.shop\/ro\/wp-json\/wp\/v2\/media\/7665"}],"wp:attachment":[{"href":"https:\/\/antcube.shop\/ro\/wp-json\/wp\/v2\/media?parent=2737"}],"wp:term":[{"taxonomy":"product_brand","embeddable":true,"href":"https:\/\/antcube.shop\/ro\/wp-json\/wp\/v2\/product_brand?post=2737"},{"taxonomy":"product_cat","embeddable":true,"href":"https:\/\/antcube.shop\/ro\/wp-json\/wp\/v2\/product_cat?post=2737"},{"taxonomy":"product_tag","embeddable":true,"href":"https:\/\/antcube.shop\/ro\/wp-json\/wp\/v2\/product_tag?post=2737"}],"curies":[{"name":"wp","href":"https:\/\/api.w.org\/{rel}","templated":true}]}}