{"id":2733,"date":"2021-10-08T12:04:06","date_gmt":"2021-10-08T10:04:06","guid":{"rendered":"https:\/\/antcube.shop\/produkt\/antcube-arena-20x20x20-combi-m\/"},"modified":"2026-04-05T21:18:12","modified_gmt":"2026-04-05T19:18:12","slug":"antcube-arena-20x20x20-combi-m","status":"publish","type":"product","link":"https:\/\/antcube.shop\/ro\/produs\/antcube-arena-20x20x20-combi-m\/","title":{"rendered":"ANTCUBE - Arena 20x20x20 - Combi M"},"content":{"rendered":"<p><strong>Dimensiuni:<\/strong> 20x20x20 cm; grosimea sticlei 4 mm<\/p>\n<p><strong>Material:<\/strong> sticl\u0103 lipit\u0103 cu silicon<\/p>\n<p><strong>Conexiune:<\/strong> 2 x alezaj 27 mm (2 x alezaj 10 mm \u00een zona cuibului)<\/p>\n<p><strong>Distan\u021ba dintre pl\u0103ci \u00een zona de cuib:<\/strong> aproximativ 10 mm<\/p>\n<p><strong>Descriere:<\/strong> Arena pentru furnici - Combi are o zon\u0103 de cre\u0219tere sau de cuiburi, care este integrat\u0103 \u00een formicarium. Furnicile pot avea acces la zona de cuib din aren\u0103 prin dou\u0103 deschideri interne de 10 mm.<\/p>\n<p><strong>Aviz:<\/strong><br \/>\nAtunci c\u00e2nd folosi\u021bi inser\u021biile noastre pentru cuiburi (de exemplu, plut\u0103, gips), v\u0103 rug\u0103m s\u0103 re\u021bine\u021bi c\u0103 acestea sunt cu 8 mm mai \u00eenguste, deoarece au fost concepute ini\u021bial pentru a se potrivi cu fermele noastre de furnici mai \u00eenguste, precum \u0219i cu inser\u021biile pentru aren\u0103! Aici, spa\u021biul dintre ele ar trebui umplut cu material de umplutur\u0103, cum ar fi ipsos sau lut.<\/p>\n<p>&nbsp;<\/p>","protected":false},"excerpt":{"rendered":"<p>Conexiune: 2 orificii de 27 mm<br \/>\nDimensiune: <span style=\"color: #008000;\"><strong>M<\/strong><\/span><\/p>","protected":false},"featured_media":329,"comment_status":"open","ping_status":"closed","template":"","meta":{"_acf_changed":false,"content-type":"","_monsterinsights_skip_tracking":false,"_monsterinsights_sitenote_active":false,"_monsterinsights_sitenote_note":"","_monsterinsights_sitenote_category":0},"product_brand":[],"product_cat":[85,82,86],"product_tag":[],"class_list":{"0":"post-2733","1":"product","2":"type-product","3":"status-publish","4":"has-post-thumbnail","6":"product_cat-ant-arenas","7":"product_cat-antfarms-m","8":"product_cat-formicariums","10":"first","11":"instock","12":"taxable","13":"shipping-taxable","14":"purchasable","15":"product-type-simple"},"acf":[],"aioseo_notices":[],"jetpack_sharing_enabled":true,"_links":{"self":[{"href":"https:\/\/antcube.shop\/ro\/wp-json\/wp\/v2\/product\/2733","targetHints":{"allow":["GET"]}}],"collection":[{"href":"https:\/\/antcube.shop\/ro\/wp-json\/wp\/v2\/product"}],"about":[{"href":"https:\/\/antcube.shop\/ro\/wp-json\/wp\/v2\/types\/product"}],"replies":[{"embeddable":true,"href":"https:\/\/antcube.shop\/ro\/wp-json\/wp\/v2\/comments?post=2733"}],"wp:featuredmedia":[{"embeddable":true,"href":"https:\/\/antcube.shop\/ro\/wp-json\/wp\/v2\/media\/329"}],"wp:attachment":[{"href":"https:\/\/antcube.shop\/ro\/wp-json\/wp\/v2\/media?parent=2733"}],"wp:term":[{"taxonomy":"product_brand","embeddable":true,"href":"https:\/\/antcube.shop\/ro\/wp-json\/wp\/v2\/product_brand?post=2733"},{"taxonomy":"product_cat","embeddable":true,"href":"https:\/\/antcube.shop\/ro\/wp-json\/wp\/v2\/product_cat?post=2733"},{"taxonomy":"product_tag","embeddable":true,"href":"https:\/\/antcube.shop\/ro\/wp-json\/wp\/v2\/product_tag?post=2733"}],"curies":[{"name":"wp","href":"https:\/\/api.w.org\/{rel}","templated":true}]}}