{"id":2728,"date":"2021-10-08T12:02:35","date_gmt":"2021-10-08T10:02:35","guid":{"rendered":"https:\/\/antcube.shop\/produkt\/antcube-starter-set-fur-blattschneiderarten-klein\/"},"modified":"2026-04-17T17:36:22","modified_gmt":"2026-04-17T15:36:22","slug":"antcube-starter-set-fur-blattschneiderarten-klein","status":"publish","type":"product","link":"https:\/\/antcube.shop\/ro\/produs\/antcube-starter-set-fur-blattschneiderarten-klein\/","title":{"rendered":"ANTCUBE - Set de pornire pentru furnici t\u0103ietoare de frunze - mic"},"content":{"rendered":"<p><span data-text-color=\"alert\"><strong>NOU din 04\/2024:<\/strong><\/span><br \/>\n<strong>Bazinul de hr\u0103nire este acum livrat ca o aren\u0103 cu o \u00een\u0103l\u021bime de 20x20x40 cm. Acest lucru las\u0103 mai mult spa\u021biu pentru hran\u0103.<\/strong><br \/>\n<strong>Am \u00eenlocuit vechii conectori cu noi conectori complet transparen\u021bi, inclusiv cu piuli\u021be complet transparente.<\/strong><br \/>\n<strong>Am ad\u0103ugat, de asemenea, tampoane de formicarium pentru toate bazinele (protec\u021bia mobilierului \u0219i a bazinelor \u0219i \u00eempotriva vibra\u021biilor).<\/strong><\/p>\n<p>&nbsp;<\/p>\n<p><strong>Include:<\/strong><\/p>\n<p>2x ANTCUBE Arena 20x20x20cm<br \/>\n1x ANTCUBE Arena 20x20x40cm \u00een\u0103l\u021bime<br \/>\n3x cadru pentru arena de furnici 20x20cm<br \/>\n3x capacul pentru arena de furnici 20x20cm<br \/>\n12x puncte de fixare pentru copertina arenei<\/p>\n<p>1x tub de furnic\u0103 - cristal transparent 32mm - 1m (\u00eenjum\u0103t\u0103\u021bit)<br \/>\n1x substrat - rainforest - 1 kg<br \/>\n1x Formicarium granule 200ml - bej<br \/>\n3x baza formicarium 20\u00d720<\/p>\n<p>2x dopuri de formicarium pentru g\u0103uri de 50 mm<br \/>\n5x Grid insert acrylic &#8211; 50 mm with sealing ring<br \/>\n2x Grid insert acrylic &#8211; 27 mm with sealing ring<br \/>\n4x conector de rezervor 3\/4\u2033 la 32mm - cristal clar<br \/>\n4x Formicarium nut 3\/4 inch - cristal clar<\/p>\n<p>1x Foil thermometer Display<br \/>\n1x drinking clear 5ml &#8211; sponge<br \/>\n1x Penset\u0103 din o\u021bel cu arc - larg\u0103 - moale<br \/>\n1x penseta pentru formicarium - plastic<br \/>\n1x lup\u0103 de m\u00e2n\u0103 - 2x - 30mm<br \/>\n1x ulei de protec\u021bie \u00eempotriva focarelor de furnici 10ml<br \/>\n1x \u0219terg\u0103tor de spum\u0103 150x18x2,5mm<br \/>\n1x Sticl\u0103 de pulverizare pulverizator 0,5 litri - duz\u0103 din alam\u0103<br \/>\n1x Petale de trandafir 100g - uscate<br \/>\n2x perete spate foto - rainforest - 20\u00d720<br \/>\n1x perete spate foto - rainforest - 20\u00d740 \u00een\u0103l\u021bime<\/p>\n<p><strong>Descriere:<\/strong><br \/>\nThis expandable starter set for all leafcutter ant species contains, in addition to the optimally adapted formicarium, the appropriate accessories for keeping these ants. The basins are easy to use for feeding and cleaning. The large holes (27 mm) and tubes not only make it easy to observe the ants, they also allow the animals to remove large pieces of leaf. The stainless steel mesh inserts ensure good ventilation and are robust against mechanical impact. Even large colonies of leaf-cutter ants, which are very fond of cutting, are unable to penetrate them. The sturdy tube connectors are also absolutely bite-proof. The humidity can be increased using the spray bottle.<\/p>\n<p><strong>Important:<\/strong> V\u0103 rug\u0103m s\u0103 umezi\u021bi substratul \u00eenainte de utilizare, astfel \u00eenc\u00e2t amestecul s\u0103 se lege \u0219i s\u0103 se fixeze bine \u00een furnicar. \u00cen plus, dac\u0103 substratul este prea uscat \u0219i pr\u0103fuit, c\u0103ile respiratorii ale furnicilor pot fi blocate \u0219i, \u00een cel mai r\u0103u caz, animalele se pot sufoca.<\/p>\n<p><strong>Note privind produc\u021bia<\/strong><br \/>\nSticla este t\u0103iat\u0103 la dimensiune \u00een conformitate cu DIN 1249 cu o toleran\u021b\u0103 de +\/- 1 mm. Protec\u021bia suplimentar\u0103 \u00eempotriva evad\u0103rii este esen\u021bial\u0103 pentru speciile de furnici extrem de mici.<\/p>","protected":false},"excerpt":{"rendered":"<p>Setul este format din 43 de piese<br \/>\nDimensiune: <span style=\"color: #ed1c24;\"><strong>XL<\/strong><\/span><\/p>","protected":false},"featured_media":7666,"comment_status":"open","ping_status":"closed","template":"","meta":{"_acf_changed":false,"content-type":"","_monsterinsights_skip_tracking":false,"_monsterinsights_sitenote_active":false,"_monsterinsights_sitenote_note":"","_monsterinsights_sitenote_category":0},"product_brand":[],"product_cat":[73,79],"product_tag":[],"class_list":{"0":"post-2728","1":"product","2":"type-product","3":"status-publish","4":"has-post-thumbnail","6":"product_cat-starter-sets","7":"product_cat-starter-sets-for-leafcutter-ants","9":"first","10":"outofstock","11":"taxable","12":"shipping-taxable","13":"purchasable","14":"product-type-simple"},"acf":[],"aioseo_notices":[],"jetpack_sharing_enabled":true,"_links":{"self":[{"href":"https:\/\/antcube.shop\/ro\/wp-json\/wp\/v2\/product\/2728","targetHints":{"allow":["GET"]}}],"collection":[{"href":"https:\/\/antcube.shop\/ro\/wp-json\/wp\/v2\/product"}],"about":[{"href":"https:\/\/antcube.shop\/ro\/wp-json\/wp\/v2\/types\/product"}],"replies":[{"embeddable":true,"href":"https:\/\/antcube.shop\/ro\/wp-json\/wp\/v2\/comments?post=2728"}],"wp:featuredmedia":[{"embeddable":true,"href":"https:\/\/antcube.shop\/ro\/wp-json\/wp\/v2\/media\/7666"}],"wp:attachment":[{"href":"https:\/\/antcube.shop\/ro\/wp-json\/wp\/v2\/media?parent=2728"}],"wp:term":[{"taxonomy":"product_brand","embeddable":true,"href":"https:\/\/antcube.shop\/ro\/wp-json\/wp\/v2\/product_brand?post=2728"},{"taxonomy":"product_cat","embeddable":true,"href":"https:\/\/antcube.shop\/ro\/wp-json\/wp\/v2\/product_cat?post=2728"},{"taxonomy":"product_tag","embeddable":true,"href":"https:\/\/antcube.shop\/ro\/wp-json\/wp\/v2\/product_tag?post=2728"}],"curies":[{"name":"wp","href":"https:\/\/api.w.org\/{rel}","templated":true}]}}