{"id":2727,"date":"2021-10-08T12:02:25","date_gmt":"2021-10-08T10:02:25","guid":{"rendered":"https:\/\/antcube.shop\/produkt\/antcube-starter-set-fur-weberameisen\/"},"modified":"2026-04-09T14:37:31","modified_gmt":"2026-04-09T12:37:31","slug":"antcube-starter-set-fur-weberameisen","status":"publish","type":"product","link":"https:\/\/antcube.shop\/ro\/produs\/antcube-starter-set-fur-weberameisen\/","title":{"rendered":"ANTCUBE - Set de ini\u021biere pentru furnici \u021bes\u0103toare - mic"},"content":{"rendered":"<p><strong>Cuprins:<\/strong><br \/>\n1x ANTCUBE - Arena 20x20x40 - mare<br \/>\n1x Cadru pentru arena de furnici 20\u00d720<br \/>\n1x capacul arenei pentru furnici 20\u00d720<br \/>\n4x puncte de fixare pentru capacul arenei<\/p>\n<p>1x perete spate foto - rainforest - 20\u00d740 - \u00eenalt<br \/>\n1x Sticl\u0103 de pulverizare pulverizator 0,5 litri - duz\u0103 din alam\u0103<\/p>\n<p>1x substrat - rainforest - 1 kg<br \/>\n2x Grid insert acrylic &#8211; 50 mm with sealing ring<br \/>\n2x Grid insert acrylic &#8211; 27 mm with sealing ring<\/p>\n<p>1x drinking clear 5ml &#8211; sponge<br \/>\n1x Feeding dish white rectangle &#8211; 3 compartments<br \/>\n1x Drinking trough 2ml &#8211; 360 Degrees<\/p>\n<p>1x Foil thermometer display<br \/>\n1x Pad for Formicarium 20&#215;20<br \/>\n1x Penset\u0103 din o\u021bel de prim\u0103var\u0103 larg\u0103 - moale<br \/>\n1x Penset\u0103 de plastic standard<br \/>\n1x Ulei de protec\u021bie \u00eempotriva focarelor de furnici 10ml<br \/>\n1x Lupa de m\u00e2n\u0103 - 2x - 30mm<br \/>\n1x \u0219terg\u0103tor de spum\u0103 150x18x2.5mm<\/p>\n<p><strong>Descriere:<\/strong><br \/>\nThis expandable starter set for various weaver ant species such as Polyrhachis spec. or Oecophylla spec. includes not only the optimally adapted formicarium but also the appropriate accessories for keeping this ant species. Suitable for colonies of up to approx. 500 animals. For larger colonies we recommend a 30x30x60cm formicarium. The &#8220;Drinking trough 2ml &#8211; 360 degrees&#8221; is intended for honey\/sugar solution, the &#8220;Drinking trough clear 5ml &#8211; sponge&#8221; for water. The &#8220;Foil thermometer display&#8221; can be attached to the frame or the cover and displays the climate values.<\/p>\n<p><strong>Important:<\/strong> V\u0103 rug\u0103m s\u0103 umezi\u021bi substratul \u00eenainte de utilizare, astfel \u00eenc\u00e2t amestecul s\u0103 se lege \u0219i s\u0103 se fixeze bine \u00een furnicar. \u00cen plus, dac\u0103 substratul este prea uscat \u0219i pr\u0103fuit, c\u0103ile respiratorii ale furnicilor pot fi blocate \u0219i, \u00een cel mai r\u0103u caz, animalele se pot sufoca.<\/p>\n<p><strong>Note privind produc\u021bia<\/strong><br \/>\nSticla este t\u0103iat\u0103 la dimensiune \u00een conformitate cu DIN 1249 cu o toleran\u021b\u0103 de +\/- 1 mm. Protec\u021bia suplimentar\u0103 \u00eempotriva evad\u0103rii este esen\u021bial\u0103 pentru speciile de furnici extrem de mici.<\/p>","protected":false},"excerpt":{"rendered":"<p>The set consists of 20 parts.<br \/>\nDimensiune: <span style=\"color: #ed1c24;\"><strong>XL<\/strong><\/span><\/p>","protected":false},"featured_media":1282,"comment_status":"open","ping_status":"closed","template":"","meta":{"_acf_changed":false,"content-type":"","_monsterinsights_skip_tracking":false,"_monsterinsights_sitenote_active":false,"_monsterinsights_sitenote_note":"","_monsterinsights_sitenote_category":0},"product_brand":[],"product_cat":[354,73],"product_tag":[],"class_list":{"0":"post-2727","1":"product","2":"type-product","3":"status-publish","4":"has-post-thumbnail","6":"product_cat-starter-sets-for-weaver-ants","7":"product_cat-starter-sets","9":"first","10":"instock","11":"taxable","12":"shipping-taxable","13":"purchasable","14":"product-type-simple"},"acf":[],"aioseo_notices":[],"jetpack_sharing_enabled":true,"_links":{"self":[{"href":"https:\/\/antcube.shop\/ro\/wp-json\/wp\/v2\/product\/2727","targetHints":{"allow":["GET"]}}],"collection":[{"href":"https:\/\/antcube.shop\/ro\/wp-json\/wp\/v2\/product"}],"about":[{"href":"https:\/\/antcube.shop\/ro\/wp-json\/wp\/v2\/types\/product"}],"replies":[{"embeddable":true,"href":"https:\/\/antcube.shop\/ro\/wp-json\/wp\/v2\/comments?post=2727"}],"wp:featuredmedia":[{"embeddable":true,"href":"https:\/\/antcube.shop\/ro\/wp-json\/wp\/v2\/media\/1282"}],"wp:attachment":[{"href":"https:\/\/antcube.shop\/ro\/wp-json\/wp\/v2\/media?parent=2727"}],"wp:term":[{"taxonomy":"product_brand","embeddable":true,"href":"https:\/\/antcube.shop\/ro\/wp-json\/wp\/v2\/product_brand?post=2727"},{"taxonomy":"product_cat","embeddable":true,"href":"https:\/\/antcube.shop\/ro\/wp-json\/wp\/v2\/product_cat?post=2727"},{"taxonomy":"product_tag","embeddable":true,"href":"https:\/\/antcube.shop\/ro\/wp-json\/wp\/v2\/product_tag?post=2727"}],"curies":[{"name":"wp","href":"https:\/\/api.w.org\/{rel}","templated":true}]}}