{"id":2673,"date":"2021-10-04T15:33:49","date_gmt":"2021-10-04T13:33:49","guid":{"rendered":"https:\/\/antcube.shop\/produkt\/antcube-starter-set-l-20x20-combi\/"},"modified":"2026-04-11T07:06:12","modified_gmt":"2026-04-11T05:06:12","slug":"antcube-starter-set-l-20x20-combi-2","status":"publish","type":"product","link":"https:\/\/antcube.shop\/ro\/produs\/antcube-starter-set-l-20x20-combi-2\/","title":{"rendered":"ANTCUBE Starter Set L - 20\u00d720 - Combi"},"content":{"rendered":"<p><strong>Con\u021binut:<\/strong><br \/>\n1x ANTCUBE - Arena 20x20x20 - Combi L<br \/>\n1x capacul arenei pentru furnici 20\u00d720<br \/>\n4x puncte de fixare pentru capacul arenei<br \/>\n2x dopuri Formicarium pentru gaur\u0103 de 27 mm<br \/>\n2x dopuri de formicarium pentru g\u0103uri de 50 mm<br \/>\n1x substrat - nisip - bej - 1000g<br \/>\n1x be\u021bi\u0219or 2ml - 360 de grade<br \/>\n1x dish clear 1&#215;20 &#8211; sponge<br \/>\n1x lup\u0103 de m\u00e2n\u0103 - 2x - 30mm<br \/>\n1x penseta de plastic transparent<br \/>\n1x pipet\u0103 de plastic 3ml<br \/>\n1x Ulei de sc\u0103pare a furnicilor 10ml<br \/>\n1x \u0219terg\u0103tor de spum\u0103 150x18x2,5mm<\/p>\n<p><strong>Descriere:<\/strong><br \/>\nAcest set de pornire - Combi este potrivit pentru majoritatea speciilor de furnici care sap\u0103 \u00een sol.<br \/>\nSetul este foarte compact, iar accesoriile incluse sunt reduse la cele mai importante.<br \/>\nPrin urmare, este un set ieftin, realizat din materiale de \u00eenalt\u0103 calitate, ideal pentru \u00eencep\u0103torii \u00een cre\u0219terea furnicilor.<br \/>\nSubstratul inclus, nisip - argil\u0103 bej, este bine acceptat de majoritatea speciilor de furnici s\u0103p\u0103toare.<\/p>\n<p>Op\u021bional, \u00een zona cuiburilor din aren\u0103 pot fi plasate alte substraturi de sol sau inser\u021bii pentru cuiburi.<br \/>\nSub sugestii (a se vedea mai jos) ve\u021bi g\u0103si \u0219i alte accesorii utile.<\/p>\n<p><strong>Recomandare:<\/strong> Recomand\u0103m un strat de substrat cu o \u00een\u0103l\u021bime de 2 mm, astfel \u00eenc\u00e2t animalele s\u0103 nu poat\u0103 s\u0103pa \u00een aren\u0103 \u0219i s\u0103 foloseasc\u0103 \u00een schimb ferma prev\u0103zut\u0103 \u00een acest scop. De asemenea, recomand\u0103m ca materialul de cuib\u0103rit din ferm\u0103 (nisip\/argil\u0103, Digfix etc.) s\u0103 fie u\u0219or \u00een\u021bepat \u00eentr-un singur loc, pentru a facilita s\u0103parea animalelor.<\/p>\n<p><strong>Important:<\/strong> V\u0103 rug\u0103m s\u0103 umezi\u021bi substratul \u00eenainte de utilizare, astfel \u00eenc\u00e2t amestecul s\u0103 se lege \u0219i s\u0103 se fixeze bine \u00een furnicar. \u00cen plus, un substrat prea uscat \u0219i pr\u0103fuit poate cauza blocarea tractului respirator al furnicilor \u0219i, \u00een cel mai r\u0103u caz, animalele se pot sufoca.<\/p>\n<p><strong>Aviz:<\/strong><br \/>\nAtunci c\u00e2nd folosi\u021bi inser\u021biile noastre pentru cuiburi, v\u0103 rug\u0103m s\u0103 re\u021bine\u021bi c\u0103 acestea sunt cu 8 mm mai \u00eenguste, deoarece au fost concepute ini\u021bial pentru a se potrivi cu fermele noastre de furnici mai \u00eenguste, precum \u0219i cu inser\u021biile pentru aren\u0103! Aici, spa\u021biul dintre ele ar trebui s\u0103 fie umplut cu material de umplutur\u0103, cum ar fi ipsos sau lut.<\/p>\n<p><strong>Note privind produc\u021bia<\/strong><br \/>\nSticla este t\u0103iat\u0103 \u00een conformitate cu DIN 1249 cu o toleran\u021b\u0103 de +\/- 1 mm. Pentru speciile de furnici extrem de mici, este esen\u021bial\u0103 o protec\u021bie suplimentar\u0103 \u00eempotriva evad\u0103rii.<\/p>\n<p><strong>Instruc\u021biuni:<\/strong><br \/>\n- DE Instruc\u021biuni de utilizare Starter Set Combi (PDF 7,98 MB)<br \/>\n- RO Instruc\u021biuni de utilizare - Starter Set Combi (PDF 7,94 MB)<br \/>\n- ES Manual de instruc\u021biuni - Set de pornire Combi (PDF 7,94 MB)<br \/>\n- FR Manuel d'instruction - Kit de d\u00e9marrage Combi (PDF 7,95 MB)<\/p>","protected":false},"excerpt":{"rendered":"<p>Setul este format din 18 piese \u0219i este potrivit pentru toate speciile de furnici.<br \/>\nDimensiune: <span style=\"color: #0000ff;\"><strong>L<\/strong><\/span><\/p>","protected":false},"featured_media":5445,"comment_status":"open","ping_status":"closed","template":"","meta":{"_acf_changed":false,"content-type":"","_monsterinsights_skip_tracking":false,"_monsterinsights_sitenote_active":false,"_monsterinsights_sitenote_note":"","_monsterinsights_sitenote_category":0},"product_brand":[],"product_cat":[73,78],"product_tag":[],"class_list":{"0":"post-2673","1":"product","2":"type-product","3":"status-publish","4":"has-post-thumbnail","6":"product_cat-starter-sets","7":"product_cat-starter-sets-combi","9":"first","10":"instock","11":"taxable","12":"shipping-taxable","13":"purchasable","14":"product-type-simple"},"acf":[],"aioseo_notices":[],"jetpack_sharing_enabled":true,"_links":{"self":[{"href":"https:\/\/antcube.shop\/ro\/wp-json\/wp\/v2\/product\/2673","targetHints":{"allow":["GET"]}}],"collection":[{"href":"https:\/\/antcube.shop\/ro\/wp-json\/wp\/v2\/product"}],"about":[{"href":"https:\/\/antcube.shop\/ro\/wp-json\/wp\/v2\/types\/product"}],"replies":[{"embeddable":true,"href":"https:\/\/antcube.shop\/ro\/wp-json\/wp\/v2\/comments?post=2673"}],"wp:featuredmedia":[{"embeddable":true,"href":"https:\/\/antcube.shop\/ro\/wp-json\/wp\/v2\/media\/5445"}],"wp:attachment":[{"href":"https:\/\/antcube.shop\/ro\/wp-json\/wp\/v2\/media?parent=2673"}],"wp:term":[{"taxonomy":"product_brand","embeddable":true,"href":"https:\/\/antcube.shop\/ro\/wp-json\/wp\/v2\/product_brand?post=2673"},{"taxonomy":"product_cat","embeddable":true,"href":"https:\/\/antcube.shop\/ro\/wp-json\/wp\/v2\/product_cat?post=2673"},{"taxonomy":"product_tag","embeddable":true,"href":"https:\/\/antcube.shop\/ro\/wp-json\/wp\/v2\/product_tag?post=2673"}],"curies":[{"name":"wp","href":"https:\/\/api.w.org\/{rel}","templated":true}]}}