{"id":12445,"date":"2025-09-30T10:08:52","date_gmt":"2025-09-30T08:08:52","guid":{"rendered":"https:\/\/antcube.shop\/en\/product\/ameisen-lebenszyklus-praparat-metamorphose-einer-ameise\/"},"modified":"2026-03-23T17:44:39","modified_gmt":"2026-03-23T16:44:39","slug":"ciclul-de-viata-al-furnicii-specimen-metamorfoza-unei-furnici","status":"publish","type":"product","link":"https:\/\/antcube.shop\/ro\/produs\/ciclul-de-viata-al-furnicii-specimen-metamorfoza-unei-furnici\/","title":{"rendered":"Specimen de ciclu de via\u021b\u0103 al furnicii: Metamorfoza unei furnici"},"content":{"rendered":"<p><strong>Dimensiuni:<\/strong> 30x30x10 mm<\/p>\n<p><strong>Material:<\/strong> R\u0103\u0219in\u0103 sintetic\u0103<\/p>\n<p><strong>Descriere:<\/strong> Acest specimen a fost modelat cu grij\u0103 \u00een r\u0103\u0219in\u0103 sintetic\u0103 transparent\u0103 \u0219i este ideal pentru utilizarea \u00een \u0219coli, universit\u0103\u021bi \u0219i pentru colec\u021bionari. Acesta prezint\u0103 etapele de dezvoltare ale unei furnici - de la larv\u0103, la pup\u0103 \u0219i la furnica lucr\u0103toare complet dezvoltat\u0103.<\/p>","protected":false},"excerpt":{"rendered":"<p>Dimensiuni: 30x30x10 mm Material: R\u0103\u0219in\u0103 sintetic\u0103 Descriere: Acest specimen a fost modelat cu grij\u0103 \u00een r\u0103\u0219in\u0103 sintetic\u0103 transparent\u0103 \u0219i este ideal pentru utilizarea \u00een \u0219coli, universit\u0103\u021bi \u0219i pentru colec\u021bionari. Acesta prezint\u0103 etapele de dezvoltare ale unei furnici - de la larv\u0103, la pup\u0103 \u0219i la furnica lucr\u0103toare complet dezvoltat\u0103.<\/p>","protected":false},"featured_media":12562,"comment_status":"open","ping_status":"closed","template":"","meta":{"_acf_changed":false,"content-type":"","_monsterinsights_skip_tracking":false,"_monsterinsights_sitenote_active":false,"_monsterinsights_sitenote_note":"","_monsterinsights_sitenote_category":0},"product_brand":[484],"product_cat":[547,257,245],"product_tag":[],"class_list":{"0":"post-12445","1":"product","2":"type-product","3":"status-publish","4":"has-post-thumbnail","6":"product_brand-antcube","7":"product_cat-all-products","8":"product_cat-new-innovatve-products","9":"product_cat-merchandise","11":"first","12":"instock","13":"taxable","14":"shipping-taxable","15":"purchasable","16":"product-type-simple"},"acf":[],"aioseo_notices":[],"jetpack_sharing_enabled":true,"_links":{"self":[{"href":"https:\/\/antcube.shop\/ro\/wp-json\/wp\/v2\/product\/12445","targetHints":{"allow":["GET"]}}],"collection":[{"href":"https:\/\/antcube.shop\/ro\/wp-json\/wp\/v2\/product"}],"about":[{"href":"https:\/\/antcube.shop\/ro\/wp-json\/wp\/v2\/types\/product"}],"replies":[{"embeddable":true,"href":"https:\/\/antcube.shop\/ro\/wp-json\/wp\/v2\/comments?post=12445"}],"wp:featuredmedia":[{"embeddable":true,"href":"https:\/\/antcube.shop\/ro\/wp-json\/wp\/v2\/media\/12562"}],"wp:attachment":[{"href":"https:\/\/antcube.shop\/ro\/wp-json\/wp\/v2\/media?parent=12445"}],"wp:term":[{"taxonomy":"product_brand","embeddable":true,"href":"https:\/\/antcube.shop\/ro\/wp-json\/wp\/v2\/product_brand?post=12445"},{"taxonomy":"product_cat","embeddable":true,"href":"https:\/\/antcube.shop\/ro\/wp-json\/wp\/v2\/product_cat?post=12445"},{"taxonomy":"product_tag","embeddable":true,"href":"https:\/\/antcube.shop\/ro\/wp-json\/wp\/v2\/product_tag?post=12445"}],"curies":[{"name":"wp","href":"https:\/\/api.w.org\/{rel}","templated":true}]}}