{"id":12444,"date":"2025-09-30T10:08:25","date_gmt":"2025-09-30T08:08:25","guid":{"rendered":"https:\/\/antcube.shop\/en\/product\/poster-lasius-niger-lebensweise-70x50\/"},"modified":"2026-03-20T11:30:08","modified_gmt":"2026-03-20T10:30:08","slug":"poster-lasius-niger-modul-de-viata-70x50","status":"publish","type":"product","link":"https:\/\/antcube.shop\/ro\/produs\/poster-lasius-niger-modul-de-viata-70x50\/","title":{"rendered":"Poster - Lasius niger mod de via\u021b\u0103 - 70\u00d750"},"content":{"rendered":"<p><strong>Dimensiuni:<\/strong> 70\u00d750 cm<\/p>\n<p><strong>Material:<\/strong> H\u00e2rtie latex<br \/>\nAceast\u0103 h\u00e2rtie este impermeabil\u0103, \u0219tergabil\u0103, rezistent\u0103, ecologic\u0103, deoarece nu con\u021bine solven\u021bi d\u0103un\u0103tori mediului \u0219i produce o calitate str\u0103lucitoare a imprim\u0103rii.<\/p>\n<p><strong>Descriere:<\/strong> Acest poster ofer\u0103 o imagine de ansamblu clar\u0103 a stilului de via\u021b\u0103 al Lasius niger - furnica neagr\u0103. Aceasta este una dintre cele mai r\u0103sp\u00e2ndite \u0219i mai cunoscute specii de furnici din Europa \u0219i poate chiar unul dintre cei mai populari reprezentan\u021bi ai genului s\u0103u la nivel mondial.<\/p>\n<p><strong>Important - informa\u021bii suplimentare:<\/strong> <a href=\"https:\/\/www.ants.de\/link\/1006\">Aici<\/a> ve\u021bi g\u0103si o descriere detaliat\u0103 a scenelor individuale de pe afi\u0219. Acestea nu sunt incluse, dar pot fi accesate \u0219i tip\u0103rite separat prin intermediul urm\u0103torului link. <a href=\"https:\/\/www.ants.de\/link\/1006\">https:\/\/www.ants.de\/link\/1006<\/a><\/p>","protected":false},"excerpt":{"rendered":"<p>Dimensiune: 70\u00d750 cm<\/p>","protected":false},"featured_media":12453,"comment_status":"open","ping_status":"closed","template":"","meta":{"_acf_changed":false,"content-type":"","_monsterinsights_skip_tracking":false,"_monsterinsights_sitenote_active":false,"_monsterinsights_sitenote_note":"","_monsterinsights_sitenote_category":0},"product_brand":[484],"product_cat":[547,500,245],"product_tag":[],"class_list":{"0":"post-12444","1":"product","2":"type-product","3":"status-publish","4":"has-post-thumbnail","6":"product_brand-antcube","7":"product_cat-all-products","8":"product_cat-ant-posters-and-teaching-aids","9":"product_cat-merchandise","11":"first","12":"instock","13":"taxable","14":"shipping-taxable","15":"purchasable","16":"product-type-simple"},"acf":[],"aioseo_notices":[],"jetpack_sharing_enabled":true,"_links":{"self":[{"href":"https:\/\/antcube.shop\/ro\/wp-json\/wp\/v2\/product\/12444","targetHints":{"allow":["GET"]}}],"collection":[{"href":"https:\/\/antcube.shop\/ro\/wp-json\/wp\/v2\/product"}],"about":[{"href":"https:\/\/antcube.shop\/ro\/wp-json\/wp\/v2\/types\/product"}],"replies":[{"embeddable":true,"href":"https:\/\/antcube.shop\/ro\/wp-json\/wp\/v2\/comments?post=12444"}],"wp:featuredmedia":[{"embeddable":true,"href":"https:\/\/antcube.shop\/ro\/wp-json\/wp\/v2\/media\/12453"}],"wp:attachment":[{"href":"https:\/\/antcube.shop\/ro\/wp-json\/wp\/v2\/media?parent=12444"}],"wp:term":[{"taxonomy":"product_brand","embeddable":true,"href":"https:\/\/antcube.shop\/ro\/wp-json\/wp\/v2\/product_brand?post=12444"},{"taxonomy":"product_cat","embeddable":true,"href":"https:\/\/antcube.shop\/ro\/wp-json\/wp\/v2\/product_cat?post=12444"},{"taxonomy":"product_tag","embeddable":true,"href":"https:\/\/antcube.shop\/ro\/wp-json\/wp\/v2\/product_tag?post=12444"}],"curies":[{"name":"wp","href":"https:\/\/api.w.org\/{rel}","templated":true}]}}