{"id":12437,"date":"2025-09-30T10:02:33","date_gmt":"2025-09-30T08:02:33","guid":{"rendered":"https:\/\/antcube.shop\/en\/product\/poster-anatomie-der-ameisen-lasius-niger-70x100\/"},"modified":"2026-01-12T12:43:18","modified_gmt":"2026-01-12T11:43:18","slug":"poster-anatomia-furnicilor-lasius-niger-70x100","status":"publish","type":"product","link":"https:\/\/antcube.shop\/ro\/produs\/poster-anatomia-furnicilor-lasius-niger-70x100\/","title":{"rendered":"Poster - Anatomia furnicilor - Lasius niger - 70\u00d7100"},"content":{"rendered":"<p><strong>Dimensiuni:<\/strong> 70\u00d7100 cm<\/p>\n<p><strong>Material:<\/strong> H\u00e2rtie latex<br \/>\nAceast\u0103 h\u00e2rtie este impermeabil\u0103, \u0219tergabil\u0103, rezistent\u0103, ecologic\u0103, deoarece nu con\u021bine solven\u021bi d\u0103un\u0103tori mediului \u0219i produce o calitate str\u0103lucitoare a imprim\u0103rii.<\/p>\n<p><strong>Descriere:<\/strong> Acest poster ilustreaz\u0103 anatomia furnicii negre (Lasius niger). Ilustra\u021biile detaliate prezint\u0103 cele mai importante caracteristici \u0219i organe interne \u0219i externe ale corpului, facilit\u00e2nd \u00een\u021belegerea structurii acestei specii de furnici foarte r\u0103sp\u00e2ndite. Ideal ca material didactic pentru \u0219coli \u0219i universit\u0103\u021bi sau ca obiect decorativ de colec\u021bie.<\/p>\n<p><strong>Important - informa\u021bii suplimentare:<\/strong> <a href=\"https:\/\/www.ants.de\/link\/1101\">Aici<\/a> ve\u021bi g\u0103si o descriere detaliat\u0103 a scenelor individuale de pe poster. Acestea nu sunt furnizate \u00eempreun\u0103 cu posterul, dar pot fi accesate \u0219i tip\u0103rite separat prin intermediul urm\u0103torului link. <a href=\"https:\/\/www.ants.de\/link\/1101\">https:\/\/www.ants.de\/link\/1101<\/a><\/p>","protected":false},"excerpt":{"rendered":"<p>Dimensiune: 70\u00d7100 cm<\/p>","protected":false},"featured_media":12454,"comment_status":"open","ping_status":"closed","template":"","meta":{"_acf_changed":false,"content-type":"","_monsterinsights_skip_tracking":false,"_monsterinsights_sitenote_active":false,"_monsterinsights_sitenote_note":"","_monsterinsights_sitenote_category":0},"product_brand":[484],"product_cat":[547,500,245],"product_tag":[],"class_list":{"0":"post-12437","1":"product","2":"type-product","3":"status-publish","4":"has-post-thumbnail","6":"product_brand-antcube","7":"product_cat-all-products","8":"product_cat-ant-posters-and-teaching-aids","9":"product_cat-merchandise","11":"first","12":"instock","13":"taxable","14":"shipping-taxable","15":"purchasable","16":"product-type-simple"},"acf":[],"aioseo_notices":[],"jetpack_sharing_enabled":true,"_links":{"self":[{"href":"https:\/\/antcube.shop\/ro\/wp-json\/wp\/v2\/product\/12437","targetHints":{"allow":["GET"]}}],"collection":[{"href":"https:\/\/antcube.shop\/ro\/wp-json\/wp\/v2\/product"}],"about":[{"href":"https:\/\/antcube.shop\/ro\/wp-json\/wp\/v2\/types\/product"}],"replies":[{"embeddable":true,"href":"https:\/\/antcube.shop\/ro\/wp-json\/wp\/v2\/comments?post=12437"}],"wp:featuredmedia":[{"embeddable":true,"href":"https:\/\/antcube.shop\/ro\/wp-json\/wp\/v2\/media\/12454"}],"wp:attachment":[{"href":"https:\/\/antcube.shop\/ro\/wp-json\/wp\/v2\/media?parent=12437"}],"wp:term":[{"taxonomy":"product_brand","embeddable":true,"href":"https:\/\/antcube.shop\/ro\/wp-json\/wp\/v2\/product_brand?post=12437"},{"taxonomy":"product_cat","embeddable":true,"href":"https:\/\/antcube.shop\/ro\/wp-json\/wp\/v2\/product_cat?post=12437"},{"taxonomy":"product_tag","embeddable":true,"href":"https:\/\/antcube.shop\/ro\/wp-json\/wp\/v2\/product_tag?post=12437"}],"curies":[{"name":"wp","href":"https:\/\/api.w.org\/{rel}","templated":true}]}}