{"id":12435,"date":"2025-09-30T10:01:28","date_gmt":"2025-09-30T08:01:28","guid":{"rendered":"https:\/\/antcube.shop\/en\/product\/antcube-digfix-30x30-liegend\/"},"modified":"2026-04-14T09:35:10","modified_gmt":"2026-04-14T07:35:10","slug":"antcube-digfix-30x30-situata","status":"publish","type":"product","link":"https:\/\/antcube.shop\/ro\/produs\/antcube-digfix-30x30-situata\/","title":{"rendered":"ANTCUBE - Digfix 30\u00d730 - culcat"},"content":{"rendered":"<p><strong>Dimensiuni:<\/strong> 280x280x28mm<\/p>\n<p><strong>Material:<\/strong> Digfix<\/p>\n<p><strong>Cerere:<\/strong><br \/>\nSe potrive\u0219te numai \u00een ANTCUBE-ul nostru - Nest 30\u00d730 - orizontal<\/p>\n<p><strong>Descriere:<\/strong><br \/>\nAcest cuib Digfix, realizat dintr-un material special \u00een care se poate s\u0103pa, este conceput pentru a se potrivi perfect \u00een cuiburile noastre orizontale ANTCUBE 30\u00d730. Placa poate fi utilizat\u0103 uscat\u0103 sau umezit\u0103 \u0219i este potrivit\u0103 pentru multe specii de furnici - \u00een special pentru cele care \u00ee\u0219i fac cuibul \u00een nisip sau lemn (mort). Este o alternativ\u0103 practic\u0103 la amestecurile de nisip \u0219i argil\u0103 sau la inser\u021biile pentru cuiburi din plut\u0103.<\/p>\n<p>Un avantaj deosebit este u\u0219urin\u021ba cu care poate fi controlat nivelul de umiditate: placa \u00ee\u0219i schimb\u0103 culoarea vizibil, permi\u021b\u00e2nd evaluarea optim\u0103 a nivelului de umiditate. Spre deosebire de amestecurile de nisip \u0219i argil\u0103, geamurile interioare ale furnicarului r\u0103m\u00e2n curate, deoarece nu se lipe\u0219te de ele niciun substrat liber.<\/p>\n<p>Datorit\u0103 structurii sale solide, materialul re\u021bine permanent tunelurile \u0219i camerele create de furnici, f\u0103r\u0103 s\u0103 se pr\u0103bu\u0219easc\u0103 - pentru o experien\u021b\u0103 de s\u0103pare sigur\u0103 \u0219i natural\u0103.<\/p>","protected":false},"excerpt":{"rendered":"<p>Dimensiune: 280x280x28mm<\/p>","protected":false},"featured_media":0,"comment_status":"open","ping_status":"closed","template":"","meta":{"_acf_changed":false,"content-type":"","_monsterinsights_skip_tracking":false,"_monsterinsights_sitenote_active":false,"_monsterinsights_sitenote_note":"","_monsterinsights_sitenote_category":0},"product_brand":[484],"product_cat":[547,257,87,88],"product_tag":[],"class_list":{"0":"post-12435","1":"product","2":"type-product","3":"status-publish","5":"product_brand-antcube","6":"product_cat-all-products","7":"product_cat-new-innovatve-products","8":"product_cat-nest-insets","9":"product_cat-digfix","11":"first","12":"instock","13":"taxable","14":"shipping-taxable","15":"purchasable","16":"product-type-simple"},"acf":[],"aioseo_notices":[],"jetpack_sharing_enabled":true,"_links":{"self":[{"href":"https:\/\/antcube.shop\/ro\/wp-json\/wp\/v2\/product\/12435","targetHints":{"allow":["GET"]}}],"collection":[{"href":"https:\/\/antcube.shop\/ro\/wp-json\/wp\/v2\/product"}],"about":[{"href":"https:\/\/antcube.shop\/ro\/wp-json\/wp\/v2\/types\/product"}],"replies":[{"embeddable":true,"href":"https:\/\/antcube.shop\/ro\/wp-json\/wp\/v2\/comments?post=12435"}],"wp:attachment":[{"href":"https:\/\/antcube.shop\/ro\/wp-json\/wp\/v2\/media?parent=12435"}],"wp:term":[{"taxonomy":"product_brand","embeddable":true,"href":"https:\/\/antcube.shop\/ro\/wp-json\/wp\/v2\/product_brand?post=12435"},{"taxonomy":"product_cat","embeddable":true,"href":"https:\/\/antcube.shop\/ro\/wp-json\/wp\/v2\/product_cat?post=12435"},{"taxonomy":"product_tag","embeddable":true,"href":"https:\/\/antcube.shop\/ro\/wp-json\/wp\/v2\/product_tag?post=12435"}],"curies":[{"name":"wp","href":"https:\/\/api.w.org\/{rel}","templated":true}]}}