{"id":12287,"date":"2025-09-02T09:53:14","date_gmt":"2025-09-02T07:53:14","guid":{"rendered":"https:\/\/antcube.shop\/en\/product\/antcube-nest-20x20-liegend\/"},"modified":"2026-04-14T09:35:08","modified_gmt":"2026-04-14T07:35:08","slug":"antcube-cuib-20x20-culcat","status":"publish","type":"product","link":"https:\/\/antcube.shop\/ro\/produs\/antcube-cuib-20x20-culcat\/","title":{"rendered":"ANTCUBE - Cuib 20\u00d720 - culcat"},"content":{"rendered":"<p><strong>Dimensiuni:<\/strong><br \/>\nCuib: 190 x 190 x 28mm<br \/>\nCapac de sticl\u0103: 190 x 190 x 4mm<\/p>\n<p><strong>Material:<\/strong><br \/>\nSticl\u0103 flotant\u0103, plastic<\/p>\n<p><strong>Culoare:<\/strong><br \/>\nCristalin<\/p>\n<p><strong>Cuprins:<\/strong><br \/>\n1x ANTCUBE - Nest 20\u00d720 - orizontal cu dou\u0103 prize de conectare L 20\/16<br \/>\n1x capac de sticl\u0103 cu orificiu de 27 mm<\/p>\n<p><strong>Conexiune:<\/strong> 2 x 14\/16\/18\/20 x 20mm soclu<\/p>\n<p>Furtunul 14\/10 este introdus ferm \u00een mufa de 14 mm<br \/>\nFurtunul 20\/16 este ata\u0219at ferm la prima treapt\u0103 de 16 mm<br \/>\nFurtunul 22\/18 se potrive\u0219te perfect pe a doua treapt\u0103 de 20 mm<\/p>\n<p><strong>Descriere: <\/strong>Cuibul nostru orizontal are dou\u0103 orificii de conectare la care pot fi ata\u0219ate furtunuri sau tuburi. Alternativ, acestea pot fi \u00eenchise \u00een siguran\u021b\u0103 cu capace din plastic sau plas\u0103 potrivite.<\/p>\n<p>Pentru speciile de furnici mai mari, cum ar fi diverse specii de Camponotus, v\u0103 recomand\u0103m s\u0103 \u00eel combina\u021bi cu unul dintre cuiburile noastre de plut\u0103 disponibile separat. Cu toate acestea, cuibul poate fi umplut \u0219i cu substrat de sol.<\/p>\n<p>Capacul poate fi \u00eendep\u0103rtat \u0219i se a\u0219eaz\u0103 ferm \u0219i sigur pe furnicar datorit\u0103 marginii sale cauciucate. \u00cen mijloc se afl\u0103 o gaur\u0103 de 27 mm, care este utilizat\u0103 pentru a umezi interiorul cuibului. \u00cen func\u021bie de umiditatea dorit\u0103, aceast\u0103 deschidere poate fi \u00eenchis\u0103 fie cu o inser\u021bie de plas\u0103, fie cu un dop de formicarium.<\/p>\n<p>Op\u021bional, este disponibil un capac ro\u0219u, care \u00eentunec\u0103 cuibul \u0219i, \u00een func\u021bie de specia de\u021binut\u0103, poate avea o influen\u021b\u0103 pozitiv\u0103 asupra dezvolt\u0103rii coloniei.<\/p>\n<p><strong>Informa\u021bii privind fabricarea<\/strong><br \/>\nSticla este t\u0103iat\u0103 \u00een conformitate cu DIN 1249 cu o toleran\u021b\u0103 de +\/- 1 mm. Protec\u021bia suplimentar\u0103 \u00eempotriva ruperii este esen\u021bial\u0103 pentru speciile de furnici extrem de mici.<\/p>\n<p><strong>Not\u0103 privind prizele de conectare<\/strong><br \/>\nC\u00e2nd ata\u0219a\u021bi sau scoate\u021bi furtunurile, v\u0103 rug\u0103m s\u0103 \u021bine\u021bi cont de urm\u0103toarele:<br \/>\n\u00cen cazul \u00een care furtunul se potrive\u0219te foarte greu pe mufa de conectare, mufa trebuie s\u0103 fie u\u0219or frecat\u0103 cu o pic\u0103tur\u0103 din uleiul sau pulberea noastr\u0103 de protec\u021bie \u00eempotriva ruperii. Apoi, furtunul trebuie \u00eempins pe conector prin rotire sau \u00een\u0219urubare, f\u0103r\u0103 a aplica presiune \u00een sus sau \u00een jos pe conector. Acela\u0219i lucru este valabil \u0219i atunci c\u00e2nd scoate\u021bi furtunurile din conector. V\u0103 rug\u0103m s\u0103 nu le scoate\u021bi pur \u0219i simplu!<\/p>","protected":false},"excerpt":{"rendered":"<p>Conexiune: 2 prize de 14\/16\/18\/20 mm<br \/>\nDimensiune: L<\/p>","protected":false},"featured_media":12292,"comment_status":"open","ping_status":"closed","template":"","meta":{"_acf_changed":false,"content-type":"","_monsterinsights_skip_tracking":false,"_monsterinsights_sitenote_active":false,"_monsterinsights_sitenote_note":"","_monsterinsights_sitenote_category":0},"product_brand":[484],"product_cat":[257,80,83,86],"product_tag":[],"class_list":{"0":"post-12287","1":"product","2":"type-product","3":"status-publish","4":"has-post-thumbnail","6":"product_brand-antcube","7":"product_cat-new-innovatve-products","8":"product_cat-antfarms","9":"product_cat-antfarms-l","10":"product_cat-formicariums","12":"first","13":"instock","14":"taxable","15":"shipping-taxable","16":"purchasable","17":"product-type-simple"},"acf":[],"aioseo_notices":[],"jetpack_sharing_enabled":true,"_links":{"self":[{"href":"https:\/\/antcube.shop\/ro\/wp-json\/wp\/v2\/product\/12287","targetHints":{"allow":["GET"]}}],"collection":[{"href":"https:\/\/antcube.shop\/ro\/wp-json\/wp\/v2\/product"}],"about":[{"href":"https:\/\/antcube.shop\/ro\/wp-json\/wp\/v2\/types\/product"}],"replies":[{"embeddable":true,"href":"https:\/\/antcube.shop\/ro\/wp-json\/wp\/v2\/comments?post=12287"}],"wp:featuredmedia":[{"embeddable":true,"href":"https:\/\/antcube.shop\/ro\/wp-json\/wp\/v2\/media\/12292"}],"wp:attachment":[{"href":"https:\/\/antcube.shop\/ro\/wp-json\/wp\/v2\/media?parent=12287"}],"wp:term":[{"taxonomy":"product_brand","embeddable":true,"href":"https:\/\/antcube.shop\/ro\/wp-json\/wp\/v2\/product_brand?post=12287"},{"taxonomy":"product_cat","embeddable":true,"href":"https:\/\/antcube.shop\/ro\/wp-json\/wp\/v2\/product_cat?post=12287"},{"taxonomy":"product_tag","embeddable":true,"href":"https:\/\/antcube.shop\/ro\/wp-json\/wp\/v2\/product_tag?post=12287"}],"curies":[{"name":"wp","href":"https:\/\/api.w.org\/{rel}","templated":true}]}}