{"id":12286,"date":"2025-09-02T09:53:07","date_gmt":"2025-09-02T07:53:07","guid":{"rendered":"https:\/\/antcube.shop\/en\/product\/antcube-korknest-30x30-liegend\/"},"modified":"2026-04-22T11:31:59","modified_gmt":"2026-04-22T09:31:59","slug":"antcube-corknest-30x30-culcat","status":"publish","type":"product","link":"https:\/\/antcube.shop\/ro\/produs\/antcube-corknest-30x30-culcat\/","title":{"rendered":"ANTCUBE - Corknest 30\u00d730 - culcat"},"content":{"rendered":"<p><strong>Dimensiuni:<\/strong> 280x280x28mm<\/p>\n<p><strong>Material:<\/strong> Plut\u0103 (fin\u0103)<\/p>\n<p><strong>Cerere:<\/strong><br \/>\nSe potrive\u0219te numai \u00een ANTCUBE-ul nostru - Nest 30\u00d730 - orizontal<\/p>\n<p><strong>Descriere:\u00a0<\/strong><br \/>\nAcest cuib de plut\u0103 cu tuneluri \u0219i camere pre-construite este potrivit pentru numeroase specii de furnici, \u00een special pentru cele care \u00ee\u0219i fac cuibul \u00een lemn (mort). Are dou\u0103 g\u0103uri care servesc ca intr\u0103ri \u00een cuib.<\/p>\n<p>Pluta este un material natural, neutru din punct de vedere chimic. Structura sa este impermeabil\u0103 la lichide, nu reac\u021bioneaz\u0103 chimic \u0219i, prin urmare, r\u0103m\u00e2ne intact\u0103 pentru o lung\u0103 perioad\u0103 de timp. Cu toate acestea, un con\u021binut permanent ridicat de umiditate poate favoriza putrezirea \u0219i scurta durata de via\u021b\u0103 a cuibului. \u00cen general, pluta este foarte rezistent\u0103 la putrezire \u0219i la infestarea cu ciuperci \u0219i mucegai. Suprafa\u021ba \u0219i structura sa special\u0103 ofer\u0103 pu\u021bin teren de reproducere adecvat pentru ciuperci. Cu toate acestea, reziduurile alimentare, excrementele sau alte substan\u021be organice pot favoriza dezvoltarea mucegaiului.<\/p>\n<p>Prin urmare, recomand\u0103m p\u0103strarea speciilor de furnici din regiunile mai uscate \u00een cuiburi de plut\u0103. Cu toate acestea, speciile din habitate mai umede pot fi, de asemenea, ad\u0103postite \u00een acestea - pentru majoritatea, putregaiul nu este o problem\u0103. Multe specii de furnici din nordul Europei, cum ar fi Camponotus herculeanus sau Formica fusca, sunt chiar adaptate \u00een mod natural la lemnul putred sau par\u021bial putrezit.<\/p>","protected":false},"excerpt":{"rendered":"<p>Dimensiune: 280x280x28mm<\/p>","protected":false},"featured_media":12291,"comment_status":"open","ping_status":"closed","template":"","meta":{"_acf_changed":false,"content-type":"","_monsterinsights_skip_tracking":false,"_monsterinsights_sitenote_active":false,"_monsterinsights_sitenote_note":"","_monsterinsights_sitenote_category":0},"product_brand":[484],"product_cat":[257,87,89],"product_tag":[],"class_list":{"0":"post-12286","1":"product","2":"type-product","3":"status-publish","4":"has-post-thumbnail","6":"product_brand-antcube","7":"product_cat-new-innovatve-products","8":"product_cat-nest-insets","9":"product_cat-cork","11":"first","12":"instock","13":"taxable","14":"shipping-taxable","15":"purchasable","16":"product-type-simple"},"acf":[],"aioseo_notices":[],"jetpack_sharing_enabled":true,"_links":{"self":[{"href":"https:\/\/antcube.shop\/ro\/wp-json\/wp\/v2\/product\/12286","targetHints":{"allow":["GET"]}}],"collection":[{"href":"https:\/\/antcube.shop\/ro\/wp-json\/wp\/v2\/product"}],"about":[{"href":"https:\/\/antcube.shop\/ro\/wp-json\/wp\/v2\/types\/product"}],"replies":[{"embeddable":true,"href":"https:\/\/antcube.shop\/ro\/wp-json\/wp\/v2\/comments?post=12286"}],"wp:featuredmedia":[{"embeddable":true,"href":"https:\/\/antcube.shop\/ro\/wp-json\/wp\/v2\/media\/12291"}],"wp:attachment":[{"href":"https:\/\/antcube.shop\/ro\/wp-json\/wp\/v2\/media?parent=12286"}],"wp:term":[{"taxonomy":"product_brand","embeddable":true,"href":"https:\/\/antcube.shop\/ro\/wp-json\/wp\/v2\/product_brand?post=12286"},{"taxonomy":"product_cat","embeddable":true,"href":"https:\/\/antcube.shop\/ro\/wp-json\/wp\/v2\/product_cat?post=12286"},{"taxonomy":"product_tag","embeddable":true,"href":"https:\/\/antcube.shop\/ro\/wp-json\/wp\/v2\/product_tag?post=12286"}],"curies":[{"name":"wp","href":"https:\/\/api.w.org\/{rel}","templated":true}]}}