{"id":11504,"date":"2025-04-25T15:16:40","date_gmt":"2025-04-25T13:16:40","guid":{"rendered":"https:\/\/antcube.shop\/en\/product\/poster-ernteameisen-messor-barbarus-lebensweise-70x50\/"},"modified":"2026-04-13T09:28:49","modified_gmt":"2026-04-13T07:28:49","slug":"poster-recolta-furnici-messor-barbarus-mod-de-viata-70x50","status":"publish","type":"product","link":"https:\/\/antcube.shop\/ro\/produs\/poster-recolta-furnici-messor-barbarus-mod-de-viata-70x50\/","title":{"rendered":"Poster - Modul de via\u021b\u0103 al furnicilor culeg\u0103toare - Messor barbarus - 70\u00d750"},"content":{"rendered":"<p>Modul de via\u021b\u0103 al furnicilor culeg\u0103toare - Messor barbarus - Poster cu furnici \u0219i suport didactic pentru \u0219coli\/gr\u0103dini\u021be.<\/p>\n<p><strong>Descriere disponibil\u0103 \u00een german\u0103, englez\u0103, spaniol\u0103 \u0219i francez\u0103<\/strong><\/p>\n<p><strong>Dimensiuni:<\/strong> 70\u00d750 cm<\/p>\n<p><strong>Material:<\/strong> h\u00e2rtie latex<br \/>\nAceast\u0103 h\u00e2rtie este impermeabil\u0103, \u0219tergabil\u0103, rezistent\u0103, ecologic\u0103, deoarece nu con\u021bine solven\u021bi d\u0103un\u0103tori mediului \u0219i produce o calitate str\u0103lucitoare a imprim\u0103rii.<\/p>\n<p><strong>Descriere:<\/strong> Acest poster ofer\u0103 o imagine de ansamblu a modului de via\u021b\u0103 \u0219i de construire a cuiburilor la Messor barbarus, specia de furnici culeg\u0103toare din sudul Europei.<\/p>\n<p><strong>Important - informa\u021bii suplimentare:<\/strong> <a href=\"https:\/\/www.ants.de\/link\/1005\">Aici<\/a> ve\u021bi g\u0103si o descriere detaliat\u0103 a fiec\u0103rei scene de pe poster. Acestea nu sunt furnizate \u00eempreun\u0103 cu posterul, dar pot fi accesate \u0219i tip\u0103rite separat prin intermediul urm\u0103torului link. https:\/\/www.ants.de\/link\/1001<\/p>","protected":false},"excerpt":{"rendered":"<p>Modul de via\u021b\u0103 al furnicilor culeg\u0103toare - Messor barbarus - Poster cu furnici \u0219i auxiliar didactic pentru \u0219coli\/ gr\u0103dini\u021be. Descriere disponibil\u0103 \u00een german\u0103, englez\u0103, spaniol\u0103 \u0219i francez\u0103 Dimensiuni: 70x50 cm Material: h\u00e2rtie latex Aceast\u0103 h\u00e2rtie este impermeabil\u0103, \u0219tergabil\u0103, rezistent\u0103, ecologic\u0103 deoarece nu con\u021bine solven\u021bi d\u0103un\u0103tori mediului \u0219i produce o calitate de imprimare str\u0103lucitoare. Descriere: Aceast\u0103","protected":false},"featured_media":11400,"comment_status":"open","ping_status":"closed","template":"","meta":{"_acf_changed":false,"content-type":"","_monsterinsights_skip_tracking":false,"_monsterinsights_sitenote_active":false,"_monsterinsights_sitenote_note":"","_monsterinsights_sitenote_category":0},"product_brand":[484],"product_cat":[500],"product_tag":[],"class_list":{"0":"post-11504","1":"product","2":"type-product","3":"status-publish","4":"has-post-thumbnail","6":"product_brand-antcube","7":"product_cat-ant-posters-and-teaching-aids","9":"first","10":"instock","11":"taxable","12":"shipping-taxable","13":"purchasable","14":"product-type-simple"},"acf":[],"aioseo_notices":[],"jetpack_sharing_enabled":true,"_links":{"self":[{"href":"https:\/\/antcube.shop\/ro\/wp-json\/wp\/v2\/product\/11504","targetHints":{"allow":["GET"]}}],"collection":[{"href":"https:\/\/antcube.shop\/ro\/wp-json\/wp\/v2\/product"}],"about":[{"href":"https:\/\/antcube.shop\/ro\/wp-json\/wp\/v2\/types\/product"}],"replies":[{"embeddable":true,"href":"https:\/\/antcube.shop\/ro\/wp-json\/wp\/v2\/comments?post=11504"}],"wp:featuredmedia":[{"embeddable":true,"href":"https:\/\/antcube.shop\/ro\/wp-json\/wp\/v2\/media\/11400"}],"wp:attachment":[{"href":"https:\/\/antcube.shop\/ro\/wp-json\/wp\/v2\/media?parent=11504"}],"wp:term":[{"taxonomy":"product_brand","embeddable":true,"href":"https:\/\/antcube.shop\/ro\/wp-json\/wp\/v2\/product_brand?post=11504"},{"taxonomy":"product_cat","embeddable":true,"href":"https:\/\/antcube.shop\/ro\/wp-json\/wp\/v2\/product_cat?post=11504"},{"taxonomy":"product_tag","embeddable":true,"href":"https:\/\/antcube.shop\/ro\/wp-json\/wp\/v2\/product_tag?post=11504"}],"curies":[{"name":"wp","href":"https:\/\/api.w.org\/{rel}","templated":true}]}}