{"id":11496,"date":"2025-04-25T15:09:59","date_gmt":"2025-04-25T13:09:59","guid":{"rendered":"https:\/\/antcube.shop\/en\/product\/poster-feinde-der-ameisen-70x50\/"},"modified":"2026-02-03T16:29:11","modified_gmt":"2026-02-03T15:29:11","slug":"poster-dusmani-de-furnici-70x50","status":"publish","type":"product","link":"https:\/\/antcube.shop\/ro\/produs\/poster-dusmani-de-furnici-70x50\/","title":{"rendered":"Poster - Inamici ai furnicilor - 70\u00d750"},"content":{"rendered":"<p>Inamicii furnicilor - Poster cu furnici \u0219i material didactic pentru \u0219coli\/ gr\u0103dini\u021be.<\/p>\n<p><strong>Descriere disponibil\u0103 \u00een german\u0103, englez\u0103, spaniol\u0103 \u0219i francez\u0103<\/strong><\/p>\n<p><strong>Dimensiuni:<\/strong> 70\u00d750 cm<\/p>\n<p><strong>Material:<\/strong> H\u00e2rtie latex<br \/>\nAceast\u0103 h\u00e2rtie este impermeabil\u0103, \u0219tergabil\u0103, rezistent\u0103, ecologic\u0103, deoarece nu con\u021bine solven\u021bi d\u0103un\u0103tori mediului \u0219i produce o calitate str\u0103lucitoare a imprim\u0103rii.<\/p>\n<p><strong>Descriere:<\/strong> Acest poster ofer\u0103 o prezentare general\u0103 a du\u0219manilor naturali ai furnicilor, de la micul leu furnic\u0103 p\u00e2n\u0103 la noi, oamenii.<\/p>\n<p><strong>Important - informa\u021bii suplimentare:<\/strong> <a href=\"https:\/\/www.ants.de\/link\/1010\">Aici<\/a> ve\u021bi g\u0103si o descriere detaliat\u0103 a scenelor individuale de pe afi\u0219. Acestea nu sunt incluse, dar pot fi accesate \u0219i tip\u0103rite separat prin intermediul urm\u0103torului link. <a href=\"https:\/\/www.ants.de\/link\/1010\">https:\/\/www.ants.de\/link\/1010<\/a><\/p>","protected":false},"excerpt":{"rendered":"<p>Du\u0219manii furnicilor - Poster cu furnici \u0219i auxiliar didactic pentru \u0219coli\/ gr\u0103dini\u021be. Descriere disponibil\u0103 \u00een german\u0103, englez\u0103, spaniol\u0103 \u0219i francez\u0103 Dimensiuni: 100x70 cm Material: H\u00e2rtie Latex Aceast\u0103 h\u00e2rtie este impermeabil\u0103, \u0219tergabil\u0103, rezistent\u0103, ecologic\u0103 deoarece nu con\u021bine solven\u021bi d\u0103un\u0103tori mediului \u0219i produce o calitate de imprimare str\u0103lucitoare. Descriere: Acest poster ofer\u0103 o prezentare general\u0103 a","protected":false},"featured_media":11404,"comment_status":"open","ping_status":"closed","template":"","meta":{"_acf_changed":false,"content-type":"","_monsterinsights_skip_tracking":false,"_monsterinsights_sitenote_active":false,"_monsterinsights_sitenote_note":"","_monsterinsights_sitenote_category":0},"product_brand":[484],"product_cat":[500],"product_tag":[],"class_list":{"0":"post-11496","1":"product","2":"type-product","3":"status-publish","4":"has-post-thumbnail","6":"product_brand-antcube","7":"product_cat-ant-posters-and-teaching-aids","9":"first","10":"instock","11":"taxable","12":"shipping-taxable","13":"purchasable","14":"product-type-simple"},"acf":[],"aioseo_notices":[],"jetpack_sharing_enabled":true,"_links":{"self":[{"href":"https:\/\/antcube.shop\/ro\/wp-json\/wp\/v2\/product\/11496","targetHints":{"allow":["GET"]}}],"collection":[{"href":"https:\/\/antcube.shop\/ro\/wp-json\/wp\/v2\/product"}],"about":[{"href":"https:\/\/antcube.shop\/ro\/wp-json\/wp\/v2\/types\/product"}],"replies":[{"embeddable":true,"href":"https:\/\/antcube.shop\/ro\/wp-json\/wp\/v2\/comments?post=11496"}],"wp:featuredmedia":[{"embeddable":true,"href":"https:\/\/antcube.shop\/ro\/wp-json\/wp\/v2\/media\/11404"}],"wp:attachment":[{"href":"https:\/\/antcube.shop\/ro\/wp-json\/wp\/v2\/media?parent=11496"}],"wp:term":[{"taxonomy":"product_brand","embeddable":true,"href":"https:\/\/antcube.shop\/ro\/wp-json\/wp\/v2\/product_brand?post=11496"},{"taxonomy":"product_cat","embeddable":true,"href":"https:\/\/antcube.shop\/ro\/wp-json\/wp\/v2\/product_cat?post=11496"},{"taxonomy":"product_tag","embeddable":true,"href":"https:\/\/antcube.shop\/ro\/wp-json\/wp\/v2\/product_tag?post=11496"}],"curies":[{"name":"wp","href":"https:\/\/api.w.org\/{rel}","templated":true}]}}