{"id":11413,"date":"2025-04-11T16:43:25","date_gmt":"2025-04-11T14:43:25","guid":{"rendered":"https:\/\/antcube.shop\/en\/product\/light-strip-pro-40cm\/"},"modified":"2026-03-27T13:58:51","modified_gmt":"2026-03-27T12:58:51","slug":"banda-de-lumina-pro-40cm","status":"publish","type":"product","link":"https:\/\/antcube.shop\/ro\/produs\/banda-de-lumina-pro-40cm\/","title":{"rendered":"Band\u0103 de lumin\u0103 Pro 40cm"},"content":{"rendered":"<p><strong>Con\u021binut:<\/strong><br \/>\n1x band\u0103 de lumin\u0103 LED Pro<br \/>\n1x suport pentru montare pe tavan, inclusiv \u0219uruburi<br \/>\n1x priz\u0103 de re\u021bea cu \u00eentrerup\u0103tor<\/p>\n<p><strong>Date tehnice:<\/strong><br \/>\nDimensiuni: 400x124x42 mm<br \/>\nIluminat: LED<br \/>\nConsum de energie: 16 W<br \/>\nFlux luminos: 2200 lm (140 lm\/W)<br \/>\nCuloarea luminii: 6000K<br \/>\nDurata de via\u021b\u0103: ~ 25.000 h<br \/>\nLungimea cablului: 145 cm<\/p>\n<p><strong>Material:<\/strong> plastic<\/p>\n<p><strong>Culoare:<\/strong> negru<\/p>\n<p><strong>Descriere:<\/strong><br \/>\nIluminare cu LED-uri pentru formicarii, vivariile \u0219i terariile cu dimensiuni de 60x30x60.<br \/>\nProtejate \u00eempotriva stropilor de ap\u0103 p\u00e2n\u0103 la IP65, f\u0103c\u00e2nd Light Strips perfecte pentru terarii tropicale. Datorit\u0103 dezvolt\u0103rii reduse a c\u0103ldurii, l\u0103mpile Light Strip sunt, de asemenea, foarte potrivite pentru speciile cu cerin\u021be reduse de c\u0103ldur\u0103.<\/p>","protected":false},"excerpt":{"rendered":"<p><span style=\"font-weight: 400;\">Consum de energie: 16 W<\/span><\/p>","protected":false},"featured_media":11368,"comment_status":"open","ping_status":"closed","template":"","meta":{"_acf_changed":false,"content-type":"","_monsterinsights_skip_tracking":false,"_monsterinsights_sitenote_active":false,"_monsterinsights_sitenote_note":"","_monsterinsights_sitenote_category":0},"product_brand":[],"product_cat":[359,257,119],"product_tag":[],"class_list":{"0":"post-11413","1":"product","2":"type-product","3":"status-publish","4":"has-post-thumbnail","6":"product_cat-light-heat-humidity","7":"product_cat-new-innovatve-products","8":"product_cat-formicarium-components","10":"first","11":"instock","12":"taxable","13":"shipping-taxable","14":"purchasable","15":"product-type-simple"},"acf":[],"aioseo_notices":[],"jetpack_sharing_enabled":true,"_links":{"self":[{"href":"https:\/\/antcube.shop\/ro\/wp-json\/wp\/v2\/product\/11413","targetHints":{"allow":["GET"]}}],"collection":[{"href":"https:\/\/antcube.shop\/ro\/wp-json\/wp\/v2\/product"}],"about":[{"href":"https:\/\/antcube.shop\/ro\/wp-json\/wp\/v2\/types\/product"}],"replies":[{"embeddable":true,"href":"https:\/\/antcube.shop\/ro\/wp-json\/wp\/v2\/comments?post=11413"}],"wp:featuredmedia":[{"embeddable":true,"href":"https:\/\/antcube.shop\/ro\/wp-json\/wp\/v2\/media\/11368"}],"wp:attachment":[{"href":"https:\/\/antcube.shop\/ro\/wp-json\/wp\/v2\/media?parent=11413"}],"wp:term":[{"taxonomy":"product_brand","embeddable":true,"href":"https:\/\/antcube.shop\/ro\/wp-json\/wp\/v2\/product_brand?post=11413"},{"taxonomy":"product_cat","embeddable":true,"href":"https:\/\/antcube.shop\/ro\/wp-json\/wp\/v2\/product_cat?post=11413"},{"taxonomy":"product_tag","embeddable":true,"href":"https:\/\/antcube.shop\/ro\/wp-json\/wp\/v2\/product_tag?post=11413"}],"curies":[{"name":"wp","href":"https:\/\/api.w.org\/{rel}","templated":true}]}}