{"id":11411,"date":"2025-04-11T16:41:28","date_gmt":"2025-04-11T14:41:28","guid":{"rendered":"https:\/\/antcube.shop\/en\/product\/light-strip-20-erweiterung\/"},"modified":"2026-03-16T10:38:25","modified_gmt":"2026-03-16T09:38:25","slug":"banda-de-lumina-20-extensie","status":"publish","type":"product","link":"https:\/\/antcube.shop\/ro\/produs\/banda-de-lumina-20-extensie\/","title":{"rendered":"Band\u0103 de lumin\u0103 20 de extensii"},"content":{"rendered":"<p><strong>Con\u021binut:<\/strong><br \/>\n1x band\u0103 de lumin\u0103 LED mini 14cm<br \/>\n1x suport pentru montare pe tavan, inclusiv \u0219uruburi<br \/>\n1x cablu de conectare<br \/>\n1x fi\u0219\u0103 de conectare<\/p>\n<p><strong>Date tehnice:<\/strong><br \/>\nDimensiuni: 140x60x9mm<br \/>\nIluminat: LED<br \/>\nConsum de energie: 2W<br \/>\nFlux luminos: 210 lm (105 lm\/W)<br \/>\nCuloarea luminii: 3000K \/ 4000K \/ 6500K<br \/>\nDurata de via\u021b\u0103: ~ 25.000 h<br \/>\nLungimea cablului: 30cm<br \/>\nReglabil<\/p>\n<p><strong>Material:<\/strong> Plastic<\/p>\n<p><strong>Culoare:<\/strong> alb<\/p>\n<p><strong>Descriere:<\/strong><br \/>\nIdeal pentru toate speciile de furnici. Spectrul similar cu lumina zilei, cu o bun\u0103 iluminare a formicarului. F\u0103r\u0103 emisii nedorite de c\u0103ldur\u0103, extrem de economic din punct de vedere energetic.<br \/>\nAceast\u0103 lamp\u0103 LED este potrivit\u0103 pentru formicaria \u0219i vivaria de dimensiuni 20x20x20, 20x20x10 \u0219i 20x10x10. Poate fi a\u0219ezat\u0103 pur \u0219i simplu pe capac. Luminozitatea este reglabil\u0103 \u00een 10 niveluri \u0219i pot fi setate 3 culori de lumin\u0103 diferite, de la \"alb rece\" la \"natural\" \u0219i la lumin\u0103 \"cald\u0103\". Pentru formicaria cu o l\u0103\u021bime de 40 cm, dou\u0103 l\u0103mpi pot fi introduse una \u00een cealalt\u0103. De la o \u00een\u0103l\u021bime de peste 30 cm, doar pu\u021bin\u0103 lumin\u0103 ajunge \u00een partea de jos.<\/p>\n<p><strong>Important:<\/strong> F\u0103r\u0103 surs\u0103 de alimentare! Func\u021bioneaz\u0103 numai \u00een combina\u021bie cu Light Strip 20 (1005742) sau 30 (1005742).<br \/>\nDe exemplu, 6 l\u0103mpi 20 (p\u00e2n\u0103 la 12 wa\u021bi) pot fi conectate \u00een serie cu o unitate de alimentare.<\/p>","protected":false},"excerpt":{"rendered":"<p><span style=\"font-weight: 400;\">Consum de energie: 2W<\/span><\/p>","protected":false},"featured_media":11377,"comment_status":"open","ping_status":"closed","template":"","meta":{"_acf_changed":false,"content-type":"","_monsterinsights_skip_tracking":false,"_monsterinsights_sitenote_active":false,"_monsterinsights_sitenote_note":"","_monsterinsights_sitenote_category":0},"product_brand":[],"product_cat":[359,257,119],"product_tag":[],"class_list":{"0":"post-11411","1":"product","2":"type-product","3":"status-publish","4":"has-post-thumbnail","6":"product_cat-light-heat-humidity","7":"product_cat-new-innovatve-products","8":"product_cat-formicarium-components","10":"first","11":"instock","12":"taxable","13":"shipping-taxable","14":"purchasable","15":"product-type-simple"},"acf":[],"aioseo_notices":[],"jetpack_sharing_enabled":true,"_links":{"self":[{"href":"https:\/\/antcube.shop\/ro\/wp-json\/wp\/v2\/product\/11411","targetHints":{"allow":["GET"]}}],"collection":[{"href":"https:\/\/antcube.shop\/ro\/wp-json\/wp\/v2\/product"}],"about":[{"href":"https:\/\/antcube.shop\/ro\/wp-json\/wp\/v2\/types\/product"}],"replies":[{"embeddable":true,"href":"https:\/\/antcube.shop\/ro\/wp-json\/wp\/v2\/comments?post=11411"}],"wp:featuredmedia":[{"embeddable":true,"href":"https:\/\/antcube.shop\/ro\/wp-json\/wp\/v2\/media\/11377"}],"wp:attachment":[{"href":"https:\/\/antcube.shop\/ro\/wp-json\/wp\/v2\/media?parent=11411"}],"wp:term":[{"taxonomy":"product_brand","embeddable":true,"href":"https:\/\/antcube.shop\/ro\/wp-json\/wp\/v2\/product_brand?post=11411"},{"taxonomy":"product_cat","embeddable":true,"href":"https:\/\/antcube.shop\/ro\/wp-json\/wp\/v2\/product_cat?post=11411"},{"taxonomy":"product_tag","embeddable":true,"href":"https:\/\/antcube.shop\/ro\/wp-json\/wp\/v2\/product_tag?post=11411"}],"curies":[{"name":"wp","href":"https:\/\/api.w.org\/{rel}","templated":true}]}}