{"id":11409,"date":"2025-04-11T16:39:39","date_gmt":"2025-04-11T14:39:39","guid":{"rendered":"https:\/\/antcube.shop\/en\/product\/light-strip-20\/"},"modified":"2026-04-14T09:35:32","modified_gmt":"2026-04-14T07:35:32","slug":"banda-luminoasa-20","status":"publish","type":"product","link":"https:\/\/antcube.shop\/ro\/produs\/banda-luminoasa-20\/","title":{"rendered":"Band\u0103 de lumin\u0103 20"},"content":{"rendered":"<p><strong>Con\u021binut:<\/strong><br \/>\n1x band\u0103 de lumin\u0103 LED mini 14cm<br \/>\n1x suport pentru montare pe tavan, inclusiv \u0219uruburi<br \/>\n1x priz\u0103 de re\u021bea cu \u00eentrerup\u0103tor<\/p>\n<p><strong>Date tehnice:<\/strong><br \/>\nDimensiuni: 140x60x9mm<br \/>\nIluminat: LED<br \/>\nConsum de energie: 2W<br \/>\nFlux luminos: 210 lm (105 lm\/W)<br \/>\nCuloarea luminii: 3000K \/ 4000K \/ 6500K<br \/>\nDurata de via\u021b\u0103: ~ 25.000 h<br \/>\nLungimea cablului: 156 cm<br \/>\nReglabil<\/p>\n<p><strong>Material:<\/strong> Plastic<\/p>\n<p><strong>Culoare:<\/strong> alb<\/p>\n<p><strong>Descriere:<\/strong><br \/>\nIdeal pentru toate speciile de furnici. Spectrul similar cu lumina zilei, cu o bun\u0103 iluminare a formicarului. F\u0103r\u0103 emisii nedorite de c\u0103ldur\u0103, extrem de economic din punct de vedere energetic.<br \/>\nAceast\u0103 lamp\u0103 LED este potrivit\u0103 pentru formicaria \u0219i vivaria de dimensiuni 20x20x20, 20x20x10 \u0219i 20x10x10. Poate fi a\u0219ezat\u0103 pur \u0219i simplu pe capac. Luminozitatea este reglabil\u0103 \u00een 10 niveluri \u0219i pot fi setate 3 culori de lumin\u0103 diferite, de la \"alb rece\" la \"natural\" \u0219i la lumin\u0103 \"cald\u0103\". O extensie poate fi comandat\u0103 pentru formicaria cu o l\u0103\u021bime de 40 cm. Acesta este legat mai jos \u00een articol. De la o \u00een\u0103l\u021bime de peste 30 cm, doar pu\u021bin\u0103 lumin\u0103 ajunge \u00een partea de jos.<\/p>","protected":false},"excerpt":{"rendered":"<p><span style=\"font-weight: 400;\">Consum de energie: 2W<\/span><\/p>","protected":false},"featured_media":11376,"comment_status":"open","ping_status":"closed","template":"","meta":{"_acf_changed":false,"content-type":"","_monsterinsights_skip_tracking":false,"_monsterinsights_sitenote_active":false,"_monsterinsights_sitenote_note":"","_monsterinsights_sitenote_category":0},"product_brand":[],"product_cat":[359,257,119],"product_tag":[],"class_list":{"0":"post-11409","1":"product","2":"type-product","3":"status-publish","4":"has-post-thumbnail","6":"product_cat-light-heat-humidity","7":"product_cat-new-innovatve-products","8":"product_cat-formicarium-components","10":"first","11":"instock","12":"taxable","13":"shipping-taxable","14":"purchasable","15":"product-type-simple"},"acf":[],"aioseo_notices":[],"jetpack_sharing_enabled":true,"_links":{"self":[{"href":"https:\/\/antcube.shop\/ro\/wp-json\/wp\/v2\/product\/11409","targetHints":{"allow":["GET"]}}],"collection":[{"href":"https:\/\/antcube.shop\/ro\/wp-json\/wp\/v2\/product"}],"about":[{"href":"https:\/\/antcube.shop\/ro\/wp-json\/wp\/v2\/types\/product"}],"replies":[{"embeddable":true,"href":"https:\/\/antcube.shop\/ro\/wp-json\/wp\/v2\/comments?post=11409"}],"wp:featuredmedia":[{"embeddable":true,"href":"https:\/\/antcube.shop\/ro\/wp-json\/wp\/v2\/media\/11376"}],"wp:attachment":[{"href":"https:\/\/antcube.shop\/ro\/wp-json\/wp\/v2\/media?parent=11409"}],"wp:term":[{"taxonomy":"product_brand","embeddable":true,"href":"https:\/\/antcube.shop\/ro\/wp-json\/wp\/v2\/product_brand?post=11409"},{"taxonomy":"product_cat","embeddable":true,"href":"https:\/\/antcube.shop\/ro\/wp-json\/wp\/v2\/product_cat?post=11409"},{"taxonomy":"product_tag","embeddable":true,"href":"https:\/\/antcube.shop\/ro\/wp-json\/wp\/v2\/product_tag?post=11409"}],"curies":[{"name":"wp","href":"https:\/\/api.w.org\/{rel}","templated":true}]}}