{"id":11407,"date":"2025-04-11T16:38:16","date_gmt":"2025-04-11T14:38:16","guid":{"rendered":"https:\/\/antcube.shop\/en\/product\/terracube-60x30x60-terrarium-mit-schiebetur\/"},"modified":"2026-04-02T12:12:14","modified_gmt":"2026-04-02T10:12:14","slug":"terariu-terracube-60x30x60-cu-usa-glisanta","status":"publish","type":"product","link":"https:\/\/antcube.shop\/ro\/produs\/terariu-terracube-60x30x60-cu-usa-glisanta\/","title":{"rendered":"TERRACUBE 60x30x60 Terrariu cu u\u0219\u0103 glisant\u0103"},"content":{"rendered":"<p><strong>TERRACUBE Terrariu 60x30x60 cu u\u0219\u0103 glisant\u0103 \u0219i 2 deschideri de 50 mm.<\/strong><\/p>\n<p><strong>Dimensiuni:<\/strong> 600 x 300 x 600 mm; grosime sticl\u0103 4mm<br \/>\n<strong>Material:<\/strong> sticl\u0103 float<br \/>\n<strong>Conexiune:<\/strong> 2x orificii de 50 mm (2x pe lateral)<\/p>\n<p><strong>Deschidere frontal\u0103 (u\u0219\u0103 glisant\u0103):<\/strong> 300\u00d7300 mm<br \/>\n\u00cen\u0103l\u021bimea barei: 12,5 cm<br \/>\nL\u0103\u021bimea barei: 4 cm<\/p>\n<p><strong>Descriere:<\/strong><br \/>\n<strong>TERRACUBE - Sistemul de terariu modular, complet transparent, cu detalii inteligente<\/strong><br \/>\nTerariile TERRACUBE reprezint\u0103 transparen\u021b\u0103 maxim\u0103 (360\u00b0) \u0219i un design elegant, clar. Toate marginile sunt lipite cu precizie, astfel \u00eenc\u00e2t s\u0103 nu fie vizibile cus\u0103turi de silicon enervante. Siliconul utilizat este, de asemenea, complet transparent - pentru o vizualizare complet\u0103 \u0219i neumbrit\u0103 a interiorului.<\/p>\n<p><strong>Ventila\u021bie sofisticat\u0103 \u0219i puncte de acces tehnice<\/strong><br \/>\n<strong>Dou\u0103 g\u0103uri laterale (\u00d8 50 mm fiecare) ofer\u0103 op\u021biuni flexibile de utilizare:<\/strong><br \/>\nAcestea pot fi utilizate fie pentru ventila\u021bie suplimentar\u0103, fie ca acces pentru tehnologie, cum ar fi termo\/igrometre, pulverizatoare, pietre de \u00eenc\u0103lzire \u0219i multe altele.<\/p>\n<p>Acoperi\u0219ul se vinde separat \u0219i este disponibil \u00een diferite versiuni - cu diferite zone de ventila\u021bie \u0219i orificii pentru ventila\u021bie suplimentar\u0103 sau accesorii tehnice precum sisteme de ploaie sau ventilatoare, \u00een func\u021bie de habitat.<\/p>\n<p><strong>Gril\u0103 sigur\u0103 - potrivit\u0103 \u0219i pentru animale mici<\/strong><br \/>\nGrila de ventila\u021bie din o\u021bel inoxidabil cu ochiuri fine de pe bar\u0103 este at\u00e2t de etan\u0219\u0103 \u00eenc\u00e2t chiar \u0219i speciile minuscule, cum ar fi mu\u0219tele de fructe (Drosophila) sau furnicile, nu pot sc\u0103pa. Aceasta este sus\u021binut\u0103 de o plac\u0103 robust\u0103 din aluminiu perforat. Acest lucru face ca conceptul s\u0103 nu prezinte coroziune (\u00eentre\u021binere redus\u0103 \u0219i durabil\u0103) \u0219i s\u0103 fie stabil, chiar \u0219i \u00eempotriva impactului mecanic al reptilelor mai mari.<\/p>\n<p><strong>U\u0219\u0103 glisant\u0103 - practic\u0103 \u0219i aproape invizibil\u0103<\/strong><br \/>\nU\u0219a glisant\u0103 practic\u0103 este prev\u0103zut\u0103 cu un m\u00e2ner transparent pe un suport la fel de transparent. Acest lucru \u00eenseamn\u0103 c\u0103 accentul r\u0103m\u00e2ne \u00eentotdeauna pe interiorul proiectat cu dragoste sau pe animalele \u021binute \u00een interior.<\/p>\n<p><strong>Sistem modular - conecta\u021bi terariile \u00eentre ele<\/strong><br \/>\nMai multe terarii TERRACUBE pot fi conectate \u00eentre ele datorit\u0103 orificiilor laterale \u0219i conectorilor sau tuburilor acrilice transparente potrivite.<br \/>\nDe exemplu, o colonie de furnici poate fi \u021binut\u0103 \u00eentr-un acvariu \u00eenvecinat ca surs\u0103 de hran\u0103 pentru reptile - cu o retragere sigur\u0103 dac\u0103 reptila nu poate trece prin tub. Sisteme \u00eentregi, de exemplu pentru broa\u0219te sau salamandre, pot fi, de asemenea, extinse flexibil \u00een acest mod.<\/p>\n<p><strong>Not\u0103:<\/strong> Sticla este t\u0103iat\u0103 la dimensiune \u00een conformitate cu DIN 1249 cu o toleran\u021b\u0103 de +\/- 1 mm. Protec\u021bia suplimentar\u0103 \u00eempotriva evad\u0103rii este esen\u021bial\u0103 pentru speciile de furnici extrem de mici.<\/p>","protected":false},"excerpt":{"rendered":"<p>TERRACUBE Terrariu 60x30x60 cu u\u0219\u0103 glisant\u0103 \u0219i 2 deschideri de 50 mm. Dimensiuni: 600 x 300 x 600 mm; grosime sticl\u0103 4 mm Material: sticl\u0103 flotat\u0103 Conectare: 2x orificii de 50 mm (2x pe lateral) Deschidere frontal\u0103 (u\u0219\u0103 glisant\u0103): 300x300 mm \u00cen\u0103l\u021bimea barei: 12,5 cm L\u0103\u021bimea barei: 4 cm Descriere: TERRACUBE - Sistemul de terariu modular, complet transparent","protected":false},"featured_media":11397,"comment_status":"open","ping_status":"closed","template":"","meta":{"_acf_changed":false,"content-type":"","_monsterinsights_skip_tracking":false,"_monsterinsights_sitenote_active":false,"_monsterinsights_sitenote_note":"","_monsterinsights_sitenote_category":0},"product_brand":[499],"product_cat":[257],"product_tag":[],"class_list":{"0":"post-11407","1":"product","2":"type-product","3":"status-publish","4":"has-post-thumbnail","6":"product_brand-terracube","7":"product_cat-new-innovatve-products","8":"product_shipping_class-forwarding-on-pallet","10":"first","11":"instock","12":"taxable","13":"shipping-taxable","14":"purchasable","15":"product-type-simple"},"acf":[],"aioseo_notices":[],"jetpack_sharing_enabled":true,"_links":{"self":[{"href":"https:\/\/antcube.shop\/ro\/wp-json\/wp\/v2\/product\/11407","targetHints":{"allow":["GET"]}}],"collection":[{"href":"https:\/\/antcube.shop\/ro\/wp-json\/wp\/v2\/product"}],"about":[{"href":"https:\/\/antcube.shop\/ro\/wp-json\/wp\/v2\/types\/product"}],"replies":[{"embeddable":true,"href":"https:\/\/antcube.shop\/ro\/wp-json\/wp\/v2\/comments?post=11407"}],"wp:featuredmedia":[{"embeddable":true,"href":"https:\/\/antcube.shop\/ro\/wp-json\/wp\/v2\/media\/11397"}],"wp:attachment":[{"href":"https:\/\/antcube.shop\/ro\/wp-json\/wp\/v2\/media?parent=11407"}],"wp:term":[{"taxonomy":"product_brand","embeddable":true,"href":"https:\/\/antcube.shop\/ro\/wp-json\/wp\/v2\/product_brand?post=11407"},{"taxonomy":"product_cat","embeddable":true,"href":"https:\/\/antcube.shop\/ro\/wp-json\/wp\/v2\/product_cat?post=11407"},{"taxonomy":"product_tag","embeddable":true,"href":"https:\/\/antcube.shop\/ro\/wp-json\/wp\/v2\/product_tag?post=11407"}],"curies":[{"name":"wp","href":"https:\/\/api.w.org\/{rel}","templated":true}]}}