{"id":11137,"date":"2025-03-06T15:59:48","date_gmt":"2025-03-06T14:59:48","guid":{"rendered":"https:\/\/antcube.shop\/en\/product\/antcube-arena-60x30x60-mit-schiebetur\/"},"modified":"2026-01-12T12:41:14","modified_gmt":"2026-01-12T11:41:14","slug":"antcube-arena-60x30x60-cu-usa-glisanta","status":"publish","type":"product","link":"https:\/\/antcube.shop\/ro\/produs\/antcube-arena-60x30x60-cu-usa-glisanta\/","title":{"rendered":"ANTCUBE Arena 60x30x60 cu u\u0219\u0103 glisant\u0103"},"content":{"rendered":"<p><strong>ANTCUBE Arena 60x30x60 cu u\u0219\u0103 glisant\u0103 \u0219i 4 deschideri de 50 mm.<\/strong><\/p>\n<p><strong>Dimensiuni:<\/strong> 600 x 300 x 600 mm; grosime sticl\u0103 4mm<br \/>\n<strong>Material:<\/strong> sticl\u0103 float<br \/>\n<strong>Conexiune:<\/strong> 4 orificii de 50 mm (2 pe lateral \u0219i 2 \u00een fa\u021b\u0103)<\/p>\n<p><strong>Deschidere frontal\u0103 (u\u0219\u0103 glisant\u0103):<\/strong> 300\u00d7300 mm<\/p>\n<p><strong>Descriere:<\/strong> Arena noastr\u0103 ANTCUBE 60x30x60 cu u\u0219\u0103 glisant\u0103 a fost dezvoltat\u0103 pentru a putea lucra confortabil chiar \u0219i \u00een condi\u021bii de formicarie complet\u0103. Este, de asemenea, potrivit\u0103 ca extensie pentru arena noastr\u0103 cu u\u0219\u0103 glisant\u0103 de 60x30x30. Diferen\u021ba const\u0103 \u00een noile g\u0103uri din fa\u021b\u0103 pentru a crea o ventila\u021bie suplimentar\u0103 sau, dac\u0103 nu exist\u0103 spa\u021biu pe laterale, pentru a conecta arene suplimentare cu tuburi acrilice prin intermediul conexiunilor frontale. Acestea sunt deosebit de utile ca formicarium pentru furnicile \u021bes\u0103toare (Polyrhachis \u0219i Oecophylla), deoarece le place s\u0103 construiasc\u0103 \u00een sus \u0219i au nevoie de o plant\u0103 gazd\u0103. Speciile care tr\u0103iesc \u00een copaci, cum ar fi Tetraponera, sunt, de asemenea, fericite s\u0103 aib\u0103 posibilitatea de a se c\u0103\u021b\u0103ra. Uneori poate fi dificil s\u0103 se \u00eendep\u0103rteze de\u0219eurile de la animale de pe fundul formicariului, de exemplu. Aceasta nu este o problem\u0103 cu acest acvariu special adaptat. U\u0219a glisant\u0103 este, de asemenea, foarte practic\u0103 pentru rezervoarele de hr\u0103nire pentru furnicile Acromyrmex sau Atta t\u0103ietoare de frunze, deoarece resturile de plante \u0219i alte de\u0219euri pot fi eliminate cu u\u0219urin\u021b\u0103. Pentru deschiderea superioar\u0103, sunt disponibile separat \u0219i un cadru de protec\u021bie pentru evadare 60\u00d730 \u0219i un capac pentru aren\u0103 60\u00d730 cu sau f\u0103r\u0103 o zon\u0103 de ventila\u021bie mai mare.<\/p>\n<p><strong>Not\u0103:<\/strong> Sticla este t\u0103iat\u0103 la dimensiune \u00een conformitate cu DIN 1249 cu o toleran\u021b\u0103 de +\/- 1 mm. Protec\u021bia suplimentar\u0103 \u00eempotriva evad\u0103rii este esen\u021bial\u0103 pentru speciile de furnici extrem de mici.<\/p>","protected":false},"excerpt":{"rendered":"<p>Conectare: 4 orificii de 50 mm<\/p>","protected":false},"featured_media":11138,"comment_status":"open","ping_status":"closed","template":"","meta":{"_acf_changed":false,"content-type":"","_monsterinsights_skip_tracking":false,"_monsterinsights_sitenote_active":false,"_monsterinsights_sitenote_note":"","_monsterinsights_sitenote_category":0},"product_brand":[484],"product_cat":[257,85,86],"product_tag":[],"class_list":{"0":"post-11137","1":"product","2":"type-product","3":"status-publish","4":"has-post-thumbnail","6":"product_brand-antcube","7":"product_cat-new-innovatve-products","8":"product_cat-ant-arenas","9":"product_cat-formicariums","10":"product_shipping_class-forwarding-on-pallet","12":"first","13":"instock","14":"taxable","15":"shipping-taxable","16":"purchasable","17":"product-type-simple"},"acf":[],"aioseo_notices":[],"jetpack_sharing_enabled":true,"_links":{"self":[{"href":"https:\/\/antcube.shop\/ro\/wp-json\/wp\/v2\/product\/11137","targetHints":{"allow":["GET"]}}],"collection":[{"href":"https:\/\/antcube.shop\/ro\/wp-json\/wp\/v2\/product"}],"about":[{"href":"https:\/\/antcube.shop\/ro\/wp-json\/wp\/v2\/types\/product"}],"replies":[{"embeddable":true,"href":"https:\/\/antcube.shop\/ro\/wp-json\/wp\/v2\/comments?post=11137"}],"wp:featuredmedia":[{"embeddable":true,"href":"https:\/\/antcube.shop\/ro\/wp-json\/wp\/v2\/media\/11138"}],"wp:attachment":[{"href":"https:\/\/antcube.shop\/ro\/wp-json\/wp\/v2\/media?parent=11137"}],"wp:term":[{"taxonomy":"product_brand","embeddable":true,"href":"https:\/\/antcube.shop\/ro\/wp-json\/wp\/v2\/product_brand?post=11137"},{"taxonomy":"product_cat","embeddable":true,"href":"https:\/\/antcube.shop\/ro\/wp-json\/wp\/v2\/product_cat?post=11137"},{"taxonomy":"product_tag","embeddable":true,"href":"https:\/\/antcube.shop\/ro\/wp-json\/wp\/v2\/product_tag?post=11137"}],"curies":[{"name":"wp","href":"https:\/\/api.w.org\/{rel}","templated":true}]}}