{"id":10988,"date":"2025-01-29T13:27:22","date_gmt":"2025-01-29T12:27:22","guid":{"rendered":"https:\/\/antcube.shop\/en\/product\/bundle-offer-pheidole-pallidula\/"},"modified":"2026-04-13T09:30:15","modified_gmt":"2026-04-13T07:30:15","slug":"oferta-de-pachet-pheidole-pallidula","status":"publish","type":"product","link":"https:\/\/antcube.shop\/ro\/produs\/oferta-de-pachet-pheidole-pallidula\/","title":{"rendered":"Ofert\u0103 cumulat\u0103 - Crematogaster scutellaris"},"content":{"rendered":"<p id=\"docs-internal-guid-f360e18f-7fff-1fa7-2486-66b6ea8170c9\" dir=\"ltr\"><span data-text-color=\"secondary\"><strong>Pachet care include o colonie de furnici Crematogaster scutellaris (regin\u0103 cu 5-10 lucr\u0103toare + pui), un set de pornire Digfix S, 2x tampoane formicarium \u0219i un fundal foto de\u0219ert.<\/strong><\/span><\/p>\n<p dir=\"ltr\"><span data-text-color=\"alert\"><strong>Numai \u00een limita stocului disponibil.<\/strong><\/span><\/p>\n<h2 dir=\"ltr\"><strong>Tot ce ai nevoie pentru o colonie de furnici Crematogaster scutellaris<\/strong><\/h2>\n<p dir=\"ltr\">Acest pachet con\u021bine tot ce ave\u021bi nevoie pentru a sus\u021bine cu succes o colonie de Crematogaster scutellaris \u00een primele c\u00e2teva luni de \u00eentre\u021binere. Este ideal pentru \u00eencep\u0103tori \u0219i poate fi extins cu u\u0219urin\u021b\u0103.<\/p>\n<h3 dir=\"ltr\"><strong>Specii de furnici Crematogaster scutellaris<\/strong><\/h3>\n<p>Crematogaster scutellaris este o specie de furnic\u0103 predominant omnivor\u0103 care consum\u0103 at\u00e2t hran\u0103 vegetal\u0103, c\u00e2t \u0219i animal\u0103. Este r\u0103sp\u00e2ndit\u0103 \u00een \u00eentreaga regiune mediteranean\u0103 \u0219i se g\u0103se\u0219te \u0219i \u00een p\u0103r\u021bile sudice ale Europei Centrale. Tipic pentru aceast\u0103 specie este abdomenul s\u0103u caracteristic, \u00een form\u0103 de par\u0103, pe care \u00eel ridic\u0103 \u00een caz de pericol - un comportament izbitor pentru a descuraja inamicii.<\/p>\n<p>Coloniile sunt formate de obicei dintr-o singur\u0103 regin\u0103 (monogam\u0103), dar pot g\u0103zdui \u0219i mai multe regine. Muncitorii au un comportament activ \u0219i curios \u0219i \u00ee\u0219i ap\u0103r\u0103 cuiburile cu fermitate. Crematogaster scutellaris este cunoscut \u00een special pentru capacitatea sa de a cuib\u0103ri \u00een lemnul mort sau \u00een golurile copacilor.<\/p>\n<h3 dir=\"ltr\"><strong>Cuib pentru Crematogaster scutellaris<\/strong><\/h3>\n<p dir=\"ltr\">Deoarece aceast\u0103 specie prefer\u0103 s\u0103 \u00ee\u0219i fac\u0103 cuibul \u00een lemn uscat mort sau \u00een cr\u0103p\u0103turi \u0219i cr\u0103p\u0103turi, acest set con\u021bine o inser\u021bie de cuib Digfix. Aceasta permite o bun\u0103 vizualizare a interiorului cuibului \u0219i simuleaz\u0103 condi\u021biile naturale. Alternativ, ele pot fi \u021binute \u00een cuiburi de plut\u0103 sau de lemn, care se apropie foarte mult de habitatul lor natural.<\/p>\n<h3 dir=\"ltr\"><strong>Hran\u0103 pentru Crematogaster scutellaris<\/strong><\/h3>\n<p dir=\"ltr\">Crematogaster scutellaris este un omnivor cu o preferin\u021b\u0103 deosebit\u0103 pentru lichidele dulci, cum ar fi mierea sau solu\u021biile de zah\u0103r. De asemenea, are nevoie de hran\u0103 bogat\u0103 \u00een proteine, de exemplu insecte mici, \u00een special pentru a-\u0219i cre\u0219te puii. \u00cen s\u0103lb\u0103ticie, se hr\u0103ne\u0219te \u0219i cu sev\u0103 de copac \u0219i artropode mici.<\/p>\n<h3 dir=\"ltr\"><strong>Condi\u021biile climatice pentru Crematogaster scutellaris<\/strong><\/h3>\n<p dir=\"ltr\">Umiditate:<br \/>\nArena: 30 - 50%<br \/>\nZona de cuib: 50 - 60%<br \/>\nTemperatura:<br \/>\nArena: 24 - 30\u00b0C<br \/>\nZona de cuib: 22 - 28\u00b0C<\/p>\n<p dir=\"ltr\">Crematogaster scutellaris este ideal\u0103 at\u00e2t pentru \u00eencep\u0103tori, c\u00e2t \u0219i pentru de\u021bin\u0103torii experimenta\u021bi de furnici. Datorit\u0103 comportamentului s\u0103u activ, formei \u0219i culorii izbitoare a corpului \u0219i metodei sale de construc\u021bie a cuibului, aceasta ofer\u0103 informa\u021bii interesante despre via\u021ba unei colonii de furnici.<\/p>\n<p dir=\"ltr\"><strong>Cuprins:<\/strong><br \/>\n1x colonie de furnici Crematogaster scutellaris (regin\u0103 + 5-10 lucr\u0103toare + pui)<br \/>\n1x solu\u021bie de zah\u0103r \u0219i miere (ZH) - pachet de reumplere 10ml<br \/>\n1x greieri \u00eentregi \u0219i blan\u0219i 10g<br \/>\n1x tampon formicarium - 20x20cm<br \/>\n1x tampon Formicarium - 20x6cm<br \/>\n1x fundal foto de\u0219ert 20\u00d710<br \/>\n1x ANTCUBE - Arena 20x20x10 - plat<br \/>\n1x ram\u0103 pentru aren\u0103 20\u00d720<br \/>\n1x hus\u0103 pentru aren\u0103 20\u00d720<br \/>\n4x Punct de fixare pentru capacul arenei<br \/>\n1x ANTCUBE - Furnicarul - S - 20\u00d720 - \u00een picioare<br \/>\n1x ANTCUBE - Plac\u0103 Digfix 20\u00d720 - S<br \/>\n1x 0.5m tub transparent 10\/06 mm<br \/>\n1x ANTCUBE - film ro\u0219u 20\u00d720 - filtru<br \/>\n1x cleme adezive - transparente - 2 buc.<br \/>\n1x substrat - nisip-argila bej - 200g<br \/>\n1x inser\u021bie plas\u0103 - 50mm - o\u021bel inoxidabil<br \/>\n1x dop formicaria pentru gaura de 50mm<br \/>\n1x dop formicaria pentru gaura de 27mm<br \/>\n1x capac formicaria pentru soclu de 6 mm<br \/>\n1x conector bazin B-27 \u0219i S-10-16 mm M25 - set<br \/>\n1x alimentator 2ml - 360\u00b0<br \/>\n1x castron de b\u0103ut transparent 20ml - burete<br \/>\n1x pahar transparent pentru alimente 1\u00d720 - burete<br \/>\n1x mini termohigrometru analogic - afi\u0219aj suspendat<br \/>\n1x pudr\u0103 de protec\u021bie \u00eempotriva evad\u0103rii furnicilor 10ml<br \/>\n1x penset\u0103 din o\u021bel cu arc - larg\u0103 - moale<br \/>\n1x penseta de plastic transparent<br \/>\n1x pipet\u0103 de plastic 3ml<br \/>\n1x lup\u0103 de m\u00e2n\u0103 - 2x - 30mm<br \/>\n1x \u0219terg\u0103tor de spum\u0103 150x18x2.5mm<\/p>\n<p dir=\"ltr\"><strong>Descriere:<\/strong><br \/>\nSetul de pornire Digfix este potrivit pentru diferite specii de furnici, \u00een special pentru cele care \u00ee\u0219i fac cuibul \u00een nisip \u0219i lemn (mort). Acesta poate fi p\u0103strat uscat sau u\u0219or umed.<br \/>\nFerma transparent\u0103 poate fi utilizat\u0103 cu placa ANTCUBE Digfix. Furnicile \u00ee\u0219i sap\u0103 propriile tuneluri \u0219i camere \u00een material. Dac\u0103 este necesar, pot fi conectate module suplimentare prin orificiile de 50 mm din capac, cum ar fi pulverizatoarele, ventilatoarele sau luminile disponibile separat. Alternativ, sunt incluse dopuri de formicaria potrivite pentru a \u00eenchide deschiderile. Dac\u0103 prefera\u021bi, pute\u021bi, de asemenea, s\u0103 utiliza\u021bi formicariul \u00een mod deschis, pur \u0219i simplu a\u0219ez\u00e2nd cadrul deta\u0219abil pe sol \u0219i aplic\u00e2nd ulei de protec\u021bie \u00eempotriva sc\u0103p\u0103rii furnicilor pe marginea acestuia. \"Recipientul de udare 2 ml - 360 de grade\" este destinat pentru miere\/solu\u021bie de zah\u0103r, iar \"Recipientul de udare transparent 20 ml - burete\" pentru ap\u0103. \"Mini termohigrometrul\" poate fi ata\u0219at la cadru sau la capac \u0219i afi\u0219eaz\u0103 valorile climatice.<\/p>\n<p dir=\"ltr\"><span data-text-color=\"alert\"><strong>Important:<\/strong><\/span> V\u0103 rug\u0103m s\u0103 umezi\u021bi solul \u00eenainte de utilizare, astfel \u00eenc\u00e2t amestecul s\u0103 se poat\u0103 lega \u0219i s\u0103 se fixeze ferm \u00een furnicar. \u00cen plus, un sol prea uscat \u0219i pr\u0103fuit poate cauza blocarea c\u0103ilor respiratorii ale furnicilor, provoc\u00e2nd sufocarea lor \u00een cel mai r\u0103u caz.<\/p>\n<p dir=\"ltr\"><strong>Recomandare:<\/strong> Recomand\u0103m un strat de substrat de 2 mm \u00een\u0103l\u021bime, astfel \u00eenc\u00e2t animalele s\u0103 nu poat\u0103 s\u0103pa singure \u00een aren\u0103 \u0219i s\u0103 foloseasc\u0103 \u00een schimb ferma prev\u0103zut\u0103 \u00een acest scop. De asemenea, recomand\u0103m perforarea u\u0219oar\u0103 a materialului de cuib\u0103rit din ferm\u0103 (nisip\/argil\u0103, Digfix etc.) \u00eentr-un singur loc pentru a facilita s\u0103patul animalelor.<br \/>\n<strong>Not\u0103:<\/strong> Cuibul poate fi utilizat \u00eentr-un formicarium uscat sau umed. \u00cen cazul \u00een care cuibul este men\u021binut permanent umed (prea umed), resturile de m\u00e2ncare pot provoca formarea mucegaiului.<br \/>\n<strong>Not\u0103 privind Digfix:<\/strong> Culoarea natural\u0103 poate varia \u00eentre verde-cenu\u0219iu-maroniu \u0219i maro-p\u0103m\u00e2nt. Culoarea nu are nicio influen\u021b\u0103 asupra calit\u0103\u021bii.<\/p>\n<p dir=\"ltr\"><strong>Note privind produc\u021bia<\/strong><br \/>\nSticla este t\u0103iat\u0103 \u00een conformitate cu DIN 1249 cu o toleran\u021b\u0103 de +\/- 1 mm. Pentru speciile de furnici extrem de mici, este esen\u021bial\u0103 o protec\u021bie suplimentar\u0103 \u00eempotriva spargerii.<\/p>\n<p dir=\"ltr\"><strong>Note despre ferm\u0103<\/strong><br \/>\nLa conectarea sau deconectarea tuburilor, trebuie avute \u00een vedere urm\u0103toarele:<br \/>\n\u00cen cazul \u00een care tubul se potrive\u0219te cu dificultate pe conector, trebuie aplicat\u0103 pe conector o pic\u0103tur\u0103 din uleiul sau pulberea noastr\u0103 anti-escape. Tubul trebuie apoi \u00eempins pe conector prin r\u0103sucire sau \u00een\u0219urubare, f\u0103r\u0103 a aplica presiune \u00een sus \u0219i \u00een jos pe conector. Acela\u0219i lucru este valabil \u0219i pentru scoaterea tuburilor din conectorul fermei. V\u0103 rug\u0103m s\u0103 nu le scoate\u021bi pur \u0219i simplu!<\/p>\n<p dir=\"ltr\"><strong>Note despre Cricket Jam:<\/strong><br \/>\nDulcea\u021ba noastr\u0103 de greieri este o modalitate u\u0219oar\u0103 de a oferi furnicilor dvs. hran\u0103 proteic\u0103 proasp\u0103t conservat\u0103, f\u0103r\u0103 a fi nevoie s\u0103 hr\u0103ni\u021bi insecte vii. Greierii (Acheta domesticus) sunt g\u0103ti\u021bi u\u0219or pentru a se asigura c\u0103 valoarea nutritiv\u0103, gustul \u0219i aroma sunt p\u0103strate. \u00cen plus, exoscheletul chitinos al insectelor este \u00eenmuiat \u00een acest fel, astfel \u00eenc\u00e2t s\u0103 poat\u0103 fi digerat mai u\u0219or. Compu\u0219ii proteici de colagen sunt diviza\u021bi, astfel \u00eenc\u00e2t furnicile s\u0103 \u00eei poat\u0103 utiliza mai bine. Acheta domesticus din cutie au aceea\u0219i valoare nutritiv\u0103 ca greierii vii, dar sunt mai u\u0219or de digerat.<br \/>\nCricket Jam nu este potrivit pentru v\u00e2narea speciilor de furnici care necesit\u0103 hran\u0103 vie (de exemplu, ponarine (furnici mari), cum ar fi Harpegnathos sau Odontomachus).<\/p>\n<p dir=\"ltr\"><strong>Alte avantaje:<\/strong><br \/>\nGarantat f\u0103r\u0103 acarieni<br \/>\nPoate fi por\u021bionat \u0219i diluat cu ap\u0103<br \/>\nSterilizate \u0219i ambalate \u00een vid<br \/>\nF\u0103r\u0103 aditivi<br \/>\nGreieri proveni\u021bi din cre\u0219terea sustenabil\u0103 pur organic\u0103, hr\u0103ni\u021bi cu de\u0219euri organice<\/p>\n<p dir=\"ltr\"><strong>Not\u0103:<\/strong><br \/>\nPoate fi p\u0103strat \u00een frigider timp de aproximativ patru zile dup\u0103 deschidere. Termen de valabilitate mai lung la congelare.<\/p>\n<p dir=\"ltr\"><strong>Aten\u021bie<\/strong>: Por\u021biona\u021bi mai \u00eent\u00e2i, apoi congela\u021bi.<\/p>\n<p dir=\"ltr\"><strong>Note privind solu\u021bia de zah\u0103r-miere (ZH) - pachet de reumplere 10ml<\/strong><br \/>\nCuprins: 10 ml<\/p>\n<p dir=\"ltr\"><strong>Descriere:<\/strong> Acesta este un produs format din diver\u0219i carbohidra\u021bi (cum ar fi mierea \u0219i zah\u0103rul).<\/p>\n<p dir=\"ltr\"><strong>Cerere:<\/strong> Tubul de hran\u0103 poate fi plasat \u00eentreg \u00een formicarium sau, alternativ, \u00een func\u021bie de nevoile\/dimensiunile coloniei, cantit\u0103\u021bi mai mici pot fi plasate \u00eentr-un bol de hran\u0103. Hrana trebuie consumat\u0103 \u00een termen de aproximativ 3 zile, altfel exist\u0103 riscul apari\u021biei mucegaiului. Din acela\u0219i motiv, cur\u0103\u021ba\u021bi bolul alimentar \u00eenainte de a-l umple din nou.<\/p>\n<p dir=\"ltr\"><strong>Utilizare:<\/strong><br \/>\nSolu\u021bie de zah\u0103r \u0219i miere = pentru speciile de furnici consumatoare de zah\u0103r\/miere<br \/>\nAcesta este un aliment suplimentar<br \/>\nAceasta poate fi oferit\u0103 animalelor sub form\u0103 de provizii. Deoarece concentra\u021bia de zah\u0103r scade din cauza umidit\u0103\u021bii \u0219i \u00eencepe un proces de fermentare, hrana trebuie \u00eenlocuit\u0103 la fiecare 3 zile. Cur\u0103\u021ba\u021bi temeinic bolul\/tubul de hran\u0103 \u00eenainte de reutilizare.<br \/>\nOdat\u0103 deschis, ambalajul trebuie p\u0103strat bine \u00eenchis (dac\u0103 este depozitat \u00eentr-un loc uscat) \u0219i utilizat p\u00e2n\u0103 la data indicat\u0103 (data limit\u0103 de consum).<\/p>\n<p dir=\"ltr\"><strong>Con\u021bine:<\/strong><br \/>\nFructoz\u0103 27 la 44%,<br \/>\nglucoz\u0103 22 la 41%,<br \/>\nzaharoz\u0103 p\u00e2n\u0103 la 5%,<br \/>\nmaltoz\u0103 4 la 14%,<br \/>\nalte zaharuri complexe 1 p\u00e2n\u0103 la 14%.<br \/>\nGr\u0103simi: 0g<br \/>\nCarbohidra\u021bi: 92g<br \/>\nProteine: 0g<br \/>\nSare: 0g<\/p>\n<p dir=\"ltr\"><strong>Depozitare:<\/strong> Pentru a asigura calitatea furajelor, acestea trebuie depozitate \u00eentr-un loc \u00eentunecos \u0219i uscat.<\/p>\n<p dir=\"ltr\"><strong>Not\u0103:<\/strong><br \/>\nV\u0103 rug\u0103m s\u0103 consulta\u021bi prospectul pentru a afla compozi\u021bia, constituen\u021bii analitici, data limit\u0103 de consum \u0219i num\u0103rul lotului.<br \/>\nLinia telefonic\u0103 pentru informa\u021bii +49 30 439703870<\/p>\n<p dir=\"ltr\"><strong>Autoritatea competent\u0103 de supraveghere veterinar\u0103 \u0219i alimentar\u0103:<\/strong><br \/>\nCabinet veterinar Steglitz<br \/>\nK\u00f6nigin-Luise-Str. 92<br \/>\n14195 Berlin<\/p>","protected":false},"excerpt":{"rendered":"<p>Setul este format din 34 de piese<\/p>","protected":false},"featured_media":10983,"comment_status":"open","ping_status":"closed","template":"","meta":{"_acf_changed":false,"content-type":"","_monsterinsights_skip_tracking":false,"_monsterinsights_sitenote_active":false,"_monsterinsights_sitenote_note":"","_monsterinsights_sitenote_category":0},"product_brand":[484],"product_cat":[355,73],"product_tag":[],"class_list":{"0":"post-10988","1":"product","2":"type-product","3":"status-publish","4":"has-post-thumbnail","6":"product_brand-antcube","7":"product_cat-bundle-offers","8":"product_cat-starter-sets","10":"first","11":"instock","12":"taxable","13":"shipping-taxable","14":"purchasable","15":"product-type-simple"},"acf":[],"aioseo_notices":[],"jetpack_sharing_enabled":true,"_links":{"self":[{"href":"https:\/\/antcube.shop\/ro\/wp-json\/wp\/v2\/product\/10988","targetHints":{"allow":["GET"]}}],"collection":[{"href":"https:\/\/antcube.shop\/ro\/wp-json\/wp\/v2\/product"}],"about":[{"href":"https:\/\/antcube.shop\/ro\/wp-json\/wp\/v2\/types\/product"}],"replies":[{"embeddable":true,"href":"https:\/\/antcube.shop\/ro\/wp-json\/wp\/v2\/comments?post=10988"}],"wp:featuredmedia":[{"embeddable":true,"href":"https:\/\/antcube.shop\/ro\/wp-json\/wp\/v2\/media\/10983"}],"wp:attachment":[{"href":"https:\/\/antcube.shop\/ro\/wp-json\/wp\/v2\/media?parent=10988"}],"wp:term":[{"taxonomy":"product_brand","embeddable":true,"href":"https:\/\/antcube.shop\/ro\/wp-json\/wp\/v2\/product_brand?post=10988"},{"taxonomy":"product_cat","embeddable":true,"href":"https:\/\/antcube.shop\/ro\/wp-json\/wp\/v2\/product_cat?post=10988"},{"taxonomy":"product_tag","embeddable":true,"href":"https:\/\/antcube.shop\/ro\/wp-json\/wp\/v2\/product_tag?post=10988"}],"curies":[{"name":"wp","href":"https:\/\/api.w.org\/{rel}","templated":true}]}}