{"id":721,"date":"2021-08-17T11:04:38","date_gmt":"2021-08-17T09:04:38","guid":{"rendered":"https:\/\/antcube.shop\/?page_id=721"},"modified":"2023-12-15T12:45:13","modified_gmt":"2023-12-15T11:45:13","slug":"furnica-finder","status":"publish","type":"page","link":"https:\/\/antcube.shop\/ro\/furnica-finder\/","title":{"rendered":"G\u0103se\u0219te-\u021bi specia de furnici"},"content":{"rendered":"<div id=\"gap-1282705986\" class=\"gap-element clearfix\" style=\"display:block; height:auto;\">\n\t\t\n<style>\n#gap-1282705986 {\n  padding-top: 195px;\n}\n@media (min-width:550px) {\n  #gap-1282705986 {\n    padding-top: 201px;\n  }\n}\n@media (min-width:850px) {\n  #gap-1282705986 {\n    padding-top: 175px;\n  }\n}\n<\/style>\n\t<\/div>\n\t\n\n\t<div id=\"text-922225881\" class=\"text\">\n\t\t\n\n<h1>ANTCUBE Ant Finder<\/h1>\n<h1>G\u0103se\u0219te regina sau colonia perfect\u0103 de furnici pe care s\u0103 o p\u0103strezi<\/h1>\n<p>Pentru a v\u0103 ajuta s\u0103 g\u0103si\u021bi specia de furnici perfect\u0103 pentru dumneavoastr\u0103, indiferent dac\u0103 sunte\u021bi \u00eencep\u0103tor, ave\u021bi deja ceva experien\u021b\u0103 sau sunte\u021bi deja expert \u00een cre\u0219terea furnicilor, am creat \"C\u0103ut\u0103torul de furnici\".<\/p>\n\t\t\n<style>\n#text-922225881 {\n  text-align: center;\n}\n<\/style>\n\t<\/div>\n\t\n\t<div id=\"gap-510270052\" class=\"gap-element clearfix\" style=\"display:block; height:auto;\">\n\t\t\n<style>\n#gap-510270052 {\n  padding-top: 30px;\n}\n<\/style>\n\t<\/div>\n\t\n\n\t<div id=\"text-2447596024\" class=\"text\">\n\t\t\n\n<p><strong>\u00centrebare: C\u00e2t de experimentat sunte\u021bi \u00een ceea ce prive\u0219te \u00eentre\u021binerea furnicilor?<\/strong><\/p>\n\t\t\n<style>\n#text-2447596024 {\n  font-size: 1.8rem;\n  text-align: center;\n}\n<\/style>\n\t<\/div>\n\t\n\t<div id=\"gap-1039611461\" class=\"gap-element clearfix\" style=\"display:block; height:auto;\">\n\t\t\n<style>\n#gap-1039611461 {\n  padding-top: 15px;\n}\n@media (min-width:550px) {\n  #gap-1039611461 {\n    padding-top: 50px;\n  }\n}\n<\/style>\n\t<\/div>\n\t\n\n<div class=\"row row-solid\"  id=\"row-121202303\">\n\n\n\t<div id=\"col-1180860876\" class=\"col medium-4 small-12 large-4\"  >\n\t\t\t\t<div class=\"col-inner\"  >\n\t\t\t\n\t\t\t\n\n\n  <div class=\"banner has-hover\" id=\"banner-1472623938\">\n          <div class=\"banner-inner fill\">\n        <div class=\"banner-bg fill\" >\n            <img loading=\"lazy\" decoding=\"async\" width=\"350\" height=\"350\" src=\"https:\/\/i0.wp.com\/antcube.shop\/wp-content\/uploads\/2021\/09\/green.jpg?fit=350%2C350&amp;ssl=1\" class=\"bg attachment-large size-large\" alt=\"\" \/>                                    \n                    <\/div>\n\t\t\n        <div class=\"banner-layers container\">\n            <a class=\"fill\" href=\"https:\/\/antcube.shop\/ant-finder\/beginner\/\"><div class=\"fill banner-link\"><\/div><\/a>            \n\n   <div id=\"text-box-1665089651\" class=\"text-box banner-layer x50 md-x50 lg-x50 y10 md-y10 lg-y10 res-text\">\n                                <div class=\"text-box-content text dark\">\n              \n              <div class=\"text-inner text-center\">\n                  \n\n\t<div id=\"text-2923583696\" class=\"text\">\n\t\t\n\n<h3 class=\"uppercase\"><strong>\u00cencep\u0103tor<\/strong><\/h3>\n\t\t\n<style>\n#text-2923583696 {\n  font-size: 1.05rem;\n  color: rgb(0,0,0);\n}\n#text-2923583696 > * {\n  color: rgb(0,0,0);\n}\n<\/style>\n\t<\/div>\n\t\n\n              <\/div>\n           <\/div>\n                            \n<style>\n#text-box-1665089651 {\n  width: 76%;\n}\n#text-box-1665089651 .text-box-content {\n  font-size: 100%;\n}\n<\/style>\n    <\/div>\n \n\n        <\/div>\n      <\/div>\n\n            \n<style>\n#banner-1472623938 {\n  padding-top: 75%;\n}\n#banner-1472623938 .banner-bg img {\n  object-position: 50% 100%;\n}\n<\/style>\n  <\/div>\n\n\n\n\t\t<\/div>\n\t\t\t\t\t<\/div>\n\n\t\n\n\t<div id=\"col-549549713\" class=\"col medium-4 small-12 large-4\"  >\n\t\t\t\t<div class=\"col-inner\"  >\n\t\t\t\n\t\t\t\n\n\n  <div class=\"banner has-hover\" id=\"banner-1207749921\">\n          <div class=\"banner-inner fill\">\n        <div class=\"banner-bg fill\" >\n            <img loading=\"lazy\" decoding=\"async\" width=\"350\" height=\"350\" src=\"https:\/\/i0.wp.com\/antcube.shop\/wp-content\/uploads\/2021\/09\/yellow.jpg?fit=350%2C350&amp;ssl=1\" class=\"bg attachment-large size-large\" alt=\"\" \/>                        <div class=\"overlay\"><\/div>            \n                    <\/div>\n\t\t\n        <div class=\"banner-layers container\">\n            <a class=\"fill\" href=\"https:\/\/antcube.shop\/ant-finder\/intermediate\/\"><div class=\"fill banner-link\"><\/div><\/a>            \n\n   <div id=\"text-box-1663505143\" class=\"text-box banner-layer x50 md-x50 lg-x50 y10 md-y10 lg-y10 res-text\">\n                                <div class=\"text-box-content text dark\">\n              \n              <div class=\"text-inner text-center\">\n                  \n\n\t<div id=\"text-3687679597\" class=\"text\">\n\t\t\n\n<h3 class=\"uppercase\"><strong>Intermediar<\/strong><\/h3>\n\t\t\n<style>\n#text-3687679597 {\n  font-size: 1.05rem;\n  color: rgb(0, 0, 0);\n}\n#text-3687679597 > * {\n  color: rgb(0, 0, 0);\n}\n<\/style>\n\t<\/div>\n\t\n\n              <\/div>\n           <\/div>\n                            \n<style>\n#text-box-1663505143 {\n  width: 100%;\n}\n#text-box-1663505143 .text-box-content {\n  font-size: 100%;\n}\n<\/style>\n    <\/div>\n \n\n        <\/div>\n      <\/div>\n\n            \n<style>\n#banner-1207749921 {\n  padding-top: 75%;\n}\n#banner-1207749921 .overlay {\n  background-color: rgba(0, 0, 0, 0);\n}\n#banner-1207749921 .banner-bg img {\n  object-position: 50% 100%;\n}\n<\/style>\n  <\/div>\n\n\n\n\t\t<\/div>\n\t\t\t\t\t<\/div>\n\n\t\n\n\t<div id=\"col-1792140476\" class=\"col medium-4 small-12 large-4\"  >\n\t\t\t\t<div class=\"col-inner\"  >\n\t\t\t\n\t\t\t\n\n\n  <div class=\"banner has-hover\" id=\"banner-1695827925\">\n          <div class=\"banner-inner fill\">\n        <div class=\"banner-bg fill\" >\n            <img loading=\"lazy\" decoding=\"async\" width=\"350\" height=\"350\" src=\"https:\/\/i0.wp.com\/antcube.shop\/wp-content\/uploads\/2021\/09\/red.jpg?fit=350%2C350&amp;ssl=1\" class=\"bg attachment-large size-large\" alt=\"\" \/>                                    \n                    <\/div>\n\t\t\n        <div class=\"banner-layers container\">\n            <a class=\"fill\" href=\"https:\/\/antcube.shop\/ant-finder\/expert\/\"><div class=\"fill banner-link\"><\/div><\/a>            \n\n   <div id=\"text-box-684575870\" class=\"text-box banner-layer x50 md-x50 lg-x50 y10 md-y10 lg-y10 res-text\">\n                                <div class=\"text-box-content text dark\">\n              \n              <div class=\"text-inner text-center\">\n                  \n\n\t<div id=\"text-3467965128\" class=\"text\">\n\t\t\n\n<h3 class=\"uppercase\"><strong>Expert<\/strong><\/h3>\n\t\t\n<style>\n#text-3467965128 {\n  font-size: 1.05rem;\n  color: rgb(0,0,0);\n}\n#text-3467965128 > * {\n  color: rgb(0,0,0);\n}\n<\/style>\n\t<\/div>\n\t\n\n              <\/div>\n           <\/div>\n                            \n<style>\n#text-box-684575870 {\n  width: 72%;\n}\n#text-box-684575870 .text-box-content {\n  font-size: 100%;\n}\n<\/style>\n    <\/div>\n \n\n        <\/div>\n      <\/div>\n\n            \n<style>\n#banner-1695827925 {\n  padding-top: 75%;\n}\n#banner-1695827925 .banner-bg img {\n  object-position: 50% 100%;\n}\n<\/style>\n  <\/div>\n\n\n\n\t\t<\/div>\n\t\t\t\t\t<\/div>\n\n\t\n\n<\/div>","protected":false},"excerpt":{"rendered":"","protected":false},"author":1,"featured_media":0,"parent":0,"menu_order":0,"comment_status":"closed","ping_status":"closed","template":"","meta":{"_acf_changed":false,"content-type":"","_monsterinsights_skip_tracking":false,"_monsterinsights_sitenote_active":false,"_monsterinsights_sitenote_note":"","_monsterinsights_sitenote_category":0,"footnotes":""},"class_list":["post-721","page","type-page","status-publish","hentry"],"acf":[],"aioseo_notices":[],"jetpack_sharing_enabled":true,"_links":{"self":[{"href":"https:\/\/antcube.shop\/ro\/wp-json\/wp\/v2\/pages\/721","targetHints":{"allow":["GET"]}}],"collection":[{"href":"https:\/\/antcube.shop\/ro\/wp-json\/wp\/v2\/pages"}],"about":[{"href":"https:\/\/antcube.shop\/ro\/wp-json\/wp\/v2\/types\/page"}],"author":[{"embeddable":true,"href":"https:\/\/antcube.shop\/ro\/wp-json\/wp\/v2\/users\/1"}],"replies":[{"embeddable":true,"href":"https:\/\/antcube.shop\/ro\/wp-json\/wp\/v2\/comments?post=721"}],"version-history":[{"count":10,"href":"https:\/\/antcube.shop\/ro\/wp-json\/wp\/v2\/pages\/721\/revisions"}],"predecessor-version":[{"id":6865,"href":"https:\/\/antcube.shop\/ro\/wp-json\/wp\/v2\/pages\/721\/revisions\/6865"}],"wp:attachment":[{"href":"https:\/\/antcube.shop\/ro\/wp-json\/wp\/v2\/media?parent=721"}],"curies":[{"name":"wp","href":"https:\/\/api.w.org\/{rel}","templated":true}]}}