{"id":700,"date":"2021-08-17T10:57:40","date_gmt":"2021-08-17T08:57:40","guid":{"rendered":"https:\/\/antcube.shop\/?page_id=700"},"modified":"2026-02-09T11:09:28","modified_gmt":"2026-02-09T10:09:28","slug":"furnici","status":"publish","type":"page","link":"https:\/\/antcube.shop\/ro\/furnici\/","title":{"rendered":"Despre \u00eentre\u021binerea furnicilor"},"content":{"rendered":"<div id=\"page-header-637794763\" class=\"page-header-wrapper\">\n  <div class=\"page-title dark featured-title\">\n\n        <div class=\"page-title-bg\">\n      <div class=\"title-bg fill bg-fill\"\n        data-parallax-container=\".page-title\"\n        data-parallax-background\n data-parallax=\"-\">\n      <\/div>\n      <div class=\"title-overlay fill\"><\/div>\n    <\/div>\n    \n    <div class=\"page-title-inner container align-center flex-row medium-flex-wrap\" >\n              <div class=\"title-wrapper flex-col text-left medium-text-center\">\n          <h1 class=\"entry-title mb-0\">\n            Despre \u00eentre\u021binerea furnicilor          <\/h1>\n        <\/div>\n                    <div class=\"title-content flex-col flex-right text-right medium-text-center\">\n        <div class=\"title-share pt-half pb-half\"><div class=\"social-icons share-icons share-row relative icon-style-outline\" ><a href=\"whatsapp:\/\/send?text=About%20ant%20keeping - https:\/\/antcube.shop\/ro\/furnici\/\" data-action=\"share\/whatsapp\/share\" class=\"icon button circle is-outline tooltip whatsapp show-for-medium\" title=\"Distribuie pe WhatsApp\" aria-label=\"Distribuie pe WhatsApp\"><i class=\"icon-whatsapp\" aria-hidden=\"true\"><\/i><\/a><a href=\"https:\/\/www.facebook.com\/sharer.php?u=https:\/\/antcube.shop\/ro\/furnici\/\" data-label=\"Facebook\" onclick=\"window.open(this.href,this.title,'width=500,height=500,top=300px,left=300px'); return false;\" target=\"_blank\" class=\"icon button circle is-outline tooltip facebook\" title=\"Distribuie pe Facebook\" aria-label=\"Distribuie pe Facebook\" rel=\"noopener nofollow\"><i class=\"icon-facebook\" aria-hidden=\"true\"><\/i><\/a><a href=\"https:\/\/twitter.com\/share?url=https:\/\/antcube.shop\/ro\/furnici\/\" onclick=\"window.open(this.href,this.title,'width=500,height=500,top=300px,left=300px'); return false;\" target=\"_blank\" class=\"icon button circle is-outline tooltip twitter\" title=\"Distribuie pe Twitter\" aria-label=\"Distribuie pe Twitter\" rel=\"noopener nofollow\"><i class=\"icon-twitter\" aria-hidden=\"true\"><\/i><\/a><a href=\"mailto:?subject=About%20ant%20keeping&body=Check%20this%20out%3A%20https%3A%2F%2Fantcube.shop%2Fro%2Ffurnici%2F\" class=\"icon button circle is-outline tooltip email\" title=\"Trimite\u021bi un e-mail unui prieten\" aria-label=\"Trimite\u021bi un e-mail unui prieten\" rel=\"nofollow\"><i class=\"icon-envelop\" aria-hidden=\"true\"><\/i><\/a><a href=\"https:\/\/pinterest.com\/pin\/create\/button?url=https:\/\/antcube.shop\/ro\/furnici\/&media&description=About%20ant%20keeping\" onclick=\"window.open(this.href,this.title,'width=500,height=500,top=300px,left=300px'); return false;\" target=\"_blank\" class=\"icon button circle is-outline tooltip pinterest\" title=\"Pin pe Pinterest\" aria-label=\"Pin pe Pinterest\" rel=\"noopener nofollow\"><i class=\"icon-pinterest\" aria-hidden=\"true\"><\/i><\/a><\/div><\/div>      <\/div>\n    <\/div>\n\n     \n<style>\n#page-header-637794763 .page-title-inner {\n  min-height: 500px;\n}\n#page-header-637794763 {\n  margin-bottom: 0px;\n}\n#page-header-637794763 .title-bg {\n  background-image: url(https:\/\/antcube.shop\/wp-content\/uploads\/2021\/08\/ant-5094995_1920.jpg);\n  background-position: 65% 56%;\n}\n#page-header-637794763 .title-overlay {\n  background-color: rgba(255, 255, 255, 0);\n}\n@media (min-width:550px) {\n  #page-header-637794763 .page-title-inner {\n    min-height: 500px;\n  }\n}\n<\/style>\n  <\/div>\n    <\/div>\n  \n\n\t<div id=\"gap-1576199116\" class=\"gap-element clearfix\" style=\"display:block; height:auto;\">\n\t\t\n<style>\n#gap-1576199116 {\n  padding-top: 15px;\n}\n<\/style>\n\t<\/div>\n\t\n\n<div class=\"row\"  id=\"row-740375930\">\n\n\n\t<div id=\"col-727930710\" class=\"col medium-6 small-12 large-6\"  >\n\t\t\t\t<div class=\"col-inner\"  >\n\t\t\t\n\t\t\t\n\n<h3>Ce este p\u0103strarea furnicilor?<\/h3>\n<p>\u00cengrijirea furnicilor este \u00eengrijirea \u0219i observarea furnicilor \u0219i a coloniilor de furnici. Cre\u0219terea furnicilor a devenit un hobby foarte popular \u00een ultimii ani. De\u0219i primul formicarium (terariu pentru furnici) cunoscut a fost deja prezentat la Expozi\u021bia Mondial\u0103 de la Paris \u00een jurul anului 1900, abia \u00een jurul anului 1956, \u00een cadrul \"Fermei de furnici a unchiului Milton\", primele formicarii au fost disponibile pentru v\u00e2nzare.<\/p>\n<p>De c\u00e2\u021biva ani \u00eencoace, exist\u0103 mul\u021bi furnizori diferi\u021bi de formicare, dintre care majoritatea sunt fabricate din plastic. \u00cen mod normal, un formicarium este format dintr-o ferm\u0103, care serve\u0219te ca zon\u0103 de cuib\u0103rit pentru animale \u0219i o aren\u0103, care este folosit\u0103 pentru hr\u0103nirea animalelor \u0219i ca zon\u0103 de exerci\u021bii.<\/p>\n\n\t\t<\/div>\n\t\t\t\t\t<\/div>\n\n\t\n\n\t<div id=\"col-204707307\" class=\"col medium-6 small-12 large-6\"  >\n\t\t\t\t<div class=\"col-inner\"  >\n\t\t\t\n\t\t\t\n\n\t<div class=\"img has-hover x md-x lg-x y md-y lg-y\" id=\"image_1855134660\">\n\t\t<a class=\"image-lightbox lightbox-gallery\" title=\"\" href=\"https:\/\/i0.wp.com\/antcube.shop\/wp-content\/uploads\/2021\/07\/Meranoplus-Bicolor-scaled.jpg?fit=900%2C600&#038;ssl=1\">\t\t\t\t\t\t<div class=\"img-inner image-zoom-long dark\" >\n\t\t\t<img data-recalc-dims=\"1\" loading=\"lazy\" decoding=\"async\" width=\"1020\" height=\"680\" src=\"https:\/\/i0.wp.com\/antcube.shop\/wp-content\/uploads\/2021\/07\/Meranoplus-Bicolor-scaled.jpg?resize=1020%2C680&#038;ssl=1\" class=\"attachment-original size-original\" alt=\"Specie de furnic\u0103 Meranoplus bicolor pe o frunz\u0103 de ferig\u0103 macro ANTCUBE ANTSTORE\" srcset=\"https:\/\/i0.wp.com\/antcube.shop\/wp-content\/uploads\/2021\/07\/Meranoplus-Bicolor-scaled.jpg?w=2560&amp;ssl=1 2560w, https:\/\/i0.wp.com\/antcube.shop\/wp-content\/uploads\/2021\/07\/Meranoplus-Bicolor-scaled.jpg?resize=510%2C340&amp;ssl=1 510w, https:\/\/i0.wp.com\/antcube.shop\/wp-content\/uploads\/2021\/07\/Meranoplus-Bicolor-scaled.jpg?resize=600%2C400&amp;ssl=1 600w, https:\/\/i0.wp.com\/antcube.shop\/wp-content\/uploads\/2021\/07\/Meranoplus-Bicolor-scaled.jpg?resize=1200%2C800&amp;ssl=1 1200w, https:\/\/i0.wp.com\/antcube.shop\/wp-content\/uploads\/2021\/07\/Meranoplus-Bicolor-scaled.jpg?resize=768%2C512&amp;ssl=1 768w, https:\/\/i0.wp.com\/antcube.shop\/wp-content\/uploads\/2021\/07\/Meranoplus-Bicolor-scaled.jpg?resize=1536%2C1024&amp;ssl=1 1536w, https:\/\/i0.wp.com\/antcube.shop\/wp-content\/uploads\/2021\/07\/Meranoplus-Bicolor-scaled.jpg?resize=2048%2C1365&amp;ssl=1 2048w\" sizes=\"auto, (max-width: 1020px) 100vw, 1020px\" \/>\t\t\t\t\t\t\n\t\t\t\t\t<\/div>\n\t\t\t\t\t\t<\/a>\t\t\n<style>\n#image_1855134660 {\n  width: 100%;\n}\n<\/style>\n\t<\/div>\n\t\n\n\t<div id=\"text-623919339\" class=\"text\">\n\t\t\n\n<p>Meranoplus bicolor<\/p>\n\t\t\n<style>\n#text-623919339 {\n  text-align: center;\n}\n<\/style>\n\t<\/div>\n\t\n\n\t\t<\/div>\n\t\t\t\t\t<\/div>\n\n\t\n\n<\/div>\n<div class=\"row\"  id=\"row-55502394\">\n\n\n\t<div id=\"col-2052132735\" class=\"col medium-6 small-12 large-6\"  >\n\t\t\t\t<div class=\"col-inner\"  >\n\t\t\t\n\t\t\t\n\n<h3>Care este fascina\u021bia care st\u0103 la baza cre\u0219terii furnicilor?<\/h3>\n<p>Furnicile sunt incredibil de fascinante. S\u0103 prive\u0219ti cum o singur\u0103 regin\u0103 \u00ee\u0219i cre\u0219te primele lucr\u0103toare pe parcursul mai multor ani \u0219i apoi s\u0103 vezi cum colonia ei cre\u0219te \u0219i ajunge la mii de membri de-a lungul anilor, printr-o cooperare \u0219i o utilizare perfect\u0103 a resurselor, este o experien\u021b\u0103 unic\u0103. Sunt animale extrem de sociale, iar unele specii formeaz\u0103 caste diferite, cum ar fi cele de lucr\u0103toare, solda\u021bi, fermieri sau chiar infirmiere. \u0218i ghici ce, toate sunt femele.<\/p>\n<p>Furnicile sunt incredibil de importante pentru mediul nostru \u00eenconjur\u0103tor. Nu numai c\u0103 sunt prezente \u00een fiecare ecosistem locuibil din lume, dar sunt mai specializate \u0219i mai versatile dec\u00e2t orice alt\u0103 specie. Furnicile sunt, de asemenea, asem\u0103n\u0103toare cu noi \u00een ceea ce prive\u0219te modul \u00een care tr\u0103iesc. Diviziunea muncii, convie\u021buirea \u00een colonii mari \u00eentr-un spa\u021biu restr\u00e2ns \u0219i utilizarea diferitelor niveluri ale lan\u021bului trofic \u00een toate ecosistemele le fac s\u0103 aib\u0103 at\u00e2t de mult succes, la fel ca noi, oamenii. Singura diferen\u021b\u0103 este c\u0103 noi nu suntem nici pe departe la fel de eficien\u021bi, iar furnicile exist\u0103 de peste 130 de milioane de ani, \u00een timp ce oamenii exist\u0103 doar de aproximativ 300.000 de ani.<\/p>\n<p>\u00a0<\/p>\n<p>Pentru a v\u0103 ajuta s\u0103 decide\u021bi ce specie de furnici dori\u021bi s\u0103 p\u0103stra\u021bi, pute\u021bi utiliza <a href=\"https:\/\/antcube.shop\/ant-finder\/\">&#8220;<strong>C\u0103ut\u0103tor de furnici<\/strong>&#8220;<\/a><\/p>\n\n\t\t<\/div>\n\t\t\t\t\t<\/div>\n\n\t\n\n\t<div id=\"col-816904303\" class=\"col medium-6 small-12 large-6\"  >\n\t\t\t\t<div class=\"col-inner\"  >\n\t\t\t\n\t\t\t\n\n\t<div class=\"img has-hover x md-x lg-x y md-y lg-y\" id=\"image_1483385952\">\n\t\t<a class=\"image-lightbox lightbox-gallery\" title=\"\" href=\"https:\/\/i0.wp.com\/antcube.shop\/wp-content\/uploads\/2021\/07\/Camponotus-micans-Startbild.jpg?fit=800%2C600&#038;ssl=1\">\t\t\t\t\t\t<div class=\"img-inner image-zoom-long dark\" >\n\t\t\t<img data-recalc-dims=\"1\" loading=\"lazy\" decoding=\"async\" width=\"1020\" height=\"765\" src=\"https:\/\/i0.wp.com\/antcube.shop\/wp-content\/uploads\/2021\/07\/Camponotus-micans-Startbild.jpg?resize=1020%2C765&#038;ssl=1\" class=\"attachment-original size-original\" alt=\"Camponotus micans regina furnic\u0103 cu puiet \u0219i lucr\u0103tori macro pe fundal alb\" srcset=\"https:\/\/i0.wp.com\/antcube.shop\/wp-content\/uploads\/2021\/07\/Camponotus-micans-Startbild.jpg?w=2048&amp;ssl=1 2048w, https:\/\/i0.wp.com\/antcube.shop\/wp-content\/uploads\/2021\/07\/Camponotus-micans-Startbild.jpg?resize=510%2C383&amp;ssl=1 510w, https:\/\/i0.wp.com\/antcube.shop\/wp-content\/uploads\/2021\/07\/Camponotus-micans-Startbild.jpg?resize=533%2C400&amp;ssl=1 533w, https:\/\/i0.wp.com\/antcube.shop\/wp-content\/uploads\/2021\/07\/Camponotus-micans-Startbild.jpg?resize=1067%2C800&amp;ssl=1 1067w, https:\/\/i0.wp.com\/antcube.shop\/wp-content\/uploads\/2021\/07\/Camponotus-micans-Startbild.jpg?resize=768%2C576&amp;ssl=1 768w, https:\/\/i0.wp.com\/antcube.shop\/wp-content\/uploads\/2021\/07\/Camponotus-micans-Startbild.jpg?resize=1536%2C1152&amp;ssl=1 1536w\" sizes=\"auto, (max-width: 1020px) 100vw, 1020px\" \/>\t\t\t\t\t\t\n\t\t\t\t\t<\/div>\n\t\t\t\t\t\t<\/a>\t\t\n<style>\n#image_1483385952 {\n  width: 100%;\n}\n<\/style>\n\t<\/div>\n\t\n\n\t<div id=\"text-660390890\" class=\"text\">\n\t\t\n\n<p>Camponotus micans<\/p>\n\t\t\n<style>\n#text-660390890 {\n  text-align: center;\n}\n<\/style>\n\t<\/div>\n\t\n\n\t\t<\/div>\n\t\t\t\t\t<\/div>\n\n\t\n\n<\/div>\n<div class=\"row\"  id=\"row-322288327\">\n\n\n\t<div id=\"col-1824664989\" class=\"col medium-6 small-12 large-6\"  >\n\t\t\t\t<div class=\"col-inner\"  >\n\t\t\t\n\t\t\t\n\n<h3>De ce fel de Formicarium am nevoie?<\/h3>\n<p>Deoarece furnicile se g\u0103sesc \u00een aproape toate ecosistemele diferite, nevoile lor de \u00eentre\u021binere sunt, de asemenea, diferite. Exist\u0103 furnici \u00een ora\u0219ele noastre, \u00een p\u0103duri, \u00een de\u0219erturi, \u00een mun\u021bi, \u00een regiunile tropicale \u0219i chiar \u00een mangrove \u0219i \u00een regiunile subarctice.<\/p>\n<p>La fel cum habitatele locuite sunt diferite, la fel sunt \u0219i tipurile de cuiburi. Cea mai frecvent\u0103 form\u0103 de cuib este cuibul la sol. Alte specii tr\u0103iesc, de exemplu, \u00een lemnul mort, \u00een cavit\u0103\u021bi din copaci \u0219i \u00eentre pietre, \u00een cuiburi de movili\u021b\u0103 sau \u00een a\u0219a-numitele plante de furnici. Alte tipuri de cuiburi mai pu\u021bin frecvente sunt cuiburile de bivuac ale furnicilor c\u0103ut\u0103toare, cuiburile de m\u0103tase ale furnicilor \u021bes\u0103toare sau cuiburile de carton ale lui Lasisus fuliginosus.<\/p>\n<p>Pentru a p\u0103stra furnicile cu succes, s-a dovedit c\u0103 trebuie s\u0103 imit\u0103m c\u00e2t mai mult posibil condi\u021biile naturale. Prin urmare, am experimentat de mult timp diferite materiale \u0219i combina\u021bii de zone de cuib \u0219i de aren\u0103 \u0219i am dezvoltat un set de pornire pentru toate speciile de furnici disponibile \u00een comer\u021b.<\/p>\n<p>\u00a0<\/p>\n<p>Pentru a g\u0103si setul de pornire cel mai potrivit pentru specia de furnici pe care dori\u021bi s\u0103 o cre\u0219te\u021bi, utiliza\u021bi de exemplu \"<strong><a href=\"https:\/\/antcube.shop\/formicarium-finder\/\">G\u0103sitor de seturi de pornire<\/a><\/strong>&#8221;\u00a0<\/p>\n\n\t\t<\/div>\n\t\t\t\t\t<\/div>\n\n\t\n\n\t<div id=\"col-1016837324\" class=\"col medium-6 small-12 large-6\"  >\n\t\t\t\t<div class=\"col-inner\"  >\n\t\t\t\n\t\t\t\n\n\t<div class=\"img has-hover x md-x lg-x y md-y lg-y\" id=\"image_1348561188\">\n\t\t\t\t\t\t<div data-animate=\"fadeInUp\">\t\t<div class=\"img-inner image-zoom-long dark\" >\n\t\t\t<img data-recalc-dims=\"1\" loading=\"lazy\" decoding=\"async\" width=\"1020\" height=\"1020\" src=\"https:\/\/i0.wp.com\/antcube.shop\/wp-content\/uploads\/2021\/07\/Starter-Set-Combi.jpg?resize=1020%2C1020&#038;ssl=1\" class=\"attachment-original size-original\" alt=\"ANTCUBE Starter Set Combi un start la pre\u021b redus \u00een cre\u0219terea furnicilor. Acest set include o aren\u0103 cu o zon\u0103 de cuiburi integrat\u0103 pentru colonia de furnici\" srcset=\"https:\/\/i0.wp.com\/antcube.shop\/wp-content\/uploads\/2021\/07\/Starter-Set-Combi.jpg?w=2000&amp;ssl=1 2000w, https:\/\/i0.wp.com\/antcube.shop\/wp-content\/uploads\/2021\/07\/Starter-Set-Combi.jpg?resize=247%2C247&amp;ssl=1 247w, https:\/\/i0.wp.com\/antcube.shop\/wp-content\/uploads\/2021\/07\/Starter-Set-Combi.jpg?resize=100%2C100&amp;ssl=1 100w, https:\/\/i0.wp.com\/antcube.shop\/wp-content\/uploads\/2021\/07\/Starter-Set-Combi.jpg?resize=510%2C510&amp;ssl=1 510w, https:\/\/i0.wp.com\/antcube.shop\/wp-content\/uploads\/2021\/07\/Starter-Set-Combi.jpg?resize=400%2C400&amp;ssl=1 400w, https:\/\/i0.wp.com\/antcube.shop\/wp-content\/uploads\/2021\/07\/Starter-Set-Combi.jpg?resize=800%2C800&amp;ssl=1 800w, https:\/\/i0.wp.com\/antcube.shop\/wp-content\/uploads\/2021\/07\/Starter-Set-Combi.jpg?resize=280%2C280&amp;ssl=1 280w, https:\/\/i0.wp.com\/antcube.shop\/wp-content\/uploads\/2021\/07\/Starter-Set-Combi.jpg?resize=768%2C768&amp;ssl=1 768w, https:\/\/i0.wp.com\/antcube.shop\/wp-content\/uploads\/2021\/07\/Starter-Set-Combi.jpg?resize=1536%2C1536&amp;ssl=1 1536w\" sizes=\"auto, (max-width: 1020px) 100vw, 1020px\" \/>\t\t\t\t\t\t\n\t\t\t\t\t<\/div>\n\t\t<\/div>\t\t\t\t\t\t\n<style>\n#image_1348561188 {\n  width: 100%;\n}\n<\/style>\n\t<\/div>\n\t\n\n\n\t\t<\/div>\n\t\t\t\t\t<\/div>\n\n\t\n\n<\/div>","protected":false},"excerpt":{"rendered":"","protected":false},"author":1,"featured_media":0,"parent":0,"menu_order":0,"comment_status":"closed","ping_status":"closed","template":"","meta":{"_acf_changed":false,"content-type":"","_monsterinsights_skip_tracking":false,"_monsterinsights_sitenote_active":false,"_monsterinsights_sitenote_note":"","_monsterinsights_sitenote_category":0,"footnotes":""},"class_list":["post-700","page","type-page","status-publish","hentry"],"acf":[],"aioseo_notices":[],"jetpack_sharing_enabled":true,"_links":{"self":[{"href":"https:\/\/antcube.shop\/ro\/wp-json\/wp\/v2\/pages\/700","targetHints":{"allow":["GET"]}}],"collection":[{"href":"https:\/\/antcube.shop\/ro\/wp-json\/wp\/v2\/pages"}],"about":[{"href":"https:\/\/antcube.shop\/ro\/wp-json\/wp\/v2\/types\/page"}],"author":[{"embeddable":true,"href":"https:\/\/antcube.shop\/ro\/wp-json\/wp\/v2\/users\/1"}],"replies":[{"embeddable":true,"href":"https:\/\/antcube.shop\/ro\/wp-json\/wp\/v2\/comments?post=700"}],"version-history":[{"count":10,"href":"https:\/\/antcube.shop\/ro\/wp-json\/wp\/v2\/pages\/700\/revisions"}],"predecessor-version":[{"id":7096,"href":"https:\/\/antcube.shop\/ro\/wp-json\/wp\/v2\/pages\/700\/revisions\/7096"}],"wp:attachment":[{"href":"https:\/\/antcube.shop\/ro\/wp-json\/wp\/v2\/media?parent=700"}],"curies":[{"name":"wp","href":"https:\/\/api.w.org\/{rel}","templated":true}]}}