{"id":645,"date":"2021-07-30T13:36:43","date_gmt":"2021-07-30T11:36:43","guid":{"rendered":"https:\/\/antcube.shop\/?page_id=645"},"modified":"2024-11-29T15:29:21","modified_gmt":"2024-11-29T14:29:21","slug":"reglarea-accesului","status":"publish","type":"page","link":"https:\/\/antcube.shop\/ro\/reglarea-accesului\/","title":{"rendered":"Regulamentul REACH"},"content":{"rendered":"<div id=\"gap-13235027\" class=\"gap-element clearfix\" style=\"display:block; height:auto;\">\n\t\t\n<style>\n#gap-13235027 {\n  padding-top: 198px;\n}\n@media (min-width:850px) {\n  #gap-13235027 {\n    padding-top: 190px;\n  }\n}\n<\/style>\n\t<\/div>\n\t\n\n<div class=\"row\"  id=\"row-1738147350\">\n\n\n\t<div id=\"col-470428712\" class=\"col small-12 large-12\"  >\n\t\t\t\t<div class=\"col-inner\"  >\n\t\t\t\n\t\t\t\n\n<h3><b>Conformitatea REACH a produselor noastre<\/b><\/h3>\n<ol>\n<li><b> statutul produselor noastre \u00een conformitate cu regulamentul REACH <\/b><b><br \/><\/b><span style=\"font-weight: 400;\">Produsele ANTSTORE sunt definite ca <\/span><b>articole <\/b><span style=\"font-weight: 400;\">\u00een conformitate cu regulamentul REACH.<\/span><\/li>\n<\/ol>\n<ul>\n<li style=\"font-weight: 400;\" aria-level=\"1\"><span style=\"font-weight: 400;\">Func\u021bia lor este determinat\u0103 \u00een principal de <\/span><b>forma, aspectul \u0219i suprafa\u021ba lor<\/b><span style=\"font-weight: 400;\">, nu prin compozi\u021bia lor chimic\u0103.<\/span><\/li>\n<li style=\"font-weight: 400;\" aria-level=\"1\"><b>Nu exist\u0103 nicio obliga\u021bie de \u00eenregistrare <\/b><span style=\"font-weight: 400;\">aceste produse \u00een temeiul Regulamentului REACH.<\/span><\/li>\n<\/ul>\n<ol start=\"2\">\n<li><b> Substan\u021be SVHC (substan\u021be care prezint\u0103 motive de \u00eengrijorare deosebit\u0103)<\/b><\/li>\n<\/ol>\n<ul>\n<li style=\"font-weight: 400;\" aria-level=\"1\"><span style=\"font-weight: 400;\">Produsele noastre <\/span><b>nu con\u021bin nicio substan\u021b\u0103 <\/b><span style=\"font-weight: 400;\">cu un con\u021binut mai mare de 0,1 % din mas\u0103, care sunt definite ca <\/span><b>SVHC <\/b><span style=\"font-weight: 400;\">(Substan\u021be care prezint\u0103 motive de \u00eengrijorare deosebit\u0103) \u00een conformitate cu articolul 57 din Regulamentul REACH \u0219i enumerate \u00een anexa XIV la regulament (a\u0219a-numita \"list\u0103 de substan\u021be candidate\").<\/span><\/li>\n<\/ul>\n<p><b>3 Rolul \u00een calitate de utilizator din aval <\/b><b><br \/><\/b><span style=\"font-weight: 400;\">\u00cen conformitate cu regulamentul REACH, compania noastr\u0103 este considerat\u0103 un <\/span><b>utilizator din aval<\/b><span style=\"font-weight: 400;\">.<\/span><\/p>\n<ul>\n<li style=\"font-weight: 400;\" aria-level=\"1\"><span style=\"font-weight: 400;\">Pentru toate substan\u021bele \u0219i preparatele utilizate \u00een procesul de fabrica\u021bie (de exemplu, adezivi, vopsele, lubrifian\u021bi):<\/span>\n<ul>\n<li style=\"font-weight: 400;\" aria-level=\"2\"><span style=\"font-weight: 400;\">Am primit confirm\u0103ri \u0219i declara\u021bii de la furnizorii no\u0219tri cu privire la utilizarea prev\u0103zut\u0103 \u0219i (actual\u0103) <\/span><b>pre\u00eenregistrare<\/b><span style=\"font-weight: 400;\">?<\/span><\/li>\n<li style=\"font-weight: 400;\" aria-level=\"2\"><span style=\"font-weight: 400;\">Suntem \u00een str\u00e2ns\u0103 leg\u0103tur\u0103 cu furnizorii no\u0219tri pentru a asigura conformitatea cu REACH.<\/span><\/li>\n<\/ul>\n<\/li>\n<li style=\"font-weight: 400;\" aria-level=\"1\"><span style=\"font-weight: 400;\">Nu folosim nicio substan\u021b\u0103 sau preparat pentru care compania noastr\u0103 ar avea nevoie de propria (pre)\u00eenregistrare.<\/span><\/li>\n<\/ul>\n<p><span style=\"font-weight: 400;\">Dac\u0103 ave\u021bi \u00eentreb\u0103ri suplimentare cu privire la conformitatea REACH a produselor noastre, v\u0103 rug\u0103m s\u0103 nu ezita\u021bi s\u0103 ne contacta\u021bi.<\/span><\/p>\n<p>\u00a0<\/p>\n<p>\u00a0<\/p>\n<p><a href=\"https:\/\/www.antstore.net\/shop\/images\/documents\/ant%20escape%20protection%20lacquer%20EN.pdf\" target=\"_blank\" rel=\"noopener\"><span style=\"font-family: verdana,arial,helvetica,sans-serif;\"><img data-recalc-dims=\"1\" decoding=\"async\" src=\"https:\/\/i0.wp.com\/www.antstore.net\/shop\/images\/pdf_logo.gif?w=1020&#038;ssl=1\" alt=\"\" border=\"0\" \/>\u00a0Fi\u0219a de date de securitate a materialelor pentru lac de protec\u021bie \u00eempotriva sc\u0103p\u0103rii furnicilor<\/span><\/a>\u00a0(englez\u0103) , (PDF 0,2 MB)<br \/><span style=\"color: #666666; font-family: arial,helvetica,sans-serif; font-size: xx-small;\">(con\u021binut: instruc\u021biuni de siguran\u021b\u0103)<\/span><\/p>\n<p><a href=\"https:\/\/www.antstore.net\/shop\/images\/documents\/ant_escape_protection_oil_en.pdf\" target=\"_blank\" rel=\"noopener\"><span style=\"font-family: verdana,arial,helvetica,sans-serif;\"><img data-recalc-dims=\"1\" decoding=\"async\" src=\"https:\/\/i0.wp.com\/www.antstore.net\/shop\/images\/pdf_logo.gif?w=1020&#038;ssl=1\" alt=\"\" border=\"0\" \/>\u00a0Fi\u0219a de date de securitate a materialelor pentru uleiul de protec\u021bie \u00eempotriva evad\u0103rii furnicilor<\/span><\/a>\u00a0(englez\u0103) , (PDF 0,1 MB)<br \/><span style=\"color: #666666; font-family: arial,helvetica,sans-serif; font-size: xx-small;\">(con\u021binut: instruc\u021biuni de siguran\u021b\u0103)<\/span>\u00a0<\/p>\n\n\t\t<\/div>\n\t\t\t\t\t<\/div>\n\n\t\n\n<\/div>","protected":false},"excerpt":{"rendered":"","protected":false},"author":1,"featured_media":0,"parent":0,"menu_order":0,"comment_status":"closed","ping_status":"closed","template":"","meta":{"_acf_changed":false,"content-type":"","_monsterinsights_skip_tracking":false,"_monsterinsights_sitenote_active":false,"_monsterinsights_sitenote_note":"","_monsterinsights_sitenote_category":0,"footnotes":""},"class_list":["post-645","page","type-page","status-publish","hentry"],"acf":[],"aioseo_notices":[],"jetpack_sharing_enabled":true,"_links":{"self":[{"href":"https:\/\/antcube.shop\/ro\/wp-json\/wp\/v2\/pages\/645","targetHints":{"allow":["GET"]}}],"collection":[{"href":"https:\/\/antcube.shop\/ro\/wp-json\/wp\/v2\/pages"}],"about":[{"href":"https:\/\/antcube.shop\/ro\/wp-json\/wp\/v2\/types\/page"}],"author":[{"embeddable":true,"href":"https:\/\/antcube.shop\/ro\/wp-json\/wp\/v2\/users\/1"}],"replies":[{"embeddable":true,"href":"https:\/\/antcube.shop\/ro\/wp-json\/wp\/v2\/comments?post=645"}],"version-history":[{"count":10,"href":"https:\/\/antcube.shop\/ro\/wp-json\/wp\/v2\/pages\/645\/revisions"}],"predecessor-version":[{"id":10640,"href":"https:\/\/antcube.shop\/ro\/wp-json\/wp\/v2\/pages\/645\/revisions\/10640"}],"wp:attachment":[{"href":"https:\/\/antcube.shop\/ro\/wp-json\/wp\/v2\/media?parent=645"}],"curies":[{"name":"wp","href":"https:\/\/api.w.org\/{rel}","templated":true}]}}